{"id":719068,"date":"2025-08-27T18:17:23","date_gmt":"2025-08-27T15:17:23","guid":{"rendered":"https:\/\/roveyayinevi.com.tr\/index.php\/urun\/iblisin-oyunu\/"},"modified":"2026-04-16T02:26:56","modified_gmt":"2026-04-15T23:26:56","slug":"iblisin-oyunu","status":"publish","type":"product","link":"https:\/\/roveyayinevi.com.tr\/index.php\/urun\/iblisin-oyunu\/","title":{"rendered":"\u0130blisin Oyunu"},"content":{"rendered":"<p>\u0130blisin Oyunu, romanlar\u0131yla tan\u0131d\u0131\u011f\u0131m\u0131z Joseph Kessel\u2019in, edebi kariyerinin ilk d\u00f6neminde yazd\u0131\u011f\u0131, 1926 ve 1928 y\u0131llar\u0131 aras\u0131nda yay\u0131mlanan ve art\u0131k ula\u015f\u0131lmas\u0131 m\u00fcmk\u00fcn olmayan k\u0131sa \u00f6yk\u00fclerini bir araya getiriyor. Yazar\u0131n Birinci D\u00fcnya Sava\u015f\u0131 ertesinde \u00e7\u0131kt\u0131\u011f\u0131 d\u00fcnya turundaki g\u00f6zlemlerinin ve tan\u0131kl\u0131klar\u0131n\u0131n yank\u0131lar\u0131n\u0131 i\u00e7eren bu \u00f6yk\u00fcler, okuru Somme Muharebesi\u2019nden Bol\u015fevik Devrimi sonras\u0131 Rusyas\u0131\u2019na, Kobe\u2019den Hawaii\u2019ye kadar geni\u015f ve kozmopolit bir evrene sokuyor. Ayn\u0131 zamanda trajik ve \u015fiddet dolu olan bu evren, dramatik yap\u0131lar\u0131 ve beklenmedik s\u00fcrprizli sonlar\u0131yla dikkat \u00e7eken \u00f6yk\u00fclerde \u00e7arp\u0131c\u0131 bi\u00e7imde betimleniyor. <\/p>\n","protected":false},"excerpt":{"rendered":"<p>\u0130blisin Oyunu, romanlar\u0131yla tan\u0131d\u0131\u011f\u0131m\u0131z Joseph Kessel\u2019in, edebi kariyerinin ilk d\u00f6neminde yazd\u0131\u011f\u0131, 1926 ve 1928 y\u0131llar\u0131 aras\u0131nda yay\u0131mlanan ve art\u0131k ula\u015f\u0131lmas\u0131 m\u00fcmk\u00fcn olmayan k\u0131sa \u00f6yk\u00fclerini bir araya<span class=\"excerpt-hellip\"> [\u2026]<\/span><\/p>\n","protected":false},"featured_media":0,"template":"","meta":{"_monsterinsights_skip_tracking":false,"_monsterinsights_sitenote_active":false,"_monsterinsights_sitenote_note":"","_monsterinsights_sitenote_category":0},"product_brand":[],"product_cat":[12291,12711],"product_tag":[],"class_list":{"0":"post-719068","1":"product","2":"type-product","3":"status-publish","5":"product_cat-edebiyat","6":"product_cat-roman-oyku","7":"pa_cilt-ciltsiz","8":"pa_tur-kitap","9":"pa_yayinevi-yapi-kredi-yayinlari","10":"pa_yazar-joseph-kessel","12":"first","13":"instock","14":"sale","15":"shipping-taxable","16":"purchasable","17":"product-type-simple"},"_links":{"self":[{"href":"https:\/\/roveyayinevi.com.tr\/index.php\/wp-json\/wp\/v2\/product\/719068","targetHints":{"allow":["GET"]}}],"collection":[{"href":"https:\/\/roveyayinevi.com.tr\/index.php\/wp-json\/wp\/v2\/product"}],"about":[{"href":"https:\/\/roveyayinevi.com.tr\/index.php\/wp-json\/wp\/v2\/types\/product"}],"wp:attachment":[{"href":"https:\/\/roveyayinevi.com.tr\/index.php\/wp-json\/wp\/v2\/media?parent=719068"}],"wp:term":[{"taxonomy":"product_brand","embeddable":true,"href":"https:\/\/roveyayinevi.com.tr\/index.php\/wp-json\/wp\/v2\/product_brand?post=719068"},{"taxonomy":"product_cat","embeddable":true,"href":"https:\/\/roveyayinevi.com.tr\/index.php\/wp-json\/wp\/v2\/product_cat?post=719068"},{"taxonomy":"product_tag","embeddable":true,"href":"https:\/\/roveyayinevi.com.tr\/index.php\/wp-json\/wp\/v2\/product_tag?post=719068"}],"curies":[{"name":"wp","href":"https:\/\/api.w.org\/{rel}","templated":true}]}}