{"id":719067,"date":"2025-08-27T18:17:22","date_gmt":"2025-08-27T15:17:22","guid":{"rendered":"https:\/\/roveyayinevi.com.tr\/index.php\/urun\/yildizlarin-ortusu-yoktur\/"},"modified":"2026-04-16T02:26:56","modified_gmt":"2026-04-15T23:26:56","slug":"yildizlarin-ortusu-yoktur","status":"publish","type":"product","link":"https:\/\/roveyayinevi.com.tr\/index.php\/urun\/yildizlarin-ortusu-yoktur\/","title":{"rendered":"Y\u0131ld\u0131zlar\u0131n \u00d6rt\u00fcs\u00fc Yoktur"},"content":{"rendered":"<p>&#8220;Hemen hemen hi\u00e7bir \u015fey insana yabanc\u0131 de\u011fildir.&#8221; Y\u0131ld\u0131zlar\u0131n \u00d6rt\u00fcs\u00fc Yoktur, Marcus Aurelius\u2019un \u015eadan Karadeniz taraf\u0131ndan T\u00fcrk\u00e7eye \u00e7evrilen D\u00fc\u015f\u00fcnceler eserinden Filiz \u00d6zdem\u2019in yay\u0131na haz\u0131rlad\u0131\u011f\u0131 bir \u201cse\u00e7meler\u201d kitab\u0131. \u0130S 121-180 y\u0131llar\u0131 aras\u0131nda ya\u015fayan ve \u201cfilozof imparator\u201d olarak an\u0131lan Roma imparatoru Aurelius, devleti her \u015feyin \u00fczerinde tutan Yunan anlay\u0131\u015f\u0131n\u0131n yerine akl\u0131, ahlak\u0131 ve hukuku koyarak y\u00f6netim anlay\u0131\u015f\u0131nda k\u00f6kten bir tav\u0131r farkl\u0131l\u0131\u011f\u0131 yaratm\u0131\u015ft\u0131r. Aurelius\u2019a g\u00f6re Tanr\u0131, \u00f6z, yasa, hakikat tektir, ortak us tektir, bu nedenle de b\u00fct\u00fcn insanlar e\u015fittir. Evrende her \u015fey birbirine ba\u011fl\u0131d\u0131r. Aurelius, \u0130lk\u00e7a\u011f filozofu Herakleitos\u2019un \u201cher \u015fey akar, de\u011fi\u015fir\u201d s\u00f6z\u00fcn\u00fcn etkisiyle, \u201cTek s\u00f6zc\u00fckle, bedenimize ait olan her \u015fey akan bir \u0131rmakt\u0131r, ruhumuza ait olan her \u015fey de salt d\u00fc\u015f ve yan\u0131lsamad\u0131r; ya\u015fam\u0131m\u0131z yabanc\u0131 bir \u00fclkede sava\u015f zaman\u0131 ve yolculuktur, \u00f6l\u00fcmden sonraki \u00fcn\u00fcm\u00fcz ise unutulu\u015ftur. Bize koruyacak ne kal\u0131yor geriye? Tek, biricik \u015fey, felsefe\u201d diyerek zaman\u0131n ge\u00e7ip gitti\u011fine, insan \u00f6mr\u00fcn\u00fcn k\u0131sal\u0131\u011f\u0131na ve gelge\u00e7li\u011fine s\u0131k s\u0131k vurgu yapm\u0131\u015ft\u0131r. \u00dcnler, namlar, sahip olunan her \u015fey de gelip ge\u00e7icidir; bu sebeple insan\u0131n erdemli ya\u015famas\u0131, hayat\u0131n\u0131 anlaml\u0131 k\u0131lan en \u00f6nemli \u00f6l\u00e7\u00fctt\u00fcr. Bu yan\u0131yla Aurelius\u2019un genelge\u00e7er, zamanlar\u00fcst\u00fc bir \u00f6z\u00fc olan d\u00fc\u015f\u00fcnceleri y\u00fczy\u0131llar boyunca b\u00fcy\u00fck ilgi g\u00f6rm\u00fc\u015ft\u00fcr. Ne de olsa vurgulad\u0131\u011f\u0131, insan\u0131n kendisini tan\u0131ma sanat\u0131d\u0131r. \u0130nsan\u0131n oldu\u011fu ve olmak istedi\u011fi \u00fczerine, felsefe ve do\u011fal g\u00fcd\u00fcler, teori ve pratik \u00fczerine bir bilgelik denemesidir. Madalyonun iki y\u00fcz\u00fcne birden bakma arzusudur. Y\u0131ld\u0131zlar\u0131n \u00d6rt\u00fcs\u00fc Yoktur, her ki\u015finin kendisini se\u00e7erken, kurarken ya\u015fad\u0131\u011f\u0131 gelgitlere tutulmu\u015f bir aynad\u0131r da\u2026 Bir melankoli ba\u015fyap\u0131t\u0131d\u0131r da ayn\u0131 zamanda. \u201cBa\u015fkalar\u0131n\u0131n ruhunda olup bitenlerin ayr\u0131m\u0131na varamad\u0131\u011f\u0131 i\u00e7in mutsuz olan bir insana rastlamak zordur; ama kendi ruhunun devinimlerinin ayr\u0131m\u0131na varmayan bir insan\u0131n mutsuz olmas\u0131 ka\u00e7\u0131n\u0131lmazd\u0131r.\u201d Kaderinden ka\u00e7mayan bir imparatorun, onu cesaret ve g\u00fc\u00e7l\u00fcl\u00fckle takip etmesi, insan olma yolculu\u011fu i\u00e7in \u00f6nemli bir \u00f6rnektir. <\/p>\n","protected":false},"excerpt":{"rendered":"<p>&#8220;Hemen hemen hi\u00e7bir \u015fey insana yabanc\u0131 de\u011fildir.&#8221; Y\u0131ld\u0131zlar\u0131n \u00d6rt\u00fcs\u00fc Yoktur, Marcus Aurelius\u2019un \u015eadan Karadeniz taraf\u0131ndan T\u00fcrk\u00e7eye \u00e7evrilen D\u00fc\u015f\u00fcnceler eserinden Filiz \u00d6zdem\u2019in yay\u0131na haz\u0131rlad\u0131\u011f\u0131 bir \u201cse\u00e7meler\u201d kitab\u0131.<span class=\"excerpt-hellip\"> [\u2026]<\/span><\/p>\n","protected":false},"featured_media":0,"template":"","meta":{"_monsterinsights_skip_tracking":false,"_monsterinsights_sitenote_active":false,"_monsterinsights_sitenote_note":"","_monsterinsights_sitenote_category":0},"product_brand":[],"product_cat":[12777,12291],"product_tag":[],"class_list":{"0":"post-719067","1":"product","2":"type-product","3":"status-publish","5":"product_cat-deneme","6":"product_cat-edebiyat","7":"pa_cilt-ciltsiz","8":"pa_tur-kitap","9":"pa_yayinevi-yapi-kredi-yayinlari","10":"pa_yazar-marcus-aurelius","12":"first","13":"instock","14":"sale","15":"shipping-taxable","16":"purchasable","17":"product-type-simple"},"_links":{"self":[{"href":"https:\/\/roveyayinevi.com.tr\/index.php\/wp-json\/wp\/v2\/product\/719067","targetHints":{"allow":["GET"]}}],"collection":[{"href":"https:\/\/roveyayinevi.com.tr\/index.php\/wp-json\/wp\/v2\/product"}],"about":[{"href":"https:\/\/roveyayinevi.com.tr\/index.php\/wp-json\/wp\/v2\/types\/product"}],"wp:attachment":[{"href":"https:\/\/roveyayinevi.com.tr\/index.php\/wp-json\/wp\/v2\/media?parent=719067"}],"wp:term":[{"taxonomy":"product_brand","embeddable":true,"href":"https:\/\/roveyayinevi.com.tr\/index.php\/wp-json\/wp\/v2\/product_brand?post=719067"},{"taxonomy":"product_cat","embeddable":true,"href":"https:\/\/roveyayinevi.com.tr\/index.php\/wp-json\/wp\/v2\/product_cat?post=719067"},{"taxonomy":"product_tag","embeddable":true,"href":"https:\/\/roveyayinevi.com.tr\/index.php\/wp-json\/wp\/v2\/product_tag?post=719067"}],"curies":[{"name":"wp","href":"https:\/\/api.w.org\/{rel}","templated":true}]}}