{"id":719062,"date":"2025-08-27T18:17:18","date_gmt":"2025-08-27T15:17:18","guid":{"rendered":"https:\/\/roveyayinevi.com.tr\/index.php\/urun\/bulusmalar\/"},"modified":"2026-04-16T02:26:55","modified_gmt":"2026-04-15T23:26:55","slug":"bulusmalar","status":"publish","type":"product","link":"https:\/\/roveyayinevi.com.tr\/index.php\/urun\/bulusmalar\/","title":{"rendered":"Bulu\u015fmalar"},"content":{"rendered":"<p>Bu kitapta yerli yabanc\u0131, (yazar\u0131n \u201cyak\u0131n dostlar\u0131m\u201d dedi\u011fi) yarat\u0131c\u0131lar, sanat\u00e7\u0131lar bulu\u015fuvermi\u015fler.   Camus\u2019den Beckett\u2019e; Rembrandt\u2019tan Dubuffet\u2019ye; Sait Faik\u2019ten Mehmet G\u00fcns\u00fcr\u2019e, Bedri Rahmi\u2019den Y\u00fcksel Arslan\u2019a uzanan yolculuk duraklar\u0131.   <\/p>\n","protected":false},"excerpt":{"rendered":"<p>Bu kitapta yerli yabanc\u0131, (yazar\u0131n \u201cyak\u0131n dostlar\u0131m\u201d dedi\u011fi) yarat\u0131c\u0131lar, sanat\u00e7\u0131lar bulu\u015fuvermi\u015fler. Camus\u2019den Beckett\u2019e; Rembrandt\u2019tan Dubuffet\u2019ye; Sait Faik\u2019ten Mehmet G\u00fcns\u00fcr\u2019e, Bedri Rahmi\u2019den Y\u00fcksel Arslan\u2019a uzanan yolculuk duraklar\u0131.<\/p>\n","protected":false},"featured_media":0,"template":"","meta":{"_monsterinsights_skip_tracking":false,"_monsterinsights_sitenote_active":false,"_monsterinsights_sitenote_note":"","_monsterinsights_sitenote_category":0},"product_brand":[],"product_cat":[12777,12291],"product_tag":[],"class_list":{"0":"post-719062","1":"product","2":"type-product","3":"status-publish","5":"product_cat-deneme","6":"product_cat-edebiyat","7":"pa_cilt-ciltsiz","8":"pa_tur-kitap","9":"pa_yayinevi-alfa-yayinlari","10":"pa_yazar-ferid-edgu","12":"first","13":"instock","14":"sale","15":"shipping-taxable","16":"purchasable","17":"product-type-simple"},"_links":{"self":[{"href":"https:\/\/roveyayinevi.com.tr\/index.php\/wp-json\/wp\/v2\/product\/719062","targetHints":{"allow":["GET"]}}],"collection":[{"href":"https:\/\/roveyayinevi.com.tr\/index.php\/wp-json\/wp\/v2\/product"}],"about":[{"href":"https:\/\/roveyayinevi.com.tr\/index.php\/wp-json\/wp\/v2\/types\/product"}],"wp:attachment":[{"href":"https:\/\/roveyayinevi.com.tr\/index.php\/wp-json\/wp\/v2\/media?parent=719062"}],"wp:term":[{"taxonomy":"product_brand","embeddable":true,"href":"https:\/\/roveyayinevi.com.tr\/index.php\/wp-json\/wp\/v2\/product_brand?post=719062"},{"taxonomy":"product_cat","embeddable":true,"href":"https:\/\/roveyayinevi.com.tr\/index.php\/wp-json\/wp\/v2\/product_cat?post=719062"},{"taxonomy":"product_tag","embeddable":true,"href":"https:\/\/roveyayinevi.com.tr\/index.php\/wp-json\/wp\/v2\/product_tag?post=719062"}],"curies":[{"name":"wp","href":"https:\/\/api.w.org\/{rel}","templated":true}]}}