{"id":719061,"date":"2025-08-27T18:17:17","date_gmt":"2025-08-27T15:17:17","guid":{"rendered":"https:\/\/roveyayinevi.com.tr\/index.php\/urun\/yumurta-nasil-kirilir\/"},"modified":"2026-04-16T02:26:55","modified_gmt":"2026-04-15T23:26:55","slug":"yumurta-nasil-kirilir","status":"publish","type":"product","link":"https:\/\/roveyayinevi.com.tr\/index.php\/urun\/yumurta-nasil-kirilir\/","title":{"rendered":"Yumurta Nas\u0131l K\u0131r\u0131l\u0131r"},"content":{"rendered":"<p>Mutfak konusunda uzman\u0131ndan g\u00fcl\u00fcmseten farkl\u0131 bir kitap&#8230; Bir Japon prensesi g\u00fcnl\u00fc\u011f\u00fcne \u015funlar\u0131 yazm\u0131\u015f: \u201cD\u00fcnyan\u0131n \u00fc\u00e7 temel zevki vard\u0131r: Yemek, a\u015fk ve sanat. E\u011fer bunlar\u0131n tad\u0131n\u0131 yeterince \u00e7\u0131karabilirseniz, mutlu bir hayat\u0131n\u0131z olmu\u015f demektir.\u201d\u0130\u015fte bu nedenle, Yumurta Nas\u0131l K\u0131r\u0131l\u0131r?, \u00e7e\u015fitli bahaneler uydurarak mutfaktan ka\u00e7mak isteyenlere mutfa\u011f\u0131 sevdirmek istiyor. Yani ya\u015fam\u0131n\u0131za bir nebze mutluluk katmak niyetinde.Bunu yaparken yararl\u0131 bilgiler veriyor, ilgin\u00e7 an\u0131lar anlat\u0131yor, ukalal\u0131klar yap\u0131yor, bildik yemeklerin lezzetli re\u00e7etelerini sunuyor. Kuru fasulyenin, pilav\u0131n pe\u015fine d\u00fc\u015f\u00fcyor, \u0130stanbul\u2019u bir d\u00f6nem yak\u0131p, k\u00fcl eden sebzeyi if\u015fa ediyor, etle b\u00f6re\u011fin a\u015fk\u0131ndan do\u011fan lezzeti g\u00f6zler \u00f6n\u00fcne seriyor. Hatta daha da ileri gidip, padi\u015fah\u0131n lahana i\u00e7in yazd\u0131\u011f\u0131 \u015fiiri g\u00fcn y\u00fcz\u00fcne \u00e7\u0131kar\u0131yor!Yumurta Nas\u0131l K\u0131r\u0131l\u0131r? g\u00fcl\u00fcmseten, \u00f6\u011freten, bilgi veren, ya\u015fama k\u00fc\u00e7\u00fck keyifler katan bir kitap.<\/p>\n","protected":false},"excerpt":{"rendered":"<p>Mutfak konusunda uzman\u0131ndan g\u00fcl\u00fcmseten farkl\u0131 bir kitap&#8230; Bir Japon prensesi g\u00fcnl\u00fc\u011f\u00fcne \u015funlar\u0131 yazm\u0131\u015f: \u201cD\u00fcnyan\u0131n \u00fc\u00e7 temel zevki vard\u0131r: Yemek, a\u015fk ve sanat. E\u011fer bunlar\u0131n tad\u0131n\u0131 yeterince<span class=\"excerpt-hellip\"> [\u2026]<\/span><\/p>\n","protected":false},"featured_media":0,"template":"","meta":{"_monsterinsights_skip_tracking":false,"_monsterinsights_sitenote_active":false,"_monsterinsights_sitenote_note":"","_monsterinsights_sitenote_category":0},"product_brand":[],"product_cat":[12458,12457],"product_tag":[],"class_list":{"0":"post-719061","1":"product","2":"type-product","3":"status-publish","5":"product_cat-turk-mutfagi","6":"product_cat-yemek-kitaplari","7":"pa_cilt-ciltsiz","8":"pa_tur-kitap","9":"pa_yayinevi-remzi-kitabevi","10":"pa_yazar-kolektif","12":"first","13":"instock","14":"sale","15":"shipping-taxable","16":"purchasable","17":"product-type-simple"},"_links":{"self":[{"href":"https:\/\/roveyayinevi.com.tr\/index.php\/wp-json\/wp\/v2\/product\/719061","targetHints":{"allow":["GET"]}}],"collection":[{"href":"https:\/\/roveyayinevi.com.tr\/index.php\/wp-json\/wp\/v2\/product"}],"about":[{"href":"https:\/\/roveyayinevi.com.tr\/index.php\/wp-json\/wp\/v2\/types\/product"}],"wp:attachment":[{"href":"https:\/\/roveyayinevi.com.tr\/index.php\/wp-json\/wp\/v2\/media?parent=719061"}],"wp:term":[{"taxonomy":"product_brand","embeddable":true,"href":"https:\/\/roveyayinevi.com.tr\/index.php\/wp-json\/wp\/v2\/product_brand?post=719061"},{"taxonomy":"product_cat","embeddable":true,"href":"https:\/\/roveyayinevi.com.tr\/index.php\/wp-json\/wp\/v2\/product_cat?post=719061"},{"taxonomy":"product_tag","embeddable":true,"href":"https:\/\/roveyayinevi.com.tr\/index.php\/wp-json\/wp\/v2\/product_tag?post=719061"}],"curies":[{"name":"wp","href":"https:\/\/api.w.org\/{rel}","templated":true}]}}