{"id":719058,"date":"2025-08-27T18:17:14","date_gmt":"2025-08-27T15:17:14","guid":{"rendered":"https:\/\/roveyayinevi.com.tr\/index.php\/urun\/kisa-cizgiye-kisa-diyebilenlerin-hikayesi\/"},"modified":"2026-04-16T02:26:55","modified_gmt":"2026-04-15T23:26:55","slug":"kisa-cizgiye-kisa-diyebilenlerin-hikayesi","status":"publish","type":"product","link":"https:\/\/roveyayinevi.com.tr\/index.php\/urun\/kisa-cizgiye-kisa-diyebilenlerin-hikayesi\/","title":{"rendered":"K\u0131sa \u00c7izgiye K\u0131sa Diyebilenlerin Hikayesi"},"content":{"rendered":"<p>\u00c7aresizli\u011fin \u0131s\u0131r\u0131lmas\u0131 diyorum ben ona. K\u0131sa c\u00fcmlelere yani. Size \u015fimdi bir s\u00f6z sanat\u0131 gibi gelebilir ama zaten esasl\u0131 i\u015ftir sanat. \u00c7aresizli\u011fi \u0131s\u0131rd\u0131\u011f\u0131nda di\u015flerinde kalan kendi etinin par\u00e7alar\u0131 \u00f6\u011fretir sana k\u0131sa \u00e7izginin hangisi oldu\u011funu. K\u0131sa \u00c7izgiye K\u0131sa Diyebilenlerin Hik\u00e2yesi bazen mucizelere inanan, bazen onlara s\u0131rt \u00e7eviren; k\u00fc\u00e7\u00fck bir olay kar\u015f\u0131s\u0131nda b\u00fcy\u00fclenen ama b\u00fcy\u00fck olaylar\u0131 g\u00f6remeyen insanlar\u0131n aras\u0131ndan \u00e7\u0131km\u0131\u015f, hayat\u0131n her par\u00e7as\u0131 kendisi i\u00e7in esin kayna\u011f\u0131 olan bir yazar\u0131n ilk kitab\u0131. On dokuz \u00f6yk\u00fcden olu\u015fan bu kitapta yazar, kalabal\u0131klar\u0131n ne dedi\u011fini \u00f6nemsemeden hakikati s\u00f6yleyenleri anlat\u0131yor. Kavga etmenin mecburiyetini yahut ka\u00e7man\u0131n \u015fart oldu\u011funu da&#8230; Delirmekle ayd\u0131nlanman\u0131n yak\u0131nl\u0131\u011f\u0131n\u0131\u2026 \u0130nsan\u0131n karanl\u0131k i\u00e7 d\u00fcnyas\u0131n\u0131 biraz da\u2026 <\/p>\n","protected":false},"excerpt":{"rendered":"<p>\u00c7aresizli\u011fin \u0131s\u0131r\u0131lmas\u0131 diyorum ben ona. K\u0131sa c\u00fcmlelere yani. Size \u015fimdi bir s\u00f6z sanat\u0131 gibi gelebilir ama zaten esasl\u0131 i\u015ftir sanat. \u00c7aresizli\u011fi \u0131s\u0131rd\u0131\u011f\u0131nda di\u015flerinde kalan kendi etinin<span class=\"excerpt-hellip\"> [\u2026]<\/span><\/p>\n","protected":false},"featured_media":0,"template":"","meta":{"_monsterinsights_skip_tracking":false,"_monsterinsights_sitenote_active":false,"_monsterinsights_sitenote_note":"","_monsterinsights_sitenote_category":0},"product_brand":[],"product_cat":[12291,12711],"product_tag":[],"class_list":{"0":"post-719058","1":"product","2":"type-product","3":"status-publish","5":"product_cat-edebiyat","6":"product_cat-roman-oyku","7":"pa_cilt-ciltsiz","8":"pa_tur-kitap","9":"pa_yayinevi-profil-kitap","10":"pa_yazar-huseyin-kural","12":"first","13":"instock","14":"sale","15":"shipping-taxable","16":"purchasable","17":"product-type-simple"},"_links":{"self":[{"href":"https:\/\/roveyayinevi.com.tr\/index.php\/wp-json\/wp\/v2\/product\/719058","targetHints":{"allow":["GET"]}}],"collection":[{"href":"https:\/\/roveyayinevi.com.tr\/index.php\/wp-json\/wp\/v2\/product"}],"about":[{"href":"https:\/\/roveyayinevi.com.tr\/index.php\/wp-json\/wp\/v2\/types\/product"}],"wp:attachment":[{"href":"https:\/\/roveyayinevi.com.tr\/index.php\/wp-json\/wp\/v2\/media?parent=719058"}],"wp:term":[{"taxonomy":"product_brand","embeddable":true,"href":"https:\/\/roveyayinevi.com.tr\/index.php\/wp-json\/wp\/v2\/product_brand?post=719058"},{"taxonomy":"product_cat","embeddable":true,"href":"https:\/\/roveyayinevi.com.tr\/index.php\/wp-json\/wp\/v2\/product_cat?post=719058"},{"taxonomy":"product_tag","embeddable":true,"href":"https:\/\/roveyayinevi.com.tr\/index.php\/wp-json\/wp\/v2\/product_tag?post=719058"}],"curies":[{"name":"wp","href":"https:\/\/api.w.org\/{rel}","templated":true}]}}