{"id":719050,"date":"2025-08-27T18:17:08","date_gmt":"2025-08-27T15:17:08","guid":{"rendered":"https:\/\/roveyayinevi.com.tr\/index.php\/urun\/isyan-gunlerinde-istanbul\/"},"modified":"2026-04-16T02:26:55","modified_gmt":"2026-04-15T23:26:55","slug":"isyan-gunlerinde-istanbul","status":"publish","type":"product","link":"https:\/\/roveyayinevi.com.tr\/index.php\/urun\/isyan-gunlerinde-istanbul\/","title":{"rendered":"\u0130syan G\u00fcnlerinde \u0130stanbul"},"content":{"rendered":"<p>\u201cSultan&#8217;\u0131n ya\u015famas\u0131 J\u00f6n T\u00fcrklerin \u00f6l\u00fcm\u00fc demekti. Ya birinin ya da di\u011ferinin tarih sahnesini terk etmesi gerekiyordu ve J\u00f6n T\u00fcrkler bu kez i\u015flerini \u015fansa b\u0131rakmayacaklard\u0131.\u201dSir W.M. Ramsay31 Mart \u0130syan\u0131, modern T\u00fcrkiye tarihinin en \u00f6nemli k\u0131r\u0131lma noktalar\u0131ndan birini te\u015fkil eder. 33 y\u0131l iktidarda bulunan Sultan 2. Abd\u00fclhamid tahttan indirilir. Bu isyan\u0131n bast\u0131r\u0131lmas\u0131 ile birlikte art\u0131k Osmanl\u0131 y\u00f6netiminde bir daha eski usullere geri d\u00f6n\u00fclemeyece\u011fi ve \u0130ttihat ve Terakki Cemiyeti&#8217;nin g\u00fcc\u00fc ortaya konulmu\u015f oldu.Tam da o isyan g\u00fcnlerinde Anadolu&#8217;da arkeolojik ara\u015ft\u0131rmalar yapmak i\u00e7in yola \u00e7\u0131kan arkeolog Sir W.M. Ramsay, e\u015fi ve k\u0131z\u0131 ile birlikte bir anda kendilerini imparatorlu\u011fun ba\u015fkentinde tehlikeli bir iktidar oyununun ortas\u0131nda buluverir. Ramsay ailesi, bu 17 g\u00fcnl\u00fck maceralar\u0131 boyunca \u0130stanbul&#8217;un pek \u00e7ok farkl\u0131 yerini ziyaret edip pek \u00e7ok farkl\u0131 ki\u015filerle g\u00f6r\u00fc\u015fme imk\u00e2n\u0131 bulur. Bu ziyaretlerinden ve g\u00f6r\u00fc\u015fmelerinden edindikleri bilgileri g\u00fcn\u00fc g\u00fcn\u00fcne kaydederler. Sir Ramsay daha sonra bu notlar\u0131 bir araya getirerek modern T\u00fcrk tarihi i\u00e7in paha bi\u00e7ilemez bir kaynak eser ortaya koyar. M\u00fcmk\u00fcn oldu\u011funca 31 Mart \u0130syan\u0131 hakk\u0131nda farkl\u0131 bak\u0131\u015f a\u00e7\u0131s\u0131na sahip ki\u015filerin izlenimlerini de eserinde yans\u0131tmaya \u00e7al\u0131\u015fan Sir Ramsay, isyan g\u00fcnlerinde \u0130stanbul&#8217;un ayr\u0131nt\u0131l\u0131 bir foto\u011fraf\u0131n\u0131 \u00e7ekerek o \u00e7alkant\u0131l\u0131 zamanlar\u0131 bu g\u00fcnlere ta\u015f\u0131r.31 Mart \u0130syan\u0131\u2019ndan sonra Osmanl\u0131 topraklar\u0131nda hi\u00e7bir \u015fey eskisi gibi olmayacakt\u0131&#8230;<\/p>\n","protected":false},"excerpt":{"rendered":"<p>\u201cSultan&#8217;\u0131n ya\u015famas\u0131 J\u00f6n T\u00fcrklerin \u00f6l\u00fcm\u00fc demekti. Ya birinin ya da di\u011ferinin tarih sahnesini terk etmesi gerekiyordu ve J\u00f6n T\u00fcrkler bu kez i\u015flerini \u015fansa b\u0131rakmayacaklard\u0131.\u201dSir W.M. Ramsay31<span class=\"excerpt-hellip\"> [\u2026]<\/span><\/p>\n","protected":false},"featured_media":0,"template":"","meta":{"_monsterinsights_skip_tracking":false,"_monsterinsights_sitenote_active":false,"_monsterinsights_sitenote_note":"","_monsterinsights_sitenote_category":0},"product_brand":[],"product_cat":[12370,12304],"product_tag":[],"class_list":{"0":"post-719050","1":"product","2":"type-product","3":"status-publish","5":"product_cat-arastirma-inceleme","6":"product_cat-tarih","7":"pa_cilt-ciltsiz","8":"pa_tur-kitap","9":"pa_yayinevi-timas-yayinlari","10":"pa_yazar-sir-v-m-ramsay","12":"first","13":"instock","14":"sale","15":"shipping-taxable","16":"purchasable","17":"product-type-simple"},"_links":{"self":[{"href":"https:\/\/roveyayinevi.com.tr\/index.php\/wp-json\/wp\/v2\/product\/719050","targetHints":{"allow":["GET"]}}],"collection":[{"href":"https:\/\/roveyayinevi.com.tr\/index.php\/wp-json\/wp\/v2\/product"}],"about":[{"href":"https:\/\/roveyayinevi.com.tr\/index.php\/wp-json\/wp\/v2\/types\/product"}],"wp:attachment":[{"href":"https:\/\/roveyayinevi.com.tr\/index.php\/wp-json\/wp\/v2\/media?parent=719050"}],"wp:term":[{"taxonomy":"product_brand","embeddable":true,"href":"https:\/\/roveyayinevi.com.tr\/index.php\/wp-json\/wp\/v2\/product_brand?post=719050"},{"taxonomy":"product_cat","embeddable":true,"href":"https:\/\/roveyayinevi.com.tr\/index.php\/wp-json\/wp\/v2\/product_cat?post=719050"},{"taxonomy":"product_tag","embeddable":true,"href":"https:\/\/roveyayinevi.com.tr\/index.php\/wp-json\/wp\/v2\/product_tag?post=719050"}],"curies":[{"name":"wp","href":"https:\/\/api.w.org\/{rel}","templated":true}]}}