{"id":719044,"date":"2025-08-27T18:17:03","date_gmt":"2025-08-27T15:17:03","guid":{"rendered":"https:\/\/roveyayinevi.com.tr\/index.php\/urun\/askin-on-kanunu\/"},"modified":"2026-04-16T02:26:55","modified_gmt":"2026-04-15T23:26:55","slug":"askin-on-kanunu","status":"publish","type":"product","link":"https:\/\/roveyayinevi.com.tr\/index.php\/urun\/askin-on-kanunu\/","title":{"rendered":"A\u015fk\u0131n On Kanunu"},"content":{"rendered":"<p>A\u015fk m\u0131 Aile mi? AnnabelWinslow zor durumdayd\u0131. Londra\u2019daki ilk sezonundayd\u0131 ve fazlas\u0131yla g\u00f6ze \u00e7arpan bir g\u00f6r\u00fcn\u00fcme sahipti ama ne yaz\u0131k ki kaba ve ya\u015fl\u0131 Newbury Kontu a\u00e7\u0131k\u00e7a ona kur yap\u0131yordu. Tabii ki Annabel onunla evlenmek istemiyordu ancak babas\u0131 yak\u0131nlarda \u00f6lm\u00fc\u015ft\u00fc ve yedi karde\u015fiyle annesi be\u015f kuru\u015fsuz ortada kalm\u0131\u015ft\u0131.Sonra kat\u0131ld\u0131\u011f\u0131 bir partide Annabel, Newbury Kontu\u2019nun ye\u011feni SebastianGrey\u2019le tan\u0131\u015ft\u0131. Art\u0131k ona hem ya\u015fl\u0131 Newbury Kontu hem de yak\u0131\u015f\u0131kl\u0131 ye\u011feni kur yap\u0131yordu. Annabel kalbini dinleyip sevdi\u011fi ki\u015fiyle mi evlenecekti yoksa karde\u015flerini ve ailesini kurtarmak i\u00e7in i\u011fren\u00e7 kontla m\u0131? \u201cEnfes.\u201d Nora Roberts \u201cG\u00fcn\u00fcm\u00fcz\u00fcn JaneAusten\u2019\u0131.\u201d JillBarnett <\/p>\n","protected":false},"excerpt":{"rendered":"<p>A\u015fk m\u0131 Aile mi? AnnabelWinslow zor durumdayd\u0131. Londra\u2019daki ilk sezonundayd\u0131 ve fazlas\u0131yla g\u00f6ze \u00e7arpan bir g\u00f6r\u00fcn\u00fcme sahipti ama ne yaz\u0131k ki kaba ve ya\u015fl\u0131 Newbury Kontu<span class=\"excerpt-hellip\"> [\u2026]<\/span><\/p>\n","protected":false},"featured_media":0,"template":"","meta":{"_monsterinsights_skip_tracking":false,"_monsterinsights_sitenote_active":false,"_monsterinsights_sitenote_note":"","_monsterinsights_sitenote_category":0},"product_brand":[],"product_cat":[14643,12291],"product_tag":[],"class_list":{"0":"post-719044","1":"product","2":"type-product","3":"status-publish","5":"product_cat-ask","6":"product_cat-edebiyat","7":"pa_cilt-ciltsiz","8":"pa_tur-kitap","9":"pa_yayinevi-epsilon-yayinlari","10":"pa_yazar-julia-quinn","12":"first","13":"instock","14":"sale","15":"shipping-taxable","16":"purchasable","17":"product-type-simple"},"_links":{"self":[{"href":"https:\/\/roveyayinevi.com.tr\/index.php\/wp-json\/wp\/v2\/product\/719044","targetHints":{"allow":["GET"]}}],"collection":[{"href":"https:\/\/roveyayinevi.com.tr\/index.php\/wp-json\/wp\/v2\/product"}],"about":[{"href":"https:\/\/roveyayinevi.com.tr\/index.php\/wp-json\/wp\/v2\/types\/product"}],"wp:attachment":[{"href":"https:\/\/roveyayinevi.com.tr\/index.php\/wp-json\/wp\/v2\/media?parent=719044"}],"wp:term":[{"taxonomy":"product_brand","embeddable":true,"href":"https:\/\/roveyayinevi.com.tr\/index.php\/wp-json\/wp\/v2\/product_brand?post=719044"},{"taxonomy":"product_cat","embeddable":true,"href":"https:\/\/roveyayinevi.com.tr\/index.php\/wp-json\/wp\/v2\/product_cat?post=719044"},{"taxonomy":"product_tag","embeddable":true,"href":"https:\/\/roveyayinevi.com.tr\/index.php\/wp-json\/wp\/v2\/product_tag?post=719044"}],"curies":[{"name":"wp","href":"https:\/\/api.w.org\/{rel}","templated":true}]}}