{"id":719043,"date":"2025-08-27T18:17:03","date_gmt":"2025-08-27T15:17:03","guid":{"rendered":"https:\/\/roveyayinevi.com.tr\/index.php\/urun\/kan-cicekleri\/"},"modified":"2026-04-16T02:26:55","modified_gmt":"2026-04-15T23:26:55","slug":"kan-cicekleri","status":"publish","type":"product","link":"https:\/\/roveyayinevi.com.tr\/index.php\/urun\/kan-cicekleri\/","title":{"rendered":"Kan \u00c7i\u00e7ekleri"},"content":{"rendered":"<p>Kenya\u2019da kavurucu s\u0131cak ve kurakl\u0131\u011fa terk edilmi\u015f yoksul, geri kalm\u0131\u015f bir k\u00f6y: Ilmorog. Masumiyetin ve unutulmu\u015flu\u011fun simgesi Ilmorog&#8230; Ve Ilmorog\u2019u kendilerine yurt edinmek \u00fczere gelen d\u00f6rt yabanc\u0131: Abdulla, Wanja, Munira ve Karega. Herkes gibi onlar\u0131n da bir hik\u00e2yesi var. Onlar kendi hik\u00e2yelerini, ger\u00e7ekle\u015fmemi\u015f hayallerini, yar\u0131m kalm\u0131\u015f d\u00fc\u015flerini, en \u00e7ok da kendilerini geride b\u0131rak\u0131p yeni bir ba\u015flang\u0131\u00e7 yapmak istiyorlar. Binbir g\u00fc\u00e7l\u00fck ve m\u00fccadeleyle s\u00f6m\u00fcrgecili\u011fi topraklar\u0131ndan defetmi\u015f ve ba\u011f\u0131ms\u0131zl\u0131\u011f\u0131n\u0131 kazanm\u0131\u015f bir Afrika \u00fclkesinin, Kenya\u2019n\u0131n \u201ctutunamayanlar\u0131\u201d onlar&#8230; Ilmorog ise hem bir s\u0131\u011f\u0131nak hem de bir son durak&#8230;Ancak el de\u011fmemi\u015f hi\u00e7bir \u015fey b\u0131rakmamaya ant i\u00e7mi\u015f kapitalizmin, bu sakl\u0131 cenneti ke\u015ffetmesi de uzun s\u00fcrmeyecektir. Nitekim, sahne h\u0131zla de\u011fi\u015fir. Safl\u0131\u011f\u0131n ve kendi kaderine terk edilmi\u015fli\u011fin sembol\u00fc eski Ilmorog gitmi\u015f, yerine, kapitalizmin a\u00e7g\u00f6zl\u00fcce ya\u011fmalad\u0131\u011f\u0131, masumiyetini yitirmi\u015f yeni bir Ilmorog gelmi\u015ftir. Yeni Ilmorog\u2019da her \u015fey m\u00fcmk\u00fcnd\u00fcr. Cinayet de&#8230; <\/p>\n","protected":false},"excerpt":{"rendered":"<p>Kenya\u2019da kavurucu s\u0131cak ve kurakl\u0131\u011fa terk edilmi\u015f yoksul, geri kalm\u0131\u015f bir k\u00f6y: Ilmorog. Masumiyetin ve unutulmu\u015flu\u011fun simgesi Ilmorog&#8230; Ve Ilmorog\u2019u kendilerine yurt edinmek \u00fczere gelen d\u00f6rt<span class=\"excerpt-hellip\"> [\u2026]<\/span><\/p>\n","protected":false},"featured_media":0,"template":"","meta":{"_monsterinsights_skip_tracking":false,"_monsterinsights_sitenote_active":false,"_monsterinsights_sitenote_note":"","_monsterinsights_sitenote_category":0},"product_brand":[],"product_cat":[12291,12711],"product_tag":[],"class_list":{"0":"post-719043","1":"product","2":"type-product","3":"status-publish","5":"product_cat-edebiyat","6":"product_cat-roman-oyku","7":"pa_cilt-ciltsiz","8":"pa_tur-kitap","9":"pa_yayinevi-ayrinti-yayinlari","10":"pa_yazar-ngugiwa-thiongo","12":"first","13":"instock","14":"sale","15":"shipping-taxable","16":"purchasable","17":"product-type-simple"},"_links":{"self":[{"href":"https:\/\/roveyayinevi.com.tr\/index.php\/wp-json\/wp\/v2\/product\/719043","targetHints":{"allow":["GET"]}}],"collection":[{"href":"https:\/\/roveyayinevi.com.tr\/index.php\/wp-json\/wp\/v2\/product"}],"about":[{"href":"https:\/\/roveyayinevi.com.tr\/index.php\/wp-json\/wp\/v2\/types\/product"}],"wp:attachment":[{"href":"https:\/\/roveyayinevi.com.tr\/index.php\/wp-json\/wp\/v2\/media?parent=719043"}],"wp:term":[{"taxonomy":"product_brand","embeddable":true,"href":"https:\/\/roveyayinevi.com.tr\/index.php\/wp-json\/wp\/v2\/product_brand?post=719043"},{"taxonomy":"product_cat","embeddable":true,"href":"https:\/\/roveyayinevi.com.tr\/index.php\/wp-json\/wp\/v2\/product_cat?post=719043"},{"taxonomy":"product_tag","embeddable":true,"href":"https:\/\/roveyayinevi.com.tr\/index.php\/wp-json\/wp\/v2\/product_tag?post=719043"}],"curies":[{"name":"wp","href":"https:\/\/api.w.org\/{rel}","templated":true}]}}