{"id":719042,"date":"2025-08-27T18:17:02","date_gmt":"2025-08-27T15:17:02","guid":{"rendered":"https:\/\/roveyayinevi.com.tr\/index.php\/urun\/eksi-uc-evcil-hayvan-istiyor\/"},"modified":"2026-04-16T02:26:55","modified_gmt":"2026-04-15T23:26:55","slug":"eksi-uc-evcil-hayvan-istiyor","status":"publish","type":"product","link":"https:\/\/roveyayinevi.com.tr\/index.php\/urun\/eksi-uc-evcil-hayvan-istiyor\/","title":{"rendered":"Eksi \u00dc\u00e7 &#8211; Evcil Hayvan \u0130stiyor"},"content":{"rendered":"<p>K\u00fc\u00e7\u00fck Dinozor Eksi bir evcil hayvan edinmek ister. Minicik bir ku\u015f ya da ufak tefek bir brontozor olabilir. Hatta onu mini minnac\u0131k bir ilkel bal\u0131k bile mutlu edebilir. Ama ailesi onun bir evcil hayvan\u0131n bak\u0131m\u0131n\u0131 \u00fcstlenebilece\u011finden emin de\u011fildir. Eksi \u00dc\u00e7, bu konuda kendini kan\u0131tlamaya ve onlar\u0131 ikna etmeye karar verir. Hemen bir ilan haz\u0131rlar ve her yere asar. \u201cEvcil hayvanlar\u0131n\u0131za bak\u0131l\u0131r!\u201d Eksi \u00dc\u00e7, ertesi g\u00fcn kap\u0131s\u0131nda kuyruk olan hayvan sahiplerini memnun edecek mi dersin? Eninde sonunda Eksi \u00dc\u00e7 bir evcil hayvan edinir. Ad\u0131 da Lusi! Daha ilk kar\u015f\u0131la\u015fmalar\u0131nda d\u00fcnya \u00fczerindeki en yak\u0131n iki arkada\u015f olurlar. Sen de Eksi \u00dc\u00e7\u2019\u00fcn yak\u0131n arkada\u015flar\u0131ndan biri olmaya haz\u0131r m\u0131s\u0131n? <\/p>\n","protected":false},"excerpt":{"rendered":"<p>K\u00fc\u00e7\u00fck Dinozor Eksi bir evcil hayvan edinmek ister. Minicik bir ku\u015f ya da ufak tefek bir brontozor olabilir. Hatta onu mini minnac\u0131k bir ilkel bal\u0131k bile<span class=\"excerpt-hellip\"> [\u2026]<\/span><\/p>\n","protected":false},"featured_media":0,"template":"","meta":{"_monsterinsights_skip_tracking":false,"_monsterinsights_sitenote_active":false,"_monsterinsights_sitenote_note":"","_monsterinsights_sitenote_category":0},"product_brand":[],"product_cat":[12274,12284],"product_tag":[],"class_list":{"0":"post-719042","1":"product","2":"type-product","3":"status-publish","5":"product_cat-cocuk-ve-genclik-kitaplari","6":"product_cat-hikayeler","7":"pa_cilt-ciltsiz","8":"pa_tur-kitap","9":"pa_yayinevi-dinozor-cocuk","10":"pa_yazar-ute-krause","12":"first","13":"instock","14":"sale","15":"shipping-taxable","16":"purchasable","17":"product-type-simple"},"_links":{"self":[{"href":"https:\/\/roveyayinevi.com.tr\/index.php\/wp-json\/wp\/v2\/product\/719042","targetHints":{"allow":["GET"]}}],"collection":[{"href":"https:\/\/roveyayinevi.com.tr\/index.php\/wp-json\/wp\/v2\/product"}],"about":[{"href":"https:\/\/roveyayinevi.com.tr\/index.php\/wp-json\/wp\/v2\/types\/product"}],"wp:attachment":[{"href":"https:\/\/roveyayinevi.com.tr\/index.php\/wp-json\/wp\/v2\/media?parent=719042"}],"wp:term":[{"taxonomy":"product_brand","embeddable":true,"href":"https:\/\/roveyayinevi.com.tr\/index.php\/wp-json\/wp\/v2\/product_brand?post=719042"},{"taxonomy":"product_cat","embeddable":true,"href":"https:\/\/roveyayinevi.com.tr\/index.php\/wp-json\/wp\/v2\/product_cat?post=719042"},{"taxonomy":"product_tag","embeddable":true,"href":"https:\/\/roveyayinevi.com.tr\/index.php\/wp-json\/wp\/v2\/product_tag?post=719042"}],"curies":[{"name":"wp","href":"https:\/\/api.w.org\/{rel}","templated":true}]}}