{"id":719039,"date":"2025-08-27T18:17:00","date_gmt":"2025-08-27T15:17:00","guid":{"rendered":"https:\/\/roveyayinevi.com.tr\/index.php\/urun\/heideggerin-nietzschesi\/"},"modified":"2026-04-16T02:26:55","modified_gmt":"2026-04-15T23:26:55","slug":"heideggerin-nietzschesi","status":"publish","type":"product","link":"https:\/\/roveyayinevi.com.tr\/index.php\/urun\/heideggerin-nietzschesi\/","title":{"rendered":"Heidegger&#8217;in Nietzschesi"},"content":{"rendered":"<p>Heidegger\u2019in Nietzsche okumas\u0131, ge\u00e7en y\u00fczy\u0131l\u0131n en derinlikli ve bir o kadar da muammalar i\u00e7eren kar\u015f\u0131la\u015fmalar\u0131ndan biridir. Bu kar\u015f\u0131la\u015fma vesilesiyle Heidegger, hem Bat\u0131 metafizi\u011finin son halkas\u0131na cevap vererek onun ula\u015ft\u0131\u011f\u0131 s\u0131n\u0131r\u0131 g\u00f6sterir hem de Avrupa nihilizminin y\u0131k\u0131c\u0131 etkilerini ortaya koyan Nietzsche\u2019nin kayg\u0131s\u0131n\u0131 y\u00fcklenerek ona belirli bir mesafeden de olsa e\u015flik eder. Bu uzakl\u0131k ve yak\u0131nl\u0131k gerilimi Heidegger\u2019in Nietzsche okumas\u0131n\u0131 derinle\u015ftirdi\u011fi gibi, bir o kadar da kendi d\u00fc\u015f\u00fcnme dairesinin i\u00e7ine hapseder. Nietzsche, Heidegger\u2019i alt\u00fcst eden bir filozof ve ayn\u0131 zamanda nas\u0131l d\u00fc\u015f\u00fcnebilece\u011fimizi, d\u00fc\u015f\u00fcnmenin ne demek oldu\u011funu \u00f6\u011freten bir \u00f6\u011fretmen olarak g\u00f6r\u00fcr. Heidegger nezdinde Nietzsche Bat\u0131 d\u00fc\u015f\u00fcnce gelene\u011fine s\u0131k\u0131\u015fm\u0131\u015fl\u0131\u011f\u0131 ile uzak durulmas\u0131 gereken bir metafizik\u00e7i olarak yer edinse de, son kertede a\u015f\u0131lmas\u0131 gereken bir da\u011fd\u0131r. Bu y\u00fczden Heidegger, Nietzsche\u2019nin da\u011f\u0131n\u0131n zirvesine \u00e7\u0131kmak i\u00e7in de\u011fil, kendi sarp kayal\u0131klar\u0131na yol almak i\u00e7in k\u00f6kensel olarak Nietzscheci bir yol izlemi\u015ftir. Heidegger\u2019in Nietzsche okumas\u0131, dar anlamda bir \u201cyorumlama\u201ddan ziyade, bir hesapla\u015fmad\u0131r, iki zirveyi birbirinden ay\u0131ran bir k\u00f6rfezin kar\u015f\u0131 yakas\u0131ndaki \u201cm\u00fcnzevi ruhlu\u201d dostla yap\u0131lan bir diyalog veya tart\u0131\u015fmad\u0131r. Heidegger, kendi yolunu t\u0131kayan Bat\u0131 metafizi\u011finin u\u00e7urumunun yan\u0131ndan ge\u00e7ip gitmek i\u00e7in bir\u00e7ok a\u00e7\u0131dan bu Nietzscheci yolu kullanm\u0131\u015fsa da, sonunda ad\u0131mlar\u0131n\u0131 ba\u015fka bir noktaya \u00e7evirdi\u011fini iddia eder. Ancak ger\u00e7ekten de d\u00fc\u015f\u00fcnce i\u00e7in yeni bir yol \u00e7izebilmi\u015f midir? Felsefe tarihinin \u00f6nemli kar\u015f\u0131la\u015fmalar\u0131ndan birine odaklanan bu kitap, Heidegger\u2019in Nietzsche\u2019yi kendi d\u00fc\u015f\u00fcncesine yerle\u015ftirmesini ya da sevkini ortaya koyuyor. Bu noktada Heidegger\u2019in Nietzsche temell\u00fc\u011f\u00fc sanattan siyasete, etikten tarihe kadar pek \u00e7ok d\u00fc\u015f\u00fcnsel patika i\u00e7erisinde kendi d\u00fc\u015f\u00fcncesinin ge\u00e7irdi\u011fi d\u00f6n\u00fc\u015f\u00fcmleri de anlamam\u0131z i\u00e7in bir f\u0131rsat sunuyor. <\/p>\n","protected":false},"excerpt":{"rendered":"<p>Heidegger\u2019in Nietzsche okumas\u0131, ge\u00e7en y\u00fczy\u0131l\u0131n en derinlikli ve bir o kadar da muammalar i\u00e7eren kar\u015f\u0131la\u015fmalar\u0131ndan biridir. Bu kar\u015f\u0131la\u015fma vesilesiyle Heidegger, hem Bat\u0131 metafizi\u011finin son halkas\u0131na cevap<span class=\"excerpt-hellip\"> [\u2026]<\/span><\/p>\n","protected":false},"featured_media":0,"template":"","meta":{"_monsterinsights_skip_tracking":false,"_monsterinsights_sitenote_active":false,"_monsterinsights_sitenote_note":"","_monsterinsights_sitenote_category":0},"product_brand":[],"product_cat":[12388,26788],"product_tag":[],"class_list":{"0":"post-719039","1":"product","2":"type-product","3":"status-publish","5":"product_cat-felsefe","6":"product_cat-filozoflar","7":"pa_cilt-ciltsiz","8":"pa_tur-kitap","9":"pa_yayinevi-ayrinti-yayinlari","10":"pa_yazar-kolektif","12":"first","13":"instock","14":"sale","15":"shipping-taxable","16":"purchasable","17":"product-type-simple"},"_links":{"self":[{"href":"https:\/\/roveyayinevi.com.tr\/index.php\/wp-json\/wp\/v2\/product\/719039","targetHints":{"allow":["GET"]}}],"collection":[{"href":"https:\/\/roveyayinevi.com.tr\/index.php\/wp-json\/wp\/v2\/product"}],"about":[{"href":"https:\/\/roveyayinevi.com.tr\/index.php\/wp-json\/wp\/v2\/types\/product"}],"wp:attachment":[{"href":"https:\/\/roveyayinevi.com.tr\/index.php\/wp-json\/wp\/v2\/media?parent=719039"}],"wp:term":[{"taxonomy":"product_brand","embeddable":true,"href":"https:\/\/roveyayinevi.com.tr\/index.php\/wp-json\/wp\/v2\/product_brand?post=719039"},{"taxonomy":"product_cat","embeddable":true,"href":"https:\/\/roveyayinevi.com.tr\/index.php\/wp-json\/wp\/v2\/product_cat?post=719039"},{"taxonomy":"product_tag","embeddable":true,"href":"https:\/\/roveyayinevi.com.tr\/index.php\/wp-json\/wp\/v2\/product_tag?post=719039"}],"curies":[{"name":"wp","href":"https:\/\/api.w.org\/{rel}","templated":true}]}}