{"id":719036,"date":"2025-08-27T18:16:57","date_gmt":"2025-08-27T15:16:57","guid":{"rendered":"https:\/\/roveyayinevi.com.tr\/index.php\/urun\/demokrasi-seferberligi1989-ile-2011-yillarinin-karsilastirmasi\/"},"modified":"2026-04-16T02:26:55","modified_gmt":"2026-04-15T23:26:55","slug":"demokrasi-seferberligi1989-ile-2011-yillarinin-karsilastirmasi","status":"publish","type":"product","link":"https:\/\/roveyayinevi.com.tr\/index.php\/urun\/demokrasi-seferberligi1989-ile-2011-yillarinin-karsilastirmasi\/","title":{"rendered":"Demokrasi Seferberli\u011fi:1989 ile 2011 Y\u0131llar\u0131n\u0131n Kar\u015f\u0131la\u015ft\u0131rmas\u0131"},"content":{"rendered":"<p>Garip bir \u015fekilde, Kuzey Afrika\u2019da en son demokrasi protestosu dalgas\u0131n\u0131 g\u00f6stermek i\u00e7in kullan\u0131lan g\u00f6rseller kitlesel protestoyu yans\u0131t\u0131rken, toplumsal hareketler \u00fczerine yap\u0131lan ara\u015ft\u0131rmalar ve demokratikle\u015fme nadiren birbirleriyle etkile\u015fime girmi\u015ftir. Bu kitap bu bo\u015flu\u011fu, toplumsal hareket ara\u015ft\u0131rmalar\u0131 objektifinden demokratikle\u015fme s\u00fcre\u00e7lerine bakarak doldurmay\u0131 ama\u00e7lamaktad\u0131r. Yazar, demokratikle\u015fmenin her zaman tabandan \u00fcretildi\u011fini varsaymadan, kitlelerin se\u00e7kinlerle etkile\u015fime girme bi\u00e7imleri ve m\u00fczakere merkezli protesto bi\u00e7imlerini inceleyerek demokratikle\u015fmenin farkl\u0131 yollar\u0131n\u0131 belirler: Olayl\u0131 demokratikle\u015fme, kat\u0131l\u0131mc\u0131 anla\u015fmalar ve sorunlu demokratikle\u015fme. Odaklan\u0131lan ana konu yollar\u0131n birincisidir: Olayl\u0131 demokratikle\u015fme; otoriter rejimlerin genellikle k\u0131sa ama yo\u011fun protesto dalgalar\u0131 sonras\u0131nda par\u00e7aland\u0131\u011f\u0131 vakalar. Bu inceleme, baz\u0131 d\u00f6n\u00fc\u015ft\u00fcr\u00fcc\u00fc olaylar\u0131n \u00f6zel g\u00fcc\u00fcn\u00fc kabul ederek, onlar\u0131 etraflar\u0131n\u0131 saran \u00e7ok say\u0131da daha az g\u00f6r\u00fcnen, ancak yine de \u00f6nemli protestolar da d\u00e2hil olmak \u00fczere daha geni\u015f seferberlik s\u00fcre\u00e7lerinin i\u00e7erisine yerle\u015ftirir. Bili\u015fsel, duygulan\u0131msal ve ili\u015fkisel mekanizmalar muhaliflerin hareket etti\u011fi ba\u011flamlar\u0131n d\u00f6n\u00fc\u015ft\u00fcr\u00fcc\u00fcleri olarak belirlenmi\u015ftir. \u00dc\u00e7 yolun hepsinde, kaynaklar\u0131n seferberli\u011fi, \u00e7er\u00e7eveleme s\u00fcre\u00e7leri ve f\u0131rsatlar\u0131n kullan\u0131m\u0131 farkl\u0131 kombinasyonlarda eylem i\u00e7inde geli\u015fecektir. 1989\u2019da Orta ve Do\u011fu Avrupa\u2019da ve 2011\u2019de Ortado\u011fu ve Kuzey Afrika\u2019da ger\u00e7ekle\u015fen iki demokrasi protestosu dalgas\u0131n\u0131n kapsam\u0131nda farkl\u0131 vakalar\u0131n kar\u015f\u0131la\u015ft\u0131r\u0131lmas\u0131, yazar\u0131n demokrasi seferberliklerinde ortaya \u00e7\u0131kan nedensel mekanizmalar ve ko\u015fullara ili\u015fkin kuramlar \u00fcretmesini m\u00fcmk\u00fcn k\u0131lm\u0131\u015ft\u0131r. <\/p>\n","protected":false},"excerpt":{"rendered":"<p>Garip bir \u015fekilde, Kuzey Afrika\u2019da en son demokrasi protestosu dalgas\u0131n\u0131 g\u00f6stermek i\u00e7in kullan\u0131lan g\u00f6rseller kitlesel protestoyu yans\u0131t\u0131rken, toplumsal hareketler \u00fczerine yap\u0131lan ara\u015ft\u0131rmalar ve demokratikle\u015fme nadiren birbirleriyle<span class=\"excerpt-hellip\"> [\u2026]<\/span><\/p>\n","protected":false},"featured_media":0,"template":"","meta":{"_monsterinsights_skip_tracking":false,"_monsterinsights_sitenote_active":false,"_monsterinsights_sitenote_note":"","_monsterinsights_sitenote_category":0},"product_brand":[],"product_cat":[13590,12337],"product_tag":[],"class_list":{"0":"post-719036","1":"product","2":"type-product","3":"status-publish","5":"product_cat-arastirma-inceleme-politika-siyaset","6":"product_cat-politika-siyaset","7":"pa_cilt-ciltsiz","8":"pa_tur-kitap","9":"pa_yayinevi-kafka-yayinevi","10":"pa_yazar-donatelladella-porta","12":"first","13":"instock","14":"sale","15":"shipping-taxable","16":"purchasable","17":"product-type-simple"},"_links":{"self":[{"href":"https:\/\/roveyayinevi.com.tr\/index.php\/wp-json\/wp\/v2\/product\/719036","targetHints":{"allow":["GET"]}}],"collection":[{"href":"https:\/\/roveyayinevi.com.tr\/index.php\/wp-json\/wp\/v2\/product"}],"about":[{"href":"https:\/\/roveyayinevi.com.tr\/index.php\/wp-json\/wp\/v2\/types\/product"}],"wp:attachment":[{"href":"https:\/\/roveyayinevi.com.tr\/index.php\/wp-json\/wp\/v2\/media?parent=719036"}],"wp:term":[{"taxonomy":"product_brand","embeddable":true,"href":"https:\/\/roveyayinevi.com.tr\/index.php\/wp-json\/wp\/v2\/product_brand?post=719036"},{"taxonomy":"product_cat","embeddable":true,"href":"https:\/\/roveyayinevi.com.tr\/index.php\/wp-json\/wp\/v2\/product_cat?post=719036"},{"taxonomy":"product_tag","embeddable":true,"href":"https:\/\/roveyayinevi.com.tr\/index.php\/wp-json\/wp\/v2\/product_tag?post=719036"}],"curies":[{"name":"wp","href":"https:\/\/api.w.org\/{rel}","templated":true}]}}