{"id":719035,"date":"2025-08-27T18:16:57","date_gmt":"2025-08-27T15:16:57","guid":{"rendered":"https:\/\/roveyayinevi.com.tr\/index.php\/urun\/gokteki-venus\/"},"modified":"2026-04-16T02:26:55","modified_gmt":"2026-04-15T23:26:55","slug":"gokteki-venus","status":"publish","type":"product","link":"https:\/\/roveyayinevi.com.tr\/index.php\/urun\/gokteki-venus\/","title":{"rendered":"G\u00f6kteki Ven\u00fcs"},"content":{"rendered":"<p>\u201cEmrullah \u00c2li Y\u0131ld\u0131z T\u00fcrkku\u015fu\u2019nun kuruldu\u011fu y\u0131llarda T\u00fcrk Hava Kurumu\u2019na girmi\u015ftir. Atat\u00fcrk\u2019\u00fcn manevi k\u0131z\u0131 Sabiha G\u00f6k\u00e7en de dahil olmak \u00fczere Rusya\u2019da Koktobel U\u00e7u\u015f Okuluna plan\u00f6r ve pilot e\u011fitimi i\u00e7in g\u00f6nderilen 7 ki\u015fiden biridir. 1939 y\u0131l\u0131nda Ankara\u2019da kurulan Etimesgut U\u00e7ak Fabrikas\u0131nda \u00fcretilen u\u00e7aklar\u0131n ilk test u\u00e7u\u015flar\u0131n\u0131 yapan, y\u00fczlerce \u00f6\u011frenci yeti\u015ftiren, para\u015f\u00fct otomatik a\u00e7ma aletini bulan fakat kimse elinden tutmad\u0131\u011f\u0131 i\u00e7in Amerikal\u0131lara satmak zorunda kalan bir mucittir. U\u00e7ak fabrikas\u0131n\u0131n nas\u0131l kapand\u0131\u011f\u0131n\u0131n ger\u00e7ek belgeleri ile otomatik a\u00e7ma aletinin patent anla\u015fmas\u0131n\u0131n \u0130ngilizce ve T\u00fcrk\u00e7e metinlerini de bu kitapta bulacaks\u0131n\u0131z. <\/p>\n","protected":false},"excerpt":{"rendered":"<p>\u201cEmrullah \u00c2li Y\u0131ld\u0131z T\u00fcrkku\u015fu\u2019nun kuruldu\u011fu y\u0131llarda T\u00fcrk Hava Kurumu\u2019na girmi\u015ftir. Atat\u00fcrk\u2019\u00fcn manevi k\u0131z\u0131 Sabiha G\u00f6k\u00e7en de dahil olmak \u00fczere Rusya\u2019da Koktobel U\u00e7u\u015f Okuluna plan\u00f6r ve pilot<span class=\"excerpt-hellip\"> [\u2026]<\/span><\/p>\n","protected":false},"featured_media":0,"template":"","meta":{"_monsterinsights_skip_tracking":false,"_monsterinsights_sitenote_active":false,"_monsterinsights_sitenote_note":"","_monsterinsights_sitenote_category":0},"product_brand":[],"product_cat":[12370,12304],"product_tag":[],"class_list":{"0":"post-719035","1":"product","2":"type-product","3":"status-publish","5":"product_cat-arastirma-inceleme","6":"product_cat-tarih","7":"pa_cilt-ciltsiz","8":"pa_tur-kitap","9":"pa_yayinevi-soncag","10":"pa_yazar-m-bahattin-adiguzel","12":"first","13":"instock","14":"sale","15":"shipping-taxable","16":"purchasable","17":"product-type-simple"},"_links":{"self":[{"href":"https:\/\/roveyayinevi.com.tr\/index.php\/wp-json\/wp\/v2\/product\/719035","targetHints":{"allow":["GET"]}}],"collection":[{"href":"https:\/\/roveyayinevi.com.tr\/index.php\/wp-json\/wp\/v2\/product"}],"about":[{"href":"https:\/\/roveyayinevi.com.tr\/index.php\/wp-json\/wp\/v2\/types\/product"}],"wp:attachment":[{"href":"https:\/\/roveyayinevi.com.tr\/index.php\/wp-json\/wp\/v2\/media?parent=719035"}],"wp:term":[{"taxonomy":"product_brand","embeddable":true,"href":"https:\/\/roveyayinevi.com.tr\/index.php\/wp-json\/wp\/v2\/product_brand?post=719035"},{"taxonomy":"product_cat","embeddable":true,"href":"https:\/\/roveyayinevi.com.tr\/index.php\/wp-json\/wp\/v2\/product_cat?post=719035"},{"taxonomy":"product_tag","embeddable":true,"href":"https:\/\/roveyayinevi.com.tr\/index.php\/wp-json\/wp\/v2\/product_tag?post=719035"}],"curies":[{"name":"wp","href":"https:\/\/api.w.org\/{rel}","templated":true}]}}