{"id":719034,"date":"2025-08-27T18:16:56","date_gmt":"2025-08-27T15:16:56","guid":{"rendered":"https:\/\/roveyayinevi.com.tr\/index.php\/urun\/ses-cikaran-kitap\/"},"modified":"2026-04-16T02:26:55","modified_gmt":"2026-04-15T23:26:55","slug":"ses-cikaran-kitap","status":"publish","type":"product","link":"https:\/\/roveyayinevi.com.tr\/index.php\/urun\/ses-cikaran-kitap\/","title":{"rendered":"Ses \u00c7\u0131karan Kitap"},"content":{"rendered":"<p>Bu kitap ses \u00e7\u0131kar\u0131yor: Parma\u011f\u0131n\u0131 sayfan\u0131n \u00fcst\u00fcne koy ve sesi \u00e7\u0131kar!Sesleri \u00e7\u0131kararak e\u011flenelim: Oo, Aa, Vay ve daha fazlas\u0131&#8230;Konu\u015fmak, \u015fark\u0131 s\u00f6ylemek, nefes almak, kendini ifade etmek ve var olmak i\u00e7in hadi sesimizi kullanal\u0131m ve renkleri birer nota gibi okuyal\u0131m!<\/p>\n","protected":false},"excerpt":{"rendered":"<p>Bu kitap ses \u00e7\u0131kar\u0131yor: Parma\u011f\u0131n\u0131 sayfan\u0131n \u00fcst\u00fcne koy ve sesi \u00e7\u0131kar!Sesleri \u00e7\u0131kararak e\u011flenelim: Oo, Aa, Vay ve daha fazlas\u0131&#8230;Konu\u015fmak, \u015fark\u0131 s\u00f6ylemek, nefes almak, kendini ifade etmek<span class=\"excerpt-hellip\"> [\u2026]<\/span><\/p>\n","protected":false},"featured_media":0,"template":"","meta":{"_monsterinsights_skip_tracking":false,"_monsterinsights_sitenote_active":false,"_monsterinsights_sitenote_note":"","_monsterinsights_sitenote_category":0},"product_brand":[],"product_cat":[12913,12274],"product_tag":[],"class_list":{"0":"post-719034","1":"product","2":"type-product","3":"status-publish","5":"product_cat-3-6-yas-kitaplari","6":"product_cat-cocuk-ve-genclik-kitaplari","7":"pa_cilt-ciltsiz","8":"pa_tur-kitap","9":"pa_yayinevi-timas-cocuk","10":"pa_yazar-herve-tullet","12":"first","13":"instock","14":"sale","15":"shipping-taxable","16":"purchasable","17":"product-type-simple"},"_links":{"self":[{"href":"https:\/\/roveyayinevi.com.tr\/index.php\/wp-json\/wp\/v2\/product\/719034","targetHints":{"allow":["GET"]}}],"collection":[{"href":"https:\/\/roveyayinevi.com.tr\/index.php\/wp-json\/wp\/v2\/product"}],"about":[{"href":"https:\/\/roveyayinevi.com.tr\/index.php\/wp-json\/wp\/v2\/types\/product"}],"wp:attachment":[{"href":"https:\/\/roveyayinevi.com.tr\/index.php\/wp-json\/wp\/v2\/media?parent=719034"}],"wp:term":[{"taxonomy":"product_brand","embeddable":true,"href":"https:\/\/roveyayinevi.com.tr\/index.php\/wp-json\/wp\/v2\/product_brand?post=719034"},{"taxonomy":"product_cat","embeddable":true,"href":"https:\/\/roveyayinevi.com.tr\/index.php\/wp-json\/wp\/v2\/product_cat?post=719034"},{"taxonomy":"product_tag","embeddable":true,"href":"https:\/\/roveyayinevi.com.tr\/index.php\/wp-json\/wp\/v2\/product_tag?post=719034"}],"curies":[{"name":"wp","href":"https:\/\/api.w.org\/{rel}","templated":true}]}}