{"id":719030,"date":"2025-08-27T18:16:52","date_gmt":"2025-08-27T15:16:52","guid":{"rendered":"https:\/\/roveyayinevi.com.tr\/index.php\/urun\/teravih-salat-i-kemaliye\/"},"modified":"2026-04-16T02:26:55","modified_gmt":"2026-04-15T23:26:55","slug":"teravih-salat-i-kemaliye","status":"publish","type":"product","link":"https:\/\/roveyayinevi.com.tr\/index.php\/urun\/teravih-salat-i-kemaliye\/","title":{"rendered":"Teravih Salat-\u0131 Kemaliye"},"content":{"rendered":"<p>\u0130\u00e7indekiler 1. Giri\u015f 2. TeravihGelene\u011fi 3. \u015eanl\u0131urfa&#8217;daTeravihGelene\u011fiveCamiler 4. Ara\u015ft\u0131rmayaKonuOlanCamilerdeTeravihNamaz\u0131ndaOkunan Salat-\u0131 Kemaliyeler 5. Sonu\u00e7 6. Bibliyografya 7. Ekler 8. \u00d6zge\u00e7mi\u015f <\/p>\n","protected":false},"excerpt":{"rendered":"<p>\u0130\u00e7indekiler 1. Giri\u015f 2. TeravihGelene\u011fi 3. \u015eanl\u0131urfa&#8217;daTeravihGelene\u011fiveCamiler 4. Ara\u015ft\u0131rmayaKonuOlanCamilerdeTeravihNamaz\u0131ndaOkunan Salat-\u0131 Kemaliyeler 5. Sonu\u00e7 6. Bibliyografya 7. Ekler 8. \u00d6zge\u00e7mi\u015f<\/p>\n","protected":false},"featured_media":0,"template":"","meta":{"_monsterinsights_skip_tracking":false,"_monsterinsights_sitenote_active":false,"_monsterinsights_sitenote_note":"","_monsterinsights_sitenote_category":0},"product_brand":[],"product_cat":[14556,20810],"product_tag":[],"class_list":{"0":"post-719030","1":"product","2":"type-product","3":"status-publish","5":"product_cat-muzik","6":"product_cat-ogrenim-kitaplari","7":"pa_cilt-ciltsiz","8":"pa_tur-kitap","9":"pa_yayinevi-gazi-kitabevi","10":"pa_yazar-seda-duzyol-yilmaz","12":"first","13":"instock","14":"sale","15":"shipping-taxable","16":"purchasable","17":"product-type-simple"},"_links":{"self":[{"href":"https:\/\/roveyayinevi.com.tr\/index.php\/wp-json\/wp\/v2\/product\/719030","targetHints":{"allow":["GET"]}}],"collection":[{"href":"https:\/\/roveyayinevi.com.tr\/index.php\/wp-json\/wp\/v2\/product"}],"about":[{"href":"https:\/\/roveyayinevi.com.tr\/index.php\/wp-json\/wp\/v2\/types\/product"}],"wp:attachment":[{"href":"https:\/\/roveyayinevi.com.tr\/index.php\/wp-json\/wp\/v2\/media?parent=719030"}],"wp:term":[{"taxonomy":"product_brand","embeddable":true,"href":"https:\/\/roveyayinevi.com.tr\/index.php\/wp-json\/wp\/v2\/product_brand?post=719030"},{"taxonomy":"product_cat","embeddable":true,"href":"https:\/\/roveyayinevi.com.tr\/index.php\/wp-json\/wp\/v2\/product_cat?post=719030"},{"taxonomy":"product_tag","embeddable":true,"href":"https:\/\/roveyayinevi.com.tr\/index.php\/wp-json\/wp\/v2\/product_tag?post=719030"}],"curies":[{"name":"wp","href":"https:\/\/api.w.org\/{rel}","templated":true}]}}