{"id":719028,"date":"2025-08-27T18:16:45","date_gmt":"2025-08-27T15:16:45","guid":{"rendered":"https:\/\/roveyayinevi.com.tr\/index.php\/urun\/14-15-yas-grubu-futbolcularda-farkli-sosyal-aktivitelerin-karar-verme-ve-benlik-saygisi-duzeylerine-etkisinin-incelenmesi\/"},"modified":"2026-04-16T02:26:55","modified_gmt":"2026-04-15T23:26:55","slug":"14-15-yas-grubu-futbolcularda-farkli-sosyal-aktivitelerin-karar-verme-ve-benlik-saygisi-duzeylerine-etkisinin-incelenmesi","status":"publish","type":"product","link":"https:\/\/roveyayinevi.com.tr\/index.php\/urun\/14-15-yas-grubu-futbolcularda-farkli-sosyal-aktivitelerin-karar-verme-ve-benlik-saygisi-duzeylerine-etkisinin-incelenmesi\/","title":{"rendered":"14-15 Ya\u015f Grubu Futbolcularda Farkl\u0131 Sosyal Aktivitelerin Karar Verme ve Benlik Sayg\u0131s\u0131 D\u00fczeylerine Etkisinin \u0130ncelenmesi"},"content":{"rendered":"<p>\u0130\u00e7indekiler 1. Giri\u015f 2. GenelBilgiler 3. Y\u00f6ntem 4. Bulgular 5. Tart\u0131\u015fama 6. Sonu\u00e7larve\u00d6neriler   <\/p>\n","protected":false},"excerpt":{"rendered":"<p>\u0130\u00e7indekiler 1. Giri\u015f 2. GenelBilgiler 3. Y\u00f6ntem 4. Bulgular 5. Tart\u0131\u015fama 6. Sonu\u00e7larve\u00d6neriler<\/p>\n","protected":false},"featured_media":0,"template":"","meta":{"_monsterinsights_skip_tracking":false,"_monsterinsights_sitenote_active":false,"_monsterinsights_sitenote_note":"","_monsterinsights_sitenote_category":0},"product_brand":[],"product_cat":[15563,15564],"product_tag":[],"class_list":{"0":"post-719028","1":"product","2":"type-product","3":"status-publish","5":"product_cat-hobi","6":"product_cat-spor","7":"pa_cilt-ciltsiz","8":"pa_tur-kitap","9":"pa_yayinevi-gazi-kitabevi","10":"pa_yazar-kadir-tiryaki","12":"first","13":"instock","14":"sale","15":"shipping-taxable","16":"purchasable","17":"product-type-simple"},"_links":{"self":[{"href":"https:\/\/roveyayinevi.com.tr\/index.php\/wp-json\/wp\/v2\/product\/719028","targetHints":{"allow":["GET"]}}],"collection":[{"href":"https:\/\/roveyayinevi.com.tr\/index.php\/wp-json\/wp\/v2\/product"}],"about":[{"href":"https:\/\/roveyayinevi.com.tr\/index.php\/wp-json\/wp\/v2\/types\/product"}],"wp:attachment":[{"href":"https:\/\/roveyayinevi.com.tr\/index.php\/wp-json\/wp\/v2\/media?parent=719028"}],"wp:term":[{"taxonomy":"product_brand","embeddable":true,"href":"https:\/\/roveyayinevi.com.tr\/index.php\/wp-json\/wp\/v2\/product_brand?post=719028"},{"taxonomy":"product_cat","embeddable":true,"href":"https:\/\/roveyayinevi.com.tr\/index.php\/wp-json\/wp\/v2\/product_cat?post=719028"},{"taxonomy":"product_tag","embeddable":true,"href":"https:\/\/roveyayinevi.com.tr\/index.php\/wp-json\/wp\/v2\/product_tag?post=719028"}],"curies":[{"name":"wp","href":"https:\/\/api.w.org\/{rel}","templated":true}]}}