{"id":719027,"date":"2025-08-27T18:16:44","date_gmt":"2025-08-27T15:16:44","guid":{"rendered":"https:\/\/roveyayinevi.com.tr\/index.php\/urun\/divan-edebiyatinda-tevhidler-ve-muamma\/"},"modified":"2026-04-16T02:26:55","modified_gmt":"2026-04-15T23:26:55","slug":"divan-edebiyatinda-tevhidler-ve-muamma","status":"publish","type":"product","link":"https:\/\/roveyayinevi.com.tr\/index.php\/urun\/divan-edebiyatinda-tevhidler-ve-muamma\/","title":{"rendered":"Divan Edebiyat\u0131nda Tevhidler ve Muamma"},"content":{"rendered":"<p>Elinizde tuttu\u011funuz kitap, \u2018hocalar\u0131n hocas\u0131\u2019 Prof. Dr. Ali Nihad Tarlan taraf\u0131ndan kaleme al\u0131nm\u0131\u015f olan \u201cDivan Edebiyat\u0131nda Tevhidler\u201d ve \u201cDivan Edebiyat\u0131nda Muamma\u201d isimli iki kitab\u0131n tek ciltte toplanm\u0131\u015f h\u00e2lidir. D\u00f6rt fasik\u00fclden meydana gelen Divan Edebiyat\u0131nda Tevhidler\u2019de Ahmed\u00ee, \u015eeyh\u00ee, Sadr\u00ee, Rabb\u00e2n\u00ee, Fuz\u00fbl\u00ee, N\u00e2b\u00ee, \u015eeyh\u00ee, Cevr\u00ee, Niy\u00e2z\u00ee-i M\u0131sr\u00ee, \u00c2l\u00ee, Arpaem\u00eeni-z\u00e2de S\u00e2m\u00ee ve Yeni\u015fehirli Avn\u00ee\u2019nin me\u015fhur tevhidlerinin ayr\u0131 ayr\u0131 \u015ferhlerinin yan\u0131 s\u0131ra ayr\u0131ca \u0130ran edebiyat\u0131nda yaz\u0131lm\u0131\u015f olan tevhidlerdeki \u015fer\u2019\u00ee ve tasavvuf\u00ee umdeler de incelenmi\u015ftir. Metinler incelenirken \u00f6rnekler \u00e7ok detayl\u0131 bir \u015fekilde verilmi\u015f, ayr\u0131ca verilen metinler \u00fczerinden metin \u015ferhinin se\u00e7kin numuneleri g\u00f6z \u00f6n\u00fcne serilmi\u015ftir. Divan Edebiyat\u0131nda Muamma isimli eserde ise muammalar\u0131n \u00e7\u00f6z\u00fclebilmesi i\u00e7in gerekli teorik bilgiler izah edildikten sonra, \u00e7\u00f6z\u00fcmlenmi\u015f mis\u00e2ller verilerek, konu etrafl\u0131ca ele al\u0131nm\u0131\u015ft\u0131r. T\u00fcrk edebiyat\u0131n\u0131n ilk doktoru, \u2018Metinler \u015eerhi Profes\u00f6r\u00fc\u2019 Ali Nihad Tarlan\u2019\u0131n bu iki b\u00fcy\u00fck eseri, uzun y\u0131llar sonra yeniden okuyucunun kar\u015f\u0131s\u0131nda. <\/p>\n","protected":false},"excerpt":{"rendered":"<p>Elinizde tuttu\u011funuz kitap, \u2018hocalar\u0131n hocas\u0131\u2019 Prof. Dr. Ali Nihad Tarlan taraf\u0131ndan kaleme al\u0131nm\u0131\u015f olan \u201cDivan Edebiyat\u0131nda Tevhidler\u201d ve \u201cDivan Edebiyat\u0131nda Muamma\u201d isimli iki kitab\u0131n tek ciltte<span class=\"excerpt-hellip\"> [\u2026]<\/span><\/p>\n","protected":false},"featured_media":0,"template":"","meta":{"_monsterinsights_skip_tracking":false,"_monsterinsights_sitenote_active":false,"_monsterinsights_sitenote_note":"","_monsterinsights_sitenote_category":0},"product_brand":[],"product_cat":[13072,12291],"product_tag":[],"class_list":{"0":"post-719027","1":"product","2":"type-product","3":"status-publish","5":"product_cat-arastirma-inceleme-referans","6":"product_cat-edebiyat","7":"pa_cilt-ciltsiz","8":"pa_tur-kitap","9":"pa_yayinevi-ketebe-yayinlari","10":"pa_yazar-ali-nihad-tarlan","12":"first","13":"instock","14":"sale","15":"shipping-taxable","16":"purchasable","17":"product-type-simple"},"_links":{"self":[{"href":"https:\/\/roveyayinevi.com.tr\/index.php\/wp-json\/wp\/v2\/product\/719027","targetHints":{"allow":["GET"]}}],"collection":[{"href":"https:\/\/roveyayinevi.com.tr\/index.php\/wp-json\/wp\/v2\/product"}],"about":[{"href":"https:\/\/roveyayinevi.com.tr\/index.php\/wp-json\/wp\/v2\/types\/product"}],"wp:attachment":[{"href":"https:\/\/roveyayinevi.com.tr\/index.php\/wp-json\/wp\/v2\/media?parent=719027"}],"wp:term":[{"taxonomy":"product_brand","embeddable":true,"href":"https:\/\/roveyayinevi.com.tr\/index.php\/wp-json\/wp\/v2\/product_brand?post=719027"},{"taxonomy":"product_cat","embeddable":true,"href":"https:\/\/roveyayinevi.com.tr\/index.php\/wp-json\/wp\/v2\/product_cat?post=719027"},{"taxonomy":"product_tag","embeddable":true,"href":"https:\/\/roveyayinevi.com.tr\/index.php\/wp-json\/wp\/v2\/product_tag?post=719027"}],"curies":[{"name":"wp","href":"https:\/\/api.w.org\/{rel}","templated":true}]}}