{"id":719026,"date":"2025-08-27T18:16:44","date_gmt":"2025-08-27T15:16:44","guid":{"rendered":"https:\/\/roveyayinevi.com.tr\/index.php\/urun\/dongel-dunya\/"},"modified":"2026-02-03T02:41:24","modified_gmt":"2026-02-02T23:41:24","slug":"dongel-dunya","status":"publish","type":"product","link":"https:\/\/roveyayinevi.com.tr\/index.php\/urun\/dongel-dunya\/","title":{"rendered":"D\u00f6ngel D\u00fcnya"},"content":{"rendered":"<p>Mahallede, evde diki\u015f diken bir erkek yad\u0131rganmazd\u0131, \u00f6yle hat\u0131rl\u0131yorum. Para veren de olmazd\u0131. Bu i\u015fi para i\u00e7in yapmazd\u0131 babam\u2026 Babam yokken, diki\u015f makinesinin k\u00fc\u00e7\u00fck \u00e7ekmecesindeki terzi y\u00fcks\u00fc\u011f\u00fcn\u00fc al\u0131r, parmak parmak dola\u015ft\u0131r\u0131rd\u0131k. Parma\u011f\u0131m\u0131za bol gelen o y\u00fcks\u00fckle, i\u011fneli i\u011fnesiz, diki\u015fli diki\u015fsiz nice oyunlar uydurur, kaybedece\u011fimizden korkan annemizden ne azarlar i\u015fitirdik. Bir masal oyunca\u011f\u0131n\u0131 and\u0131ran bu y\u00fcks\u00fck, bizim parma\u011f\u0131m\u0131zda s\u0131radan bir nesneye benzerken, babam\u0131n parma\u011f\u0131nda bir m\u00fccevhere d\u00f6n\u00fc\u015f\u00fcrd\u00fc. K\u00fc\u00e7\u00fcc\u00fck anlarda mutlulu\u011fu bulan yoksullar, ya\u011f\u0131z elektrosazc\u0131lar, keklik avc\u0131lar\u0131, taklac\u0131 g\u00fcvercin hayranlar\u0131, baba olmay\u0131 beceremeyen adamlar, \u015fu yalan d\u00fcnyayla vedala\u015fmak isteyen aceleci ihtiyarlar, kalabal\u0131klardan \u00fcrk\u00fcp i\u00e7ine kapananlar\u2026 K\u00fcf\u00fcr gibi pis pis ya\u011fan ya\u011fmurlar\u2026 \ufffc\ufffcAngara, Yozgat, K\u0131r\u015fehir\u2019in Kaman\u2019\u0131\u2026 D\u00f6ngel D\u00fcnya, T\u00fcrkan \u015eoray\u2019l\u0131, Ediz Hun\u2019lu Ye\u015fil\u00e7am melodramlar\u0131n\u0131n s\u0131cakl\u0131\u011f\u0131na s\u0131\u011f\u0131nan gariplerin \u00f6yk\u00fcleri. Ethem Baran, d\u00fcnyan\u0131n g\u00fcr\u00fclt\u00fcs\u00fcnden ka\u00e7\u0131p bozk\u0131r\u0131n ortas\u0131nda bir par\u00e7a deniz arayanlar\u0131 anlat\u0131yor. <\/p>\n","protected":false},"excerpt":{"rendered":"<p>Mahallede, evde diki\u015f diken bir erkek yad\u0131rganmazd\u0131, \u00f6yle hat\u0131rl\u0131yorum. Para veren de olmazd\u0131. Bu i\u015fi para i\u00e7in yapmazd\u0131 babam\u2026 Babam yokken, diki\u015f makinesinin k\u00fc\u00e7\u00fck \u00e7ekmecesindeki terzi<span class=\"excerpt-hellip\"> [\u2026]<\/span><\/p>\n","protected":false},"featured_media":0,"template":"","meta":{"_monsterinsights_skip_tracking":false,"_monsterinsights_sitenote_active":false,"_monsterinsights_sitenote_note":"","_monsterinsights_sitenote_category":0},"product_brand":[],"product_cat":[12291,12711],"product_tag":[],"class_list":{"0":"post-719026","1":"product","2":"type-product","3":"status-publish","5":"product_cat-edebiyat","6":"product_cat-roman-oyku","7":"pa_cilt-ciltsiz","8":"pa_tur-kitap","9":"pa_yayinevi-iletisim-yayinlari","10":"pa_yazar-ethem-baran","12":"first","13":"instock","14":"sale","15":"shipping-taxable","16":"purchasable","17":"product-type-simple"},"_links":{"self":[{"href":"https:\/\/roveyayinevi.com.tr\/index.php\/wp-json\/wp\/v2\/product\/719026","targetHints":{"allow":["GET"]}}],"collection":[{"href":"https:\/\/roveyayinevi.com.tr\/index.php\/wp-json\/wp\/v2\/product"}],"about":[{"href":"https:\/\/roveyayinevi.com.tr\/index.php\/wp-json\/wp\/v2\/types\/product"}],"wp:attachment":[{"href":"https:\/\/roveyayinevi.com.tr\/index.php\/wp-json\/wp\/v2\/media?parent=719026"}],"wp:term":[{"taxonomy":"product_brand","embeddable":true,"href":"https:\/\/roveyayinevi.com.tr\/index.php\/wp-json\/wp\/v2\/product_brand?post=719026"},{"taxonomy":"product_cat","embeddable":true,"href":"https:\/\/roveyayinevi.com.tr\/index.php\/wp-json\/wp\/v2\/product_cat?post=719026"},{"taxonomy":"product_tag","embeddable":true,"href":"https:\/\/roveyayinevi.com.tr\/index.php\/wp-json\/wp\/v2\/product_tag?post=719026"}],"curies":[{"name":"wp","href":"https:\/\/api.w.org\/{rel}","templated":true}]}}