{"id":719025,"date":"2025-08-27T18:16:43","date_gmt":"2025-08-27T15:16:43","guid":{"rendered":"https:\/\/roveyayinevi.com.tr\/index.php\/urun\/bektasiligin-dogusu\/"},"modified":"2026-04-16T02:26:55","modified_gmt":"2026-04-15T23:26:55","slug":"bektasiligin-dogusu","status":"publish","type":"product","link":"https:\/\/roveyayinevi.com.tr\/index.php\/urun\/bektasiligin-dogusu\/","title":{"rendered":"Bekta\u015fili\u011fin Do\u011fu\u015fu"},"content":{"rendered":"<p>\u201cYeni\u00e7eri Oca\u011f\u0131\u2019n\u0131n Osmanl\u0131 Devlet sistemindeki merkez\u00ee yeri g\u00f6z \u00f6n\u00fcne al\u0131n\u0131rsa, Bekta\u015fi Tarikat\u0131 ve Osmanl\u0131 Devleti aras\u0131nda ne kadar yak\u0131n ve g\u00fc\u00e7l\u00fc bir ba\u011f bulundu\u011fu anla\u015f\u0131lacakt\u0131r. \u00d6te yandan, Bekta\u015filik, paradoksal bir \u015fekilde, Osmanl\u0131 din\u00ee-siyasal k\u00fclt\u00fcr\u00fcn\u00fcn \u00e7evresine itilmi\u015f unsurlar\u0131n toparland\u0131\u011f\u0131 bir \u015femsiye kimlik i\u015flevi g\u00f6r\u00fcyordu. (\u2026) Birbirine taban tabana z\u0131t g\u00f6r\u00fcnen bu iki i\u015flev ayn\u0131 tarikatta nas\u0131l bir araya geldi? Bekta\u015fi Tarikat\u0131, bir yandan Osmanl\u0131 sisteminin d\u0131\u015flad\u0131\u011f\u0131 gayrim\u00fcte\u015ferri [\u015feriat d\u0131\u015f\u0131] dervi\u015f dindarl\u0131\u011f\u0131n\u0131n birle\u015fme ve kayna\u015fma platformu haline gelirken di\u011fer yandan nas\u0131l sistemin \u00e7ekirde\u011fi olan Yeni\u00e7eri ordusunun resm\u00ee tarikat\u0131 olabildi?\u201d \ufffc\ufffcBekta\u015fi Tarikat\u0131\u2019n\u0131n, Hac\u0131 Bekta\u015f\u2019tan ba\u015flay\u0131p Bal\u0131m Sultan\u2019a kadar uzanan yakla\u015f\u0131k iki y\u00fcz elli y\u0131ll\u0131k olu\u015fum ser\u00fcvenini anlatan bir kitap&#8230; \u201cBekta\u015fi Yolu\u2019nun kurucular\u0131 olan Abdal Musa, K\u0131z\u0131ldeli ve tabii Hac\u0131 Bekta\u015f Veli\u2019nin tarihsel ki\u015filikleri ve hik\u00e2yeleri etraf\u0131nda anlat\u0131lan s\u00f6ylenceler&#8230; Anadolu\u2019da Hac\u0131 Bekta\u015f Derg\u00e2h\u0131, Rumeli\u2019nde K\u0131z\u0131ldeli Derg\u00e2h\u0131, Rum Abdallar\u0131 ve \u00c7elebi Ailesi aras\u0131ndaki karma\u015f\u0131k ili\u015fkiler&#8230; Bal\u0131m Sultan ve Tarikat\u2019\u0131n kurulu\u015fu&#8230;Tarikat\u0131n kapat\u0131lmas\u0131ndan sonraki geli\u015fmeler; K\u0131z\u0131lba\u015flar\u2019\u0131n Hac\u0131 Bekta\u015f Oca\u011f\u0131\u2019na ba\u011flanmas\u0131 ve \u201cTar\u0131k-Pen\u00e7e\u201d ayr\u0131\u015fmas\u0131&#8230; R\u0131za Y\u0131ld\u0131r\u0131m, Alevilik tarihi \u00fczerine incelemelerinin bu halkas\u0131nda, Bekta\u015fili\u011fin tarihsel olu\u015fumuna ve tasavvur d\u00fcnyas\u0131na \u0131\u015f\u0131k tuttu\u011fu gibi, genel olarak Orta\u00e7a\u011f Anadolusu\u2019nda din\u00ee hayat hakk\u0131nda son derece canl\u0131 bir tablo \u00e7iziyor. <\/p>\n","protected":false},"excerpt":{"rendered":"<p>\u201cYeni\u00e7eri Oca\u011f\u0131\u2019n\u0131n Osmanl\u0131 Devlet sistemindeki merkez\u00ee yeri g\u00f6z \u00f6n\u00fcne al\u0131n\u0131rsa, Bekta\u015fi Tarikat\u0131 ve Osmanl\u0131 Devleti aras\u0131nda ne kadar yak\u0131n ve g\u00fc\u00e7l\u00fc bir ba\u011f bulundu\u011fu anla\u015f\u0131lacakt\u0131r. \u00d6te<span class=\"excerpt-hellip\"> [\u2026]<\/span><\/p>\n","protected":false},"featured_media":0,"template":"","meta":{"_monsterinsights_skip_tracking":false,"_monsterinsights_sitenote_active":false,"_monsterinsights_sitenote_note":"","_monsterinsights_sitenote_category":0},"product_brand":[],"product_cat":[12718,12719,12720],"product_tag":[],"class_list":{"0":"post-719025","1":"product","2":"type-product","3":"status-publish","5":"product_cat-din","6":"product_cat-islam","7":"product_cat-tasavvuf-mezhepler-tarikatlar","8":"pa_cilt-ciltsiz","9":"pa_tur-kitap","10":"pa_yayinevi-iletisim-yayinlari","11":"pa_yazar-riza-yildirim","13":"first","14":"instock","15":"sale","16":"shipping-taxable","17":"purchasable","18":"product-type-simple"},"_links":{"self":[{"href":"https:\/\/roveyayinevi.com.tr\/index.php\/wp-json\/wp\/v2\/product\/719025","targetHints":{"allow":["GET"]}}],"collection":[{"href":"https:\/\/roveyayinevi.com.tr\/index.php\/wp-json\/wp\/v2\/product"}],"about":[{"href":"https:\/\/roveyayinevi.com.tr\/index.php\/wp-json\/wp\/v2\/types\/product"}],"wp:attachment":[{"href":"https:\/\/roveyayinevi.com.tr\/index.php\/wp-json\/wp\/v2\/media?parent=719025"}],"wp:term":[{"taxonomy":"product_brand","embeddable":true,"href":"https:\/\/roveyayinevi.com.tr\/index.php\/wp-json\/wp\/v2\/product_brand?post=719025"},{"taxonomy":"product_cat","embeddable":true,"href":"https:\/\/roveyayinevi.com.tr\/index.php\/wp-json\/wp\/v2\/product_cat?post=719025"},{"taxonomy":"product_tag","embeddable":true,"href":"https:\/\/roveyayinevi.com.tr\/index.php\/wp-json\/wp\/v2\/product_tag?post=719025"}],"curies":[{"name":"wp","href":"https:\/\/api.w.org\/{rel}","templated":true}]}}