{"id":719024,"date":"2025-08-27T18:16:42","date_gmt":"2025-08-27T15:16:42","guid":{"rendered":"https:\/\/roveyayinevi.com.tr\/index.php\/urun\/hitler-uzerine-notlar\/"},"modified":"2026-04-16T02:26:55","modified_gmt":"2026-04-15T23:26:55","slug":"hitler-uzerine-notlar","status":"publish","type":"product","link":"https:\/\/roveyayinevi.com.tr\/index.php\/urun\/hitler-uzerine-notlar\/","title":{"rendered":"Hitler \u00dczerine Notlar"},"content":{"rendered":"<p>\u201cAlmanlar\u0131 seviyor muydu Hitler? O Almanya\u2019y\u0131 kendisi i\u00e7in se\u00e7mi\u015fti \u2013 pek de tan\u0131madan ve asl\u0131nda hi\u00e7bir zaman ger\u00e7ek anlam\u0131yla tan\u0131mad\u0131 da. Almanlar Hitler i\u00e7in se\u00e7ilmi\u015f ulustu, \u00e7\u00fcnk\u00fc do\u011fu\u015ftan gelen iktidar i\u00e7g\u00fcd\u00fcs\u00fc manyetik bir pusula i\u011fnesi gibi, Avrupa\u2019n\u0131n o d\u00f6nemdeki en b\u00fcy\u00fck g\u00fc\u00e7 potansiyeli olarak Almanlar\u0131 g\u00f6steriyordu ki ger\u00e7ekten de \u00f6yleydiler. Almanlar Hitler\u2019i sadece bir iktidar arac\u0131 olarak ilgilendirdi. (\u2026) Alman halk\u0131 o zamanlar h\u0131rsl\u0131 bir ulustu  h\u0131rsl\u0131 ve fakat siyasi a\u00e7\u0131dan ne yapaca\u011f\u0131n\u0131 bilemez halde bir ulus ve bu ikisinin birlikteli\u011fi Hitler\u2019e istedi\u011fi \u015fans\u0131 sunmu\u015ftu.\u201d Bir Alman\u2019\u0131n Hik\u00e2yesi\u2019nin yazar\u0131 Sebastian Haffner\u2019den, etkileyici bir Adolf Hitler portresi. Hitler \u00fczerine hem bir analiz hem de bir duygusal de\u011ferlendirme: Onun Almanya\u2019ya, Almanlar\u2019a, insanlara, insanl\u0131\u011fa \u201cneler etti\u011fine\u201d dair bir manevi muhasebe\u2026 Kitap, Hitler\u2019in hayat hik\u00e2yesinin ve icraatlar\u0131n\u0131n, gayet veciz bir \u00f6zetini sunuyor. Sadece \u00f6z\u00fcn\u00fc s\u00fcz\u00fcp \u00e7\u0131karma anlam\u0131nda de\u011fil, edebi anlat\u0131m\u0131yla da veciz bir \u00f6zet\u2026 Sonras\u0131nda, nasyonal sosyalizmin liderinin \u201cba\u015far\u0131lar\u0131n\u0131\u201d ele al\u0131yor Haffner; yani fa\u015fizmin bu en \u201cyetkin\u201d ve korkun\u00e7 \u00f6rne\u011finin nas\u0131l m\u00fcmk\u00fcn olabildi\u011fine bak\u0131yor.Oradan \u201cyan\u0131lg\u0131lar\u0131na\u201d \u201csu\u00e7lar\u0131na\u201d, \u201ch\u0131yanetine\u201d geliyor. Yol a\u00e7t\u0131\u011f\u0131 \u201cmedeniyet facias\u0131\u201d ile insanl\u0131k de\u011ferlerine h\u0131yanetten gayr\u0131, bizzat Almanya\u2019ya, Almanlar\u2019a da h\u0131yanet\u2026 \u00dczerine \u00e7ok yaz\u0131lm\u0131\u015f bir bahiste, \u00f6zg\u00fcn olmay\u0131 ve d\u00fc\u015f\u00fcnd\u00fcrtmeyi ba\u015faran bir eser. <\/p>\n","protected":false},"excerpt":{"rendered":"<p>\u201cAlmanlar\u0131 seviyor muydu Hitler? O Almanya\u2019y\u0131 kendisi i\u00e7in se\u00e7mi\u015fti \u2013 pek de tan\u0131madan ve asl\u0131nda hi\u00e7bir zaman ger\u00e7ek anlam\u0131yla tan\u0131mad\u0131 da. Almanlar Hitler i\u00e7in se\u00e7ilmi\u015f ulustu,<span class=\"excerpt-hellip\"> [\u2026]<\/span><\/p>\n","protected":false},"featured_media":0,"template":"","meta":{"_monsterinsights_skip_tracking":false,"_monsterinsights_sitenote_active":false,"_monsterinsights_sitenote_note":"","_monsterinsights_sitenote_category":0},"product_brand":[],"product_cat":[48062,12337],"product_tag":[],"class_list":{"0":"post-719024","1":"product","2":"type-product","3":"status-publish","5":"product_cat-dis-politika","6":"product_cat-politika-siyaset","7":"pa_cilt-ciltsiz","8":"pa_tur-kitap","9":"pa_yayinevi-iletisim-yayinlari","10":"pa_yazar-sebastian-haffner","12":"first","13":"instock","14":"sale","15":"shipping-taxable","16":"purchasable","17":"product-type-simple"},"_links":{"self":[{"href":"https:\/\/roveyayinevi.com.tr\/index.php\/wp-json\/wp\/v2\/product\/719024","targetHints":{"allow":["GET"]}}],"collection":[{"href":"https:\/\/roveyayinevi.com.tr\/index.php\/wp-json\/wp\/v2\/product"}],"about":[{"href":"https:\/\/roveyayinevi.com.tr\/index.php\/wp-json\/wp\/v2\/types\/product"}],"wp:attachment":[{"href":"https:\/\/roveyayinevi.com.tr\/index.php\/wp-json\/wp\/v2\/media?parent=719024"}],"wp:term":[{"taxonomy":"product_brand","embeddable":true,"href":"https:\/\/roveyayinevi.com.tr\/index.php\/wp-json\/wp\/v2\/product_brand?post=719024"},{"taxonomy":"product_cat","embeddable":true,"href":"https:\/\/roveyayinevi.com.tr\/index.php\/wp-json\/wp\/v2\/product_cat?post=719024"},{"taxonomy":"product_tag","embeddable":true,"href":"https:\/\/roveyayinevi.com.tr\/index.php\/wp-json\/wp\/v2\/product_tag?post=719024"}],"curies":[{"name":"wp","href":"https:\/\/api.w.org\/{rel}","templated":true}]}}