{"id":719023,"date":"2025-08-27T18:16:42","date_gmt":"2025-08-27T15:16:42","guid":{"rendered":"https:\/\/roveyayinevi.com.tr\/index.php\/urun\/hayata-edebiyatla-bakmak\/"},"modified":"2026-04-16T02:26:55","modified_gmt":"2026-04-15T23:26:55","slug":"hayata-edebiyatla-bakmak","status":"publish","type":"product","link":"https:\/\/roveyayinevi.com.tr\/index.php\/urun\/hayata-edebiyatla-bakmak\/","title":{"rendered":"Hayata Edebiyatla Bakmak"},"content":{"rendered":"<p>Edebiyat, hayata g\u00fczel bakman\u0131n, ard\u0131nda g\u00fczel hayatlar\u0131 ve bu hayatlar\u0131n g\u00fczel ni\u015f\u00e2nelerini b\u0131rakman\u0131n bir yoludur. Hayata edebiyatla bakmak, hayat\u0131 \u00e7o\u011faltmakt\u0131r, b\u00fcy\u00fctmektir, zenginle\u015ftirmektir. Hayata edebiyatla bakmak, onu sanat\u0131n imk\u00e2nlar\u0131 ile g\u00fczelle\u015ftirme ve yorumlama inceli\u011fidir. Hayata edebiyatla bakmak, hayata bir \u00e7ift g\u00f6z yerine bir\u00e7ok \u00e7ift g\u00f6z ile bakabilme \u00e7o\u011fal\u0131\u015f\u0131d\u0131r. Hayata edebiyatla bakmak, bug\u00fcn\u00fc oldu\u011fu kadar, muzlim ge\u00e7mi\u015fi ve me\u00e7hul gelece\u011fi de ya\u015fayabilmeye kanatlan\u0131\u015ft\u0131r. Hayata edebiyatla bakmak, hayat\u0131n g\u00fcnl\u00fck kaba s\u0131n\u0131rlar\u0131n\u0131n d\u0131\u015f\u0131ndaki hayat\u0131 da tan\u0131yabilme ba\u015far\u0131s\u0131d\u0131r. Hayata edebiyatla bakmak, onu var k\u0131lan\u0131n kudret ve iradesine vak\u0131f ve aid olma \u015fart\u0131yla, o g\u00fczellik kap\u0131s\u0131ndan girme niyet ve iradesi olarak, bir aidiyet ve \u015f\u00fck\u00fcr edas\u0131d\u0131r. <\/p>\n","protected":false},"excerpt":{"rendered":"<p>Edebiyat, hayata g\u00fczel bakman\u0131n, ard\u0131nda g\u00fczel hayatlar\u0131 ve bu hayatlar\u0131n g\u00fczel ni\u015f\u00e2nelerini b\u0131rakman\u0131n bir yoludur. Hayata edebiyatla bakmak, hayat\u0131 \u00e7o\u011faltmakt\u0131r, b\u00fcy\u00fctmektir, zenginle\u015ftirmektir. Hayata edebiyatla bakmak, onu<span class=\"excerpt-hellip\"> [\u2026]<\/span><\/p>\n","protected":false},"featured_media":0,"template":"","meta":{"_monsterinsights_skip_tracking":false,"_monsterinsights_sitenote_active":false,"_monsterinsights_sitenote_note":"","_monsterinsights_sitenote_category":0},"product_brand":[],"product_cat":[13072,12291],"product_tag":[],"class_list":{"0":"post-719023","1":"product","2":"type-product","3":"status-publish","5":"product_cat-arastirma-inceleme-referans","6":"product_cat-edebiyat","7":"pa_cilt-ciltsiz","8":"pa_tur-kitap","9":"pa_yayinevi-ketebe-yayinlari","10":"pa_yazar-m-fatih-andi","12":"first","13":"instock","14":"sale","15":"shipping-taxable","16":"purchasable","17":"product-type-simple"},"_links":{"self":[{"href":"https:\/\/roveyayinevi.com.tr\/index.php\/wp-json\/wp\/v2\/product\/719023","targetHints":{"allow":["GET"]}}],"collection":[{"href":"https:\/\/roveyayinevi.com.tr\/index.php\/wp-json\/wp\/v2\/product"}],"about":[{"href":"https:\/\/roveyayinevi.com.tr\/index.php\/wp-json\/wp\/v2\/types\/product"}],"wp:attachment":[{"href":"https:\/\/roveyayinevi.com.tr\/index.php\/wp-json\/wp\/v2\/media?parent=719023"}],"wp:term":[{"taxonomy":"product_brand","embeddable":true,"href":"https:\/\/roveyayinevi.com.tr\/index.php\/wp-json\/wp\/v2\/product_brand?post=719023"},{"taxonomy":"product_cat","embeddable":true,"href":"https:\/\/roveyayinevi.com.tr\/index.php\/wp-json\/wp\/v2\/product_cat?post=719023"},{"taxonomy":"product_tag","embeddable":true,"href":"https:\/\/roveyayinevi.com.tr\/index.php\/wp-json\/wp\/v2\/product_tag?post=719023"}],"curies":[{"name":"wp","href":"https:\/\/api.w.org\/{rel}","templated":true}]}}