{"id":719016,"date":"2025-08-27T18:16:37","date_gmt":"2025-08-27T15:16:37","guid":{"rendered":"https:\/\/roveyayinevi.com.tr\/index.php\/urun\/nietzsche-2\/"},"modified":"2026-04-16T02:26:54","modified_gmt":"2026-04-15T23:26:54","slug":"nietzsche-2","status":"publish","type":"product","link":"https:\/\/roveyayinevi.com.tr\/index.php\/urun\/nietzsche-2\/","title":{"rendered":"Nietzsche"},"content":{"rendered":"<p>Tanr\u0131 ger\u00e7ekten \u00f6ldu\u0308 mu\u0308? Nietzsche, s\u00f6ylendi\u011fi gibi Nazilere destek oldu mu? Peki ya u\u0308stinsan\u0131n kayna\u011f\u0131 neydi? 1899\u2019da k\u0131rba\u00e7lanan ya\u015fl\u0131 bir at g\u00f6ru\u0308p a\u011flayarak ona sar\u0131ld\u0131\u011f\u0131nda ak\u0131l sa\u011fl\u0131\u011f\u0131n\u0131 yitiren Friedrich Nietzsche, hi\u00e7 \u015fu\u0308phesiz, ge\u00e7ti\u011fimiz 150 y\u0131l\u0131n en \u00f6nemli, en etkili, yine de en gizemli ve tart\u0131\u015fmal\u0131 du\u0308\u015fu\u0308nu\u0308rlerinden biridir. \u00c7al\u0131\u015fmalar\u0131 olduk\u00e7a zor, genellikle \u00e7eli\u015fkili ve anla\u015f\u0131lmazd\u0131r. Bir taraftan ise Nazilerin, \u00e7al\u0131\u015fmalar\u0131n\u0131 kendilerine mal etmelerine ra\u011fmen varolu\u015f\u00e7uluk, psikoanaliz, yap\u0131s\u00f6ku\u0308m ve postmodernizm gibi modern du\u0308\u015fu\u0308ncenin \u00f6nemli \u00f6\u011felerinin habercisidir. Nietzsche, \u201cTanr\u0131 \u00f6ldu\u0308\u201d ve \u201cBeni \u00f6ldu\u0308rmeyen \u015fey gu\u0308\u00e7lendirir,\u201d gibi gu\u0308\u00e7lu\u0308 aforizmalar\u0131n sahibi, yar\u0131 deli-yar\u0131 d\u00e2hi ama kesinlikle \u00e7a\u011f\u0131n\u0131n en bu\u0308yu\u0308k isimlerinden biri olan Nietzsche\u2019nin hayat\u0131, felsefesi ve eserleri u\u0308zerine e\u011flenceli bir kitap. <\/p>\n","protected":false},"excerpt":{"rendered":"<p>Tanr\u0131 ger\u00e7ekten \u00f6ldu\u0308 mu\u0308? Nietzsche, s\u00f6ylendi\u011fi gibi Nazilere destek oldu mu? Peki ya u\u0308stinsan\u0131n kayna\u011f\u0131 neydi? 1899\u2019da k\u0131rba\u00e7lanan ya\u015fl\u0131 bir at g\u00f6ru\u0308p a\u011flayarak ona sar\u0131ld\u0131\u011f\u0131nda ak\u0131l<span class=\"excerpt-hellip\"> [\u2026]<\/span><\/p>\n","protected":false},"featured_media":0,"template":"","meta":{"_monsterinsights_skip_tracking":false,"_monsterinsights_sitenote_active":false,"_monsterinsights_sitenote_note":"","_monsterinsights_sitenote_category":0},"product_brand":[],"product_cat":[12388,26788],"product_tag":[],"class_list":{"0":"post-719016","1":"product","2":"type-product","3":"status-publish","5":"product_cat-felsefe","6":"product_cat-filozoflar","7":"pa_cilt-ciltsiz","8":"pa_tur-kitap","9":"pa_yayinevi-say-yayinlari","10":"pa_yazar-laurence-gane-piero","12":"first","13":"instock","14":"sale","15":"shipping-taxable","16":"purchasable","17":"product-type-simple"},"_links":{"self":[{"href":"https:\/\/roveyayinevi.com.tr\/index.php\/wp-json\/wp\/v2\/product\/719016","targetHints":{"allow":["GET"]}}],"collection":[{"href":"https:\/\/roveyayinevi.com.tr\/index.php\/wp-json\/wp\/v2\/product"}],"about":[{"href":"https:\/\/roveyayinevi.com.tr\/index.php\/wp-json\/wp\/v2\/types\/product"}],"wp:attachment":[{"href":"https:\/\/roveyayinevi.com.tr\/index.php\/wp-json\/wp\/v2\/media?parent=719016"}],"wp:term":[{"taxonomy":"product_brand","embeddable":true,"href":"https:\/\/roveyayinevi.com.tr\/index.php\/wp-json\/wp\/v2\/product_brand?post=719016"},{"taxonomy":"product_cat","embeddable":true,"href":"https:\/\/roveyayinevi.com.tr\/index.php\/wp-json\/wp\/v2\/product_cat?post=719016"},{"taxonomy":"product_tag","embeddable":true,"href":"https:\/\/roveyayinevi.com.tr\/index.php\/wp-json\/wp\/v2\/product_tag?post=719016"}],"curies":[{"name":"wp","href":"https:\/\/api.w.org\/{rel}","templated":true}]}}