{"id":719015,"date":"2025-08-27T18:16:36","date_gmt":"2025-08-27T15:16:36","guid":{"rendered":"https:\/\/roveyayinevi.com.tr\/index.php\/urun\/genetik-101\/"},"modified":"2026-04-16T02:26:54","modified_gmt":"2026-04-15T23:26:54","slug":"genetik-101","status":"publish","type":"product","link":"https:\/\/roveyayinevi.com.tr\/index.php\/urun\/genetik-101\/","title":{"rendered":"Genetik 101"},"content":{"rendered":"<p>DNA\u2019n\u0131n yap\u0131s\u0131n\u0131, antibiyotik direncini, bakteri ve viru\u0308sleri \u00f6\u011frenmek isteyenler i\u00e7in&#8230;   Genetik yap\u0131m\u0131z kim oldu\u011fumuzu bu\u0308yu\u0308k \u00f6l\u00e7u\u0308de anlat\u0131r; biz de bu anlat\u0131y\u0131 \u00e7ocuklar\u0131m\u0131za miras b\u0131rak\u0131r\u0131z. G\u00f6z rengimizden boyumuza, hangi hastal\u0131klara yakalanma riskimiz oldu\u011fundan ka\u00e7 y\u0131l ya\u015fayaca\u011f\u0131m\u0131za kadar pek \u00e7ok \u015fey bu anlat\u0131da mevcuttur. Peki ya bu\u0308tu\u0308n bunlar\u0131n ard\u0131ndaki karma\u015f\u0131k ve bu\u0308yu\u0308leyici sistem nas\u0131l i\u015fler?   Genetik 101, DNA\u2019n\u0131n yap\u0131s\u0131 ve i\u015fleyi\u015finden gen aktar\u0131m\u0131na, genetik bilimindeki son yeniliklerden u\u0308topik bir du\u0308nyan\u0131n kap\u0131lar\u0131n\u0131 aralam\u0131\u015f\u0131z izlenimi yaratan deneylere kadar milyonlarca y\u0131ll\u0131k evrim yolculu\u011fumuzun en ilgin\u00e7 k\u0131s\u0131mlar\u0131n\u0131 \u00f6zetliyor. Bu kapsaml\u0131 ve e\u011flenceli kitapta genetik bilimiyle ilgili merak etti\u011finiz her \u015feyi bulacaks\u0131n\u0131z. <\/p>\n","protected":false},"excerpt":{"rendered":"<p>DNA\u2019n\u0131n yap\u0131s\u0131n\u0131, antibiyotik direncini, bakteri ve viru\u0308sleri \u00f6\u011frenmek isteyenler i\u00e7in&#8230; Genetik yap\u0131m\u0131z kim oldu\u011fumuzu bu\u0308yu\u0308k \u00f6l\u00e7u\u0308de anlat\u0131r; biz de bu anlat\u0131y\u0131 \u00e7ocuklar\u0131m\u0131za miras b\u0131rak\u0131r\u0131z. G\u00f6z rengimizden<span class=\"excerpt-hellip\"> [\u2026]<\/span><\/p>\n","protected":false},"featured_media":0,"template":"","meta":{"_monsterinsights_skip_tracking":false,"_monsterinsights_sitenote_active":false,"_monsterinsights_sitenote_note":"","_monsterinsights_sitenote_category":0},"product_brand":[],"product_cat":[13005,37328],"product_tag":[],"class_list":{"0":"post-719015","1":"product","2":"type-product","3":"status-publish","5":"product_cat-bilim-muhendislik","6":"product_cat-diger-bilim-muhendislik","7":"pa_cilt-ciltsiz","8":"pa_tur-kitap","9":"pa_yayinevi-say-yayinlari","10":"pa_yazar-beth-skwarecki","12":"first","13":"instock","14":"sale","15":"shipping-taxable","16":"purchasable","17":"product-type-simple"},"_links":{"self":[{"href":"https:\/\/roveyayinevi.com.tr\/index.php\/wp-json\/wp\/v2\/product\/719015","targetHints":{"allow":["GET"]}}],"collection":[{"href":"https:\/\/roveyayinevi.com.tr\/index.php\/wp-json\/wp\/v2\/product"}],"about":[{"href":"https:\/\/roveyayinevi.com.tr\/index.php\/wp-json\/wp\/v2\/types\/product"}],"wp:attachment":[{"href":"https:\/\/roveyayinevi.com.tr\/index.php\/wp-json\/wp\/v2\/media?parent=719015"}],"wp:term":[{"taxonomy":"product_brand","embeddable":true,"href":"https:\/\/roveyayinevi.com.tr\/index.php\/wp-json\/wp\/v2\/product_brand?post=719015"},{"taxonomy":"product_cat","embeddable":true,"href":"https:\/\/roveyayinevi.com.tr\/index.php\/wp-json\/wp\/v2\/product_cat?post=719015"},{"taxonomy":"product_tag","embeddable":true,"href":"https:\/\/roveyayinevi.com.tr\/index.php\/wp-json\/wp\/v2\/product_tag?post=719015"}],"curies":[{"name":"wp","href":"https:\/\/api.w.org\/{rel}","templated":true}]}}