{"id":719014,"date":"2025-08-27T18:16:35","date_gmt":"2025-08-27T15:16:35","guid":{"rendered":"https:\/\/roveyayinevi.com.tr\/index.php\/urun\/aix-londra-istanbul-mektuplari\/"},"modified":"2026-04-16T02:26:54","modified_gmt":"2026-04-15T23:26:54","slug":"aix-londra-istanbul-mektuplari","status":"publish","type":"product","link":"https:\/\/roveyayinevi.com.tr\/index.php\/urun\/aix-londra-istanbul-mektuplari\/","title":{"rendered":"Aix &#8211; Londra &#8211; \u0130stanbul Mektuplar\u0131"},"content":{"rendered":"<p>Mektubun g\u00fcn biterken ula\u015ft\u0131 elimize.Cumartesi&#8217;ydi. Avignon&#8217;dan d\u00f6nm\u00fc\u015ft\u00fck. Kale i\u00e7ine kurulmu\u015f o tiyatro \u015fehirden yorgun arg\u0131n d\u00f6nm\u00fc\u015ft\u00fck. \u00dczerine &#8220;Dost Dergisi ve Yay\u0131nlar\u0131&#8221; yaz\u0131lm\u0131\u015f bir zarftan \u00e7\u0131k\u0131verdin kar\u0131m\u0131za. Tek g\u00f6zl\u00fc evimize buyur ettik seni. BBC &#8216;nin T\u00fcrk\u00e7e yay\u0131n\u0131n\u0131 dinledik birlikte. Sonra mektubunu tekrar okuduk. Orhan Suda Bazen seni \u00f6ylesine h\u00fcz\u00fcnl\u00fc, bir derinlikte mi diyeyim, yo\u011funlukla m\u0131 diyeyim, anl\u0131yorum ki. Bir garip yaln\u0131zl\u0131k bu. D\u00fc\u015f\u00fcnceni ve s\u00f6z\u00fcn\u00fc kar\u015f\u0131s\u0131ndaki\/nin\/lerin anlamayaca\u011f\u0131n\u0131 bildi\u011finden susmak, konu\u015fmamak var ya&#8230; Nezihe Meri\u00e7 Neredeyse yar\u0131m yy s\u00fcrm\u00fc\u015f sa\u011flam bir doslu\u011fun ve duyguda\u015fl\u0131\u011f\u0131n belgeleri Aix-Londra-\u0130stanbul Mektuplar\u0131&#8230; \u0130ki edebiyat\u00e7\u0131n\u0131n, Nezihe Meri\u00e7 ve Orhan Suda&#8217;n\u0131n 1980&#8217;lerde &#8220;bildi\u011fimiz&#8221; mektuplarla ba\u015flayan ve 2000&#8217;li y\u0131llarda &#8220;e-posta&#8221;larla devam eden duygu ve d\u00fc\u015f\u00fcnce yolculu\u011fu. &#8220;Okuyanlar bir kere daha anlayacaklard\u0131r ola\u011fan\u00fcst\u00fc de\u011ferli bir \u00f6yk\u00fcc\u00fcden yoksun kald\u0131\u011f\u0131m\u0131z\u0131&#8221; diyor Orhan Suda<\/p>\n","protected":false},"excerpt":{"rendered":"<p>Mektubun g\u00fcn biterken ula\u015ft\u0131 elimize.Cumartesi&#8217;ydi. Avignon&#8217;dan d\u00f6nm\u00fc\u015ft\u00fck. Kale i\u00e7ine kurulmu\u015f o tiyatro \u015fehirden yorgun arg\u0131n d\u00f6nm\u00fc\u015ft\u00fck. \u00dczerine &#8220;Dost Dergisi ve Yay\u0131nlar\u0131&#8221; yaz\u0131lm\u0131\u015f bir zarftan \u00e7\u0131k\u0131verdin kar\u0131m\u0131za.<span class=\"excerpt-hellip\"> [\u2026]<\/span><\/p>\n","protected":false},"featured_media":0,"template":"","meta":{"_monsterinsights_skip_tracking":false,"_monsterinsights_sitenote_active":false,"_monsterinsights_sitenote_note":"","_monsterinsights_sitenote_category":0},"product_brand":[],"product_cat":[13701,12291],"product_tag":[],"class_list":{"0":"post-719014","1":"product","2":"type-product","3":"status-publish","5":"product_cat-ani-mektup-gunluk","6":"product_cat-edebiyat","7":"pa_cilt-ciltsiz","8":"pa_tur-kitap","9":"pa_yayinevi-yapi-kredi-yayinlari","10":"pa_yazar-nezihe-meric","12":"first","13":"instock","14":"sale","15":"shipping-taxable","16":"purchasable","17":"product-type-simple"},"_links":{"self":[{"href":"https:\/\/roveyayinevi.com.tr\/index.php\/wp-json\/wp\/v2\/product\/719014","targetHints":{"allow":["GET"]}}],"collection":[{"href":"https:\/\/roveyayinevi.com.tr\/index.php\/wp-json\/wp\/v2\/product"}],"about":[{"href":"https:\/\/roveyayinevi.com.tr\/index.php\/wp-json\/wp\/v2\/types\/product"}],"wp:attachment":[{"href":"https:\/\/roveyayinevi.com.tr\/index.php\/wp-json\/wp\/v2\/media?parent=719014"}],"wp:term":[{"taxonomy":"product_brand","embeddable":true,"href":"https:\/\/roveyayinevi.com.tr\/index.php\/wp-json\/wp\/v2\/product_brand?post=719014"},{"taxonomy":"product_cat","embeddable":true,"href":"https:\/\/roveyayinevi.com.tr\/index.php\/wp-json\/wp\/v2\/product_cat?post=719014"},{"taxonomy":"product_tag","embeddable":true,"href":"https:\/\/roveyayinevi.com.tr\/index.php\/wp-json\/wp\/v2\/product_tag?post=719014"}],"curies":[{"name":"wp","href":"https:\/\/api.w.org\/{rel}","templated":true}]}}