{"id":719011,"date":"2025-08-27T18:16:33","date_gmt":"2025-08-27T15:16:33","guid":{"rendered":"https:\/\/roveyayinevi.com.tr\/index.php\/urun\/sabah-mucizesi\/"},"modified":"2026-04-16T02:26:54","modified_gmt":"2026-04-15T23:26:54","slug":"sabah-mucizesi","status":"publish","type":"product","link":"https:\/\/roveyayinevi.com.tr\/index.php\/urun\/sabah-mucizesi\/","title":{"rendered":"Sabah Mucizesi"},"content":{"rendered":"<p>Haz\u0131r olun! Hayat\u0131n\u0131z\u0131n bir sonraki ve en ola\u011fan\u00fcst\u00fc k\u0131sm\u0131 ba\u015flamak \u00fczere.Yar\u0131n mucizevi bir \u015fekilde uyansan\u0131z ve hayat\u0131n\u0131z\u0131n bir ya da her alan\u0131 de\u011fi\u015fmi\u015f olsa? Ne farkl\u0131 olurdu? Daha mutlu mu olurdunuz? Daha sa\u011fl\u0131kl\u0131? Daha ba\u015far\u0131l\u0131? Daha formda? Daha fazla enerjiniz mi olurdu? Daha az stres? Daha \u00e7ok para? Daha iyi ili\u015fkiler? Sorunlar\u0131n\u0131zdan hangisi \u00e7\u00f6z\u00fclm\u00fc\u015f olurdu?Peki, size hayat\u0131n\u0131z\u0131 hemen her a\u00e7\u0131dan d\u00fc\u015f\u00fcnd\u00fc\u011f\u00fcn\u00fczden \u00e7ok daha h\u0131zl\u0131 bir \u015fekilde de\u011fi\u015ftirme garantili, \u201cilk bak\u0131\u015fta g\u00f6ze \u00e7arpmayan\u201d bir s\u0131r oldu\u011funu s\u00f6ylesem? \u00dcstelik bunun sadece g\u00fcnde alt\u0131 dakika s\u00fcrece\u011fini iddia etsem?Sabah Mucizesi\u2019ne ba\u015flay\u0131n. D\u00fcnyan\u0131n d\u00f6rt bir yan\u0131ndaki binlerce insan\u0131n ya\u015fam\u0131na uyarlad\u0131\u011f\u0131 bu uygulama, belki de hep istedi\u011finiz hayat\u0131 yaratmak i\u00e7in en basit yakla\u015f\u0131m olabilir. \u015eimdiye kadar hep g\u00f6z\u00fcm\u00fczden ka\u00e7\u0131yordu ama bu kitap sayesinde fark\u0131ndal\u0131k alan\u0131m\u0131za girdi.Ola\u011fan\u00fcst\u00fc bir hayat\u0131 hak ediyorsunuz. Ger\u00e7ek potansiyelinize uyanman\u0131z\u0131n vakti geldi!\u201cHal Elrod tam bir d\u00e2hi ve Mucize Sabah kitab\u0131 hayat\u0131m i\u00e7in b\u00fcy\u00fcleyici oldu. Hal\u2019in yapt\u0131\u011f\u0131, y\u00fczy\u0131llard\u0131r s\u00fcregelen insan bilinci geli\u015fiminin en iyi uygulamalar\u0131n\u0131 almak ve en iyilerinin de en iyilerini se\u00e7ip g\u00fcnl\u00fck sabah rit\u00fceline katmak olmu\u015f. \u0130\u015fte bu rit\u00fcel, art\u0131k hayat\u0131m\u0131n bir par\u00e7as\u0131.\u201dRobert Kiyosaki\u201cSabah Mucizesi ya\u015fam\u0131n\u0131z\u0131n her alan\u0131nda h\u0131zl\u0131 ve derin de\u011fi\u015fiklikler yaratabilecek tek \u015fey. Hayat\u0131n\u0131z\u0131n \u015fimdi iyile\u015fmesini istiyorsan\u0131z bu kitab\u0131 hemen okuman\u0131z\u0131 \u015fiddetle \u00f6neririm.\u201d- Rudy Ruettiger\u201cSabah Mucizesi\u2019ni okumak kendinize her g\u00fcn ger\u00e7ek potansiyelinize uyanma arma\u011fan\u0131n\u0131 vermek demek. \u0130stedi\u011finiz ve ya\u015famay\u0131 hak etti\u011finiz hayat\u0131 yaratmay\u0131 ertelemeyi b\u0131rakman\u0131n zaman\u0131 geldi. Bu kitab\u0131 okuyun ve bunu nas\u0131l yapaca\u011f\u0131n\u0131z\u0131 \u00f6\u011frenin.\u201dDr. Ivan Misner\u201c\u00d6nce Hal akl\u0131n\u0131 ka\u00e7\u0131rd\u0131 sand\u0131m: Bir insan neden d\u00fczenli olarak bu kadar erken saatte kalkar ki? \u015e\u00fcpheciydim\u2026 ta ki deneyene kadar. Hal\u2019in stratejilerini uygulad\u0131k\u00e7a \u00f6zel ve profesyonel hayat\u0131mda h\u0131zl\u0131 bir de\u011fi\u015fim g\u00f6zlemledim. Sabah Mucizesi size, ge\u00e7mi\u015fte neler ya\u015fam\u0131\u015f olursan\u0131z olun, hayat\u0131n\u0131z\u0131n kontrol\u00fcn\u00fc nas\u0131l ele alaca\u011f\u0131n\u0131z\u0131 g\u00f6sterecek. \u015eiddetle tavsiye ederim.\u201dJosh Shipp\u201cZaman zaman elinize hayata bak\u0131\u015f\u0131n\u0131z\u0131 de\u011fi\u015ftiren bir kitap ge\u00e7er ama hayat\u0131n\u0131z\u0131 ya\u015fama bi\u00e7iminizi de\u011fi\u015ftirecek bir kitaba \u00e7ok nadiren denk gelirsiniz. Sabah Mucizesi her ikisini de d\u00fc\u015f\u00fcnd\u00fc\u011f\u00fcn\u00fczden \u00e7ok daha h\u0131zl\u0131 bir \u015fekilde ba\u015far\u0131yor.\u201dTim Sanders\u201cHal Elrod\u2019u \u00e7ok severim. G\u00fc\u00e7l\u00fc bir \u00f6\u011fretmen ve i\u00e7g\u00f6r\u00fcl\u00fc, d\u00fcr\u00fcst bir adamd\u0131r. Hal\u2019in ilk kitab\u0131 Taking Life Head On, her g\u00fcn\u00fcm\u00fc ya\u015fama \u015feklimi de\u011fi\u015ftirmi\u015fti ve bir sonraki kitab\u0131n\u0131 sab\u0131rla bekliyordum. Tek s\u00f6yleyebilece\u011fim, Sabah Mucizesi\u2019nin kesinlikle beklemeye de\u011fdi\u011fi! Hal elimizden ka\u00e7an ba\u015far\u0131, mutluluk ve bollu\u011fu yaratman\u0131n plan\u0131n\u0131 \u00f6n\u00fcm\u00fcze seriyor ve bu \u00f6yle basit bir plan ki ko\u015fullar\u0131 ne olursa olsun herkes bu plana uyarak hayat\u0131n\u0131 de\u011fi\u015ftirebilir.\u201dDebra Poneman\u201cKendimi bildim bileli gece ku\u015fu oldu\u011fum i\u00e7in bir sabah rutini yaratmak hi\u00e7bir zaman bana cazip gelen bir se\u00e7enek olmad\u0131. Mevcut program\u0131mda her \u015fey yolunda gidiyordu, \u00f6yleyse bozuk olmayan bir \u015feyi tamir etmeye ne gerek vard\u0131 ki? Ancak insanlar\u0131n sabah rutinlerinin ba\u015far\u0131lar\u0131, ruh halleri ve hayatlar\u0131 \u00fczerinde ne kadar etkili oldu\u011funu s\u00fcrekli duyuyordum. Bu y\u00fczden Sabah Mucizesi\u2019ne bir \u015fans vermeye karar verdim. \u00dc\u00e7 haftad\u0131r uyguluyorum ve daha \u015fimdiden dikkatimde, ruh halimde ve halletti\u011fim i\u015flerin miktar\u0131nda \u00e7ok b\u00fcy\u00fck de\u011fi\u015fiklikler g\u00f6r\u00fcyorum.\u201dPat Flynn\u201cBir \u2018sabah kitab\u0131\u2019 i\u00e7in bunu s\u00f6yleyece\u011fim hi\u00e7 akl\u0131ma gelmezdi ama Sabah Mucizesi hayat\u0131m\u0131 de\u011fi\u015ftirdi. Evet, do\u011fru okudunuz. Y\u0131llard\u0131r \u2018sabah insan\u0131 olmad\u0131\u011f\u0131m\u0131\u2019 s\u00f6yler dururum ve bu b\u00fcy\u00fck \u00f6l\u00e7\u00fcde do\u011fruydu. Asl\u0131nda giri\u015fimci olmay\u0131 isteme nedenlerimden biri, ge\u00e7 saatlere kadar uyuyabilme arzumdu. \u00c7alar saat olmadan. Karanl\u0131kta yataktan \u00e7\u0131kmadan. Can\u0131m istedi\u011fi zaman uyanabilmek istiyordum. Kitab\u0131 okumaya ilk ba\u015flad\u0131\u011f\u0131mda, bu g\u00fc\u00e7l\u00fc inanc\u0131m\u0131 ve g\u00fc\u00e7l\u00fc nedenlerimi k\u0131rabilir mi diye merak ediyordum. K\u0131rd\u0131. Kitab\u0131 okuduktan sonra saat 04.00\u2019te kalk\u0131p spor salonunun yolunu tutar oldum. Evet, do\u011fru okudunuz. Sabah\u0131n k\u00f6r vaktinde, saat 04.00&#8217;te. Sonu\u00e7 olarak g\u00fcnlerim \u00e7ok daha \u00fcretken bir hal ald\u0131 ve fizi\u011fim g\u00f6z\u00fcm\u00fcn \u00f6n\u00fcnde de\u011fi\u015fmeye ba\u015flad\u0131. Saat 04.00\u2019te kalkan ucubelerden biri olaca\u011f\u0131m hi\u00e7 akl\u0131ma gelmezdi. Ama \u015fimdi ben de o ucubelerden biriyim. Bunu haftada be\u015f kez ve \u00e7o\u011funlukla \u00e7alar saate gerek kalmadan ba\u015far\u0131yorum.\u201dMj Demarco\u201cHal Elrod bir ilham kayna\u011f\u0131ndan \u00e7ok daha fazlas\u0131. \u0130nan\u0131lmaz hik\u00e2yesini al\u0131p kendi mucizelerinizi yaratmak i\u00e7in kullanabilece\u011finiz derslere d\u00f6n\u00fc\u015ft\u00fcrm\u00fc\u015f.\u201dJeffrey Gitomer\u201cBir konu\u015fmac\u0131, yazar ve pazarlama dan\u0131\u015fman\u0131 olarak, insanlar\u0131 istedikleri ba\u015far\u0131ya ula\u015fmaktan al\u0131koyan ba\u015fl\u0131ca \u015feyin ne yapacaklar\u0131n\u0131 bilmemeleri de\u011fil, bildiklerini yapmak i\u00e7in zaman ve motivasyon bulamamalar\u0131 oldu\u011funu g\u00f6r\u00fcyorum. Hal Elrod bu sorunu resmen \u00e7\u00f6zm\u00fc\u015f. Sabah Mucizesi size ne kadar yo\u011fun olursan\u0131z olsun, istedi\u011finiz ba\u015far\u0131y\u0131 yaratmak i\u00e7in zaman ve motivasyon sa\u011fl\u0131yor. \u015eiddetle tavsiye ediyorum.\u201dJames Malinchak\u201cSabah Mucizesi hayat\u0131m\u0131 ger\u00e7ek anlamda de\u011fi\u015ftirdi. Tam potansiyelimi devreye sokmama yard\u0131m etti, bu da beni yeni f\u0131rsatlar\u0131 ve becerileri a\u00e7\u0131\u011fa \u00e7\u0131karmaya devam eden bir geni\u015flemi\u015f bilin\u00e7 yoluna soktu.\u201dNick Conedera\u201cSabah Mucizesi, The 4-Hour Workweek\u2019ten bu yana en ezber bozan kitap. Hal \u00f6\u011fretti\u011fi al\u0131\u015fkanl\u0131klar\u0131 ya\u015f\u0131yor ve soluyor. Bu kitap size hayat\u0131n\u0131z\u0131 ve i\u015finizi bir \u00fcst seviyeye nas\u0131l ta\u015f\u0131yaca\u011f\u0131n\u0131z\u0131 g\u00f6sterecek.\u201dBrad Weimert\u201cVasatl\u0131\u011f\u0131 arkan\u0131zda b\u0131rakmaya ve potansiyelinizi azami d\u00fczeye \u00e7\u0131karmaya haz\u0131rsan\u0131z, bu kitab\u0131 okuyun yeter. Sabah Mucizesi ki\u015fisel g\u00fcc\u00fcn\u00fcz\u00fcn kilidini a\u00e7acak ve s\u0131radan insanlar\u0131 ola\u011fan\u00fcst\u00fc insanlara d\u00f6n\u00fc\u015ft\u00fcren becerileri devreye sokacak anahtar\u0131 sunuyor.\u201dGail Lynne Goodwin\u201cMucize Sabah insanlar i\u00e7in her \u015feyi de\u011fi\u015ftiren tek \u015fey. Game Changers ko\u00e7luk \u00fcyelerimin hepsine tavsiye ediyorum ve sizin i\u00e7in de oyunu de\u011fi\u015ftirece\u011fini garanti ederim.\u201dPeter VoogdHal Elrod en \u00e7ok be\u011fenilen motivasyon konu\u015fmac\u0131lar\u0131ndan biridir. \u0130\u015f d\u00fcnyas\u0131nda Onur Listesi\u2019ne girmesini sa\u011flayacak ba\u015far\u0131lara imza atm\u0131\u015ft\u0131r. Ultra maraton ko\u015fucusu, d\u00fcnyan\u0131n en iyi ba\u015far\u0131 ko\u00e7lar\u0131ndan biri, gururlu bir baba, sevgi dolu bir e\u015f ve \u00e7oksatan kitaplar\u0131n yazar\u0131d\u0131r. On be\u015f ya\u015f\u0131nda yapt\u0131\u011f\u0131 ilk radyo program\u0131ndan beri \u201cDostunuz Hal\u201d olarak tan\u0131nan yazar, on dokuz ya\u015f\u0131nda iki y\u00fcz milyon dolarl\u0131k pazarlama \u015firketinde t\u00fcm zamanlar\u0131n rekorunu k\u0131ran bir sat\u0131\u015f temsilcisi olmu\u015ftur. Ancak ger\u00e7ek zaferini yirmi ya\u015f\u0131nda ge\u00e7irdi\u011fi araba kazas\u0131nda \u00f6l\u00fc bulunduktan sonra elde etmi\u015ftir. Alt\u0131 dakika boyunca hayata d\u00f6nd\u00fcr\u00fclememesine, ald\u0131\u011f\u0131 kal\u0131c\u0131 beyin hasar\u0131na, bir daha y\u00fcr\u00fcyememe ihtimaline ra\u011fmen Hal, hayallerimizdeki hayat\u0131 ger\u00e7ekle\u015ftirmek i\u00e7in b\u00fct\u00fcn engelleri a\u015fma kabiliyetine sahip oldu\u011fumuzu kan\u0131tlam\u0131\u015ft\u0131r. \u00dclke \u00e7ap\u0131nda \u00e7ok say\u0131da radyo ve televizyon program\u0131na konuk olmu\u015f, pek \u00e7ok kitapta ona at\u0131fta bulunulmu\u015ftur.<\/p>\n","protected":false},"excerpt":{"rendered":"<p>Haz\u0131r olun! Hayat\u0131n\u0131z\u0131n bir sonraki ve en ola\u011fan\u00fcst\u00fc k\u0131sm\u0131 ba\u015flamak \u00fczere.Yar\u0131n mucizevi bir \u015fekilde uyansan\u0131z ve hayat\u0131n\u0131z\u0131n bir ya da her alan\u0131 de\u011fi\u015fmi\u015f olsa? Ne farkl\u0131<span class=\"excerpt-hellip\"> [\u2026]<\/span><\/p>\n","protected":false},"featured_media":0,"template":"","meta":{"_monsterinsights_skip_tracking":false,"_monsterinsights_sitenote_active":false,"_monsterinsights_sitenote_note":"","_monsterinsights_sitenote_category":0},"product_brand":[],"product_cat":[12364,12376],"product_tag":[],"class_list":{"0":"post-719011","1":"product","2":"type-product","3":"status-publish","5":"product_cat-genel-konular","6":"product_cat-kisisel-gelisim","7":"pa_cilt-ciltsiz","8":"pa_tur-kitap","9":"pa_yayinevi-pegasus-yayinlari","10":"pa_yazar-hal-elrod","12":"first","13":"instock","14":"sale","15":"shipping-taxable","16":"purchasable","17":"product-type-simple"},"_links":{"self":[{"href":"https:\/\/roveyayinevi.com.tr\/index.php\/wp-json\/wp\/v2\/product\/719011","targetHints":{"allow":["GET"]}}],"collection":[{"href":"https:\/\/roveyayinevi.com.tr\/index.php\/wp-json\/wp\/v2\/product"}],"about":[{"href":"https:\/\/roveyayinevi.com.tr\/index.php\/wp-json\/wp\/v2\/types\/product"}],"wp:attachment":[{"href":"https:\/\/roveyayinevi.com.tr\/index.php\/wp-json\/wp\/v2\/media?parent=719011"}],"wp:term":[{"taxonomy":"product_brand","embeddable":true,"href":"https:\/\/roveyayinevi.com.tr\/index.php\/wp-json\/wp\/v2\/product_brand?post=719011"},{"taxonomy":"product_cat","embeddable":true,"href":"https:\/\/roveyayinevi.com.tr\/index.php\/wp-json\/wp\/v2\/product_cat?post=719011"},{"taxonomy":"product_tag","embeddable":true,"href":"https:\/\/roveyayinevi.com.tr\/index.php\/wp-json\/wp\/v2\/product_tag?post=719011"}],"curies":[{"name":"wp","href":"https:\/\/api.w.org\/{rel}","templated":true}]}}