{"id":719008,"date":"2025-08-27T18:16:31","date_gmt":"2025-08-27T15:16:31","guid":{"rendered":"https:\/\/roveyayinevi.com.tr\/index.php\/urun\/kedi-ustasi\/"},"modified":"2026-04-16T02:26:54","modified_gmt":"2026-04-15T23:26:54","slug":"kedi-ustasi","status":"publish","type":"product","link":"https:\/\/roveyayinevi.com.tr\/index.php\/urun\/kedi-ustasi\/","title":{"rendered":"Kedi Ustas\u0131"},"content":{"rendered":"<p>Ger\u00e7e\u011fini aratmayan y\u00fczlerce kedi, palya\u00e7o k\u0131l\u0131\u011f\u0131na girip herkesi e\u011flendiren Kral Ki\u015fni\u015f, hi\u00e7bir i\u015fe yaram\u0131yorum diye \u00fcz\u00fclen Beyaz Kalem ve niceleri\u2026 Sizce de heyecan verici de\u011fil mi?   Peki, \u00e7evresine k\u00fcsk\u00fcn bir a\u011fac\u0131n yepyeni yolculu\u011funa ya da u\u00e7an \u00f6yk\u00fclere ne dersiniz? G\u00fclistan \u00dclkesi\u2019ni yok olmaktan kurtaran m\u0131z\u0131kan\u0131n yapt\u0131klar\u0131n\u0131 s\u00f6ylemiyoruz bile.   Usta yazar Ahmet \u00d6nel, \u00e7ocuklar i\u00e7in yine birbirinden g\u00fczel masallar haz\u0131rlad\u0131, beybaban\u0131n ceplerine doldurdu ve \u00e7ocuklarla bulu\u015fmas\u0131 i\u00e7in onu u\u011furlad\u0131.   Anlayaca\u011f\u0131n\u0131z beybabam\u0131z bu sefer de masallar\u0131m\u0131z\u0131n rotas\u0131n\u0131 de\u011fi\u015ftirmedi. Birbirinden ilgin\u00e7 karakterleriyle birlikte bir a\u011fa\u00e7 g\u00f6lgesine oturdu, sizleri bekliyor.     Tema: Kim oldu\u011fumuz Kavramlar ve Anahtar S\u00f6zc\u00fckler: Nesiller, masallar, oyun\/oyuncak, bak\u0131\u015f a\u00e7\u0131s\u0131, \u00f6nyarg\u0131, mutluluk, roller, korkular, kendin olmak, arkada\u015fl\u0131k, duygular, t\u00fcketim, ileti\u015fim Tutum ve De\u011ferler: Yarat\u0131c\u0131l\u0131k, empati, sevgi, sayg\u0131, \u00f6zg\u00fcven, kanaatkarl\u0131k, i\u015fbirli\u011fi, sorumluluk, de\u011fer bilme, ho\u015fg\u00f6r\u00fc Profil \u00d6\u011feleri: D\u00f6n\u00fc\u015f\u00fcml\u00fc d\u00fc\u015f\u00fcnen, ilkeli <\/p>\n","protected":false},"excerpt":{"rendered":"<p>Ger\u00e7e\u011fini aratmayan y\u00fczlerce kedi, palya\u00e7o k\u0131l\u0131\u011f\u0131na girip herkesi e\u011flendiren Kral Ki\u015fni\u015f, hi\u00e7bir i\u015fe yaram\u0131yorum diye \u00fcz\u00fclen Beyaz Kalem ve niceleri\u2026 Sizce de heyecan verici de\u011fil mi?<span class=\"excerpt-hellip\"> [\u2026]<\/span><\/p>\n","protected":false},"featured_media":0,"template":"","meta":{"_monsterinsights_skip_tracking":false,"_monsterinsights_sitenote_active":false,"_monsterinsights_sitenote_note":"","_monsterinsights_sitenote_category":0},"product_brand":[],"product_cat":[12275,12274],"product_tag":[],"class_list":{"0":"post-719008","1":"product","2":"type-product","3":"status-publish","5":"product_cat-6-12-yas-kitaplari","6":"product_cat-cocuk-ve-genclik-kitaplari","7":"pa_cilt-ciltsiz","8":"pa_tur-kitap","9":"pa_yayinevi-elma-cocuk","10":"pa_yazar-ahmet-onel","12":"first","13":"instock","14":"sale","15":"shipping-taxable","16":"purchasable","17":"product-type-simple"},"_links":{"self":[{"href":"https:\/\/roveyayinevi.com.tr\/index.php\/wp-json\/wp\/v2\/product\/719008","targetHints":{"allow":["GET"]}}],"collection":[{"href":"https:\/\/roveyayinevi.com.tr\/index.php\/wp-json\/wp\/v2\/product"}],"about":[{"href":"https:\/\/roveyayinevi.com.tr\/index.php\/wp-json\/wp\/v2\/types\/product"}],"wp:attachment":[{"href":"https:\/\/roveyayinevi.com.tr\/index.php\/wp-json\/wp\/v2\/media?parent=719008"}],"wp:term":[{"taxonomy":"product_brand","embeddable":true,"href":"https:\/\/roveyayinevi.com.tr\/index.php\/wp-json\/wp\/v2\/product_brand?post=719008"},{"taxonomy":"product_cat","embeddable":true,"href":"https:\/\/roveyayinevi.com.tr\/index.php\/wp-json\/wp\/v2\/product_cat?post=719008"},{"taxonomy":"product_tag","embeddable":true,"href":"https:\/\/roveyayinevi.com.tr\/index.php\/wp-json\/wp\/v2\/product_tag?post=719008"}],"curies":[{"name":"wp","href":"https:\/\/api.w.org\/{rel}","templated":true}]}}