{"id":719007,"date":"2025-08-27T18:16:30","date_gmt":"2025-08-27T15:16:30","guid":{"rendered":"https:\/\/roveyayinevi.com.tr\/index.php\/urun\/vefasiza-siirler\/"},"modified":"2026-04-16T02:26:54","modified_gmt":"2026-04-15T23:26:54","slug":"vefasiza-siirler","status":"publish","type":"product","link":"https:\/\/roveyayinevi.com.tr\/index.php\/urun\/vefasiza-siirler\/","title":{"rendered":"Vefas\u0131za \u015eiirler"},"content":{"rendered":"<p>Esmer g\u00fczeli, beni a\u015fk\u0131nla erittin Ruhumda a\u015fk g\u00fcne\u015finle yer ettin Bir buse i\u00e7in kalp k\u0131rarak gittin Ruhum sana a\u015fk oyunuyla kanarken \u00c7\u0131lg\u0131n gibi h\u00e2l\u00e2 yanarak \u00f6zlerim her an Bir ku\u015f gibi \u00e7\u0131rp\u0131narak her g\u00fcn figan Ederim ruhuma zulmet g\u00f6rmek i\u00e7in her an A\u011flayarak yanar\u0131m h\u00fcsn\u00fcne seni anarken \u201c Kitapta, 1932-34 y\u0131llar\u0131 aras\u0131nda sadece ad\u0131n\u0131 bildi\u011fimiz bir \u015fairin, kar\u015f\u0131l\u0131k bulamad\u0131\u011f\u0131 sevdi\u011fine duygu ve sitemlerini ifade eden 7 cm X 5 cm ebatlar\u0131nda k\u00fc\u00e7\u00fcc\u00fck bir deftere s\u0131\u011fd\u0131rd\u0131\u011f\u0131 a\u015fk \u015fiirlerini okuyacak, onun his d\u00fcnyas\u0131nda dola\u015facaks\u0131n\u0131z.\u201d<\/p>\n","protected":false},"excerpt":{"rendered":"<p>Esmer g\u00fczeli, beni a\u015fk\u0131nla erittin Ruhumda a\u015fk g\u00fcne\u015finle yer ettin Bir buse i\u00e7in kalp k\u0131rarak gittin Ruhum sana a\u015fk oyunuyla kanarken \u00c7\u0131lg\u0131n gibi h\u00e2l\u00e2 yanarak \u00f6zlerim<span class=\"excerpt-hellip\"> [\u2026]<\/span><\/p>\n","protected":false},"featured_media":0,"template":"","meta":{"_monsterinsights_skip_tracking":false,"_monsterinsights_sitenote_active":false,"_monsterinsights_sitenote_note":"","_monsterinsights_sitenote_category":0},"product_brand":[],"product_cat":[12291,12509],"product_tag":[],"class_list":{"0":"post-719007","1":"product","2":"type-product","3":"status-publish","5":"product_cat-edebiyat","6":"product_cat-siir","7":"pa_cilt-ciltsiz","8":"pa_tur-kitap","9":"pa_yayinevi-siyah-lale-yayinlari","10":"pa_yazar-halil-zenciroglu-kasim-kocabas","12":"first","13":"instock","14":"sale","15":"shipping-taxable","16":"purchasable","17":"product-type-simple"},"_links":{"self":[{"href":"https:\/\/roveyayinevi.com.tr\/index.php\/wp-json\/wp\/v2\/product\/719007","targetHints":{"allow":["GET"]}}],"collection":[{"href":"https:\/\/roveyayinevi.com.tr\/index.php\/wp-json\/wp\/v2\/product"}],"about":[{"href":"https:\/\/roveyayinevi.com.tr\/index.php\/wp-json\/wp\/v2\/types\/product"}],"wp:attachment":[{"href":"https:\/\/roveyayinevi.com.tr\/index.php\/wp-json\/wp\/v2\/media?parent=719007"}],"wp:term":[{"taxonomy":"product_brand","embeddable":true,"href":"https:\/\/roveyayinevi.com.tr\/index.php\/wp-json\/wp\/v2\/product_brand?post=719007"},{"taxonomy":"product_cat","embeddable":true,"href":"https:\/\/roveyayinevi.com.tr\/index.php\/wp-json\/wp\/v2\/product_cat?post=719007"},{"taxonomy":"product_tag","embeddable":true,"href":"https:\/\/roveyayinevi.com.tr\/index.php\/wp-json\/wp\/v2\/product_tag?post=719007"}],"curies":[{"name":"wp","href":"https:\/\/api.w.org\/{rel}","templated":true}]}}