{"id":719006,"date":"2025-08-27T18:16:29","date_gmt":"2025-08-27T15:16:29","guid":{"rendered":"https:\/\/roveyayinevi.com.tr\/index.php\/urun\/sizofreninin-bilissel-tedavisi-kanita-dayali-tedavi-rehberi\/"},"modified":"2026-04-16T02:26:54","modified_gmt":"2026-04-15T23:26:54","slug":"sizofreninin-bilissel-tedavisi-kanita-dayali-tedavi-rehberi","status":"publish","type":"product","link":"https:\/\/roveyayinevi.com.tr\/index.php\/urun\/sizofreninin-bilissel-tedavisi-kanita-dayali-tedavi-rehberi\/","title":{"rendered":"\u015eizofreninin Bili\u015fsel Tedavisi &#8211; Kan\u0131ta Dayal\u0131 Tedavi Rehberi"},"content":{"rendered":"<p>Bu kitap, \u015fizofrenide bili\u015fsel terapinin etkisi \u00fczerindeki ara\u015ft\u0131rmalar ve yazarlar\u0131n alandaki uzun y\u0131llara dayanan tecr\u00fcbesine dayanan bir form\u00fclasyon \u00fczerinde tutarl\u0131 bir yakla\u015f\u0131m sa\u011fl\u0131yor.Ayr\u0131nt\u0131l\u0131, ad\u0131m ad\u0131m detayland\u0131r\u0131lm\u0131\u015f etkili tekniklerle sanr\u0131l\u0131 inan\u00e7lar, sesler, g\u00f6r\u00fcnt\u00fcler, d\u00fc\u015f\u00fcnce bozukluklar\u0131 ve negatif semptomlar \u00e7al\u0131\u015f\u0131l\u0131yor. N\u00fcks riskini azaltmak ve hasta motivasyonunu artt\u0131rmak i\u00e7in kullan\u0131lan bili\u015fsel terapi teknikleri di\u011fer tedavi y\u00f6ntemleri ile uyumlu olarak veriliyor. Kitap, \u015fizofreni ile \u00e7al\u0131\u015fan klinisyen i\u00e7in destek sunuyor.<\/p>\n","protected":false},"excerpt":{"rendered":"<p>Bu kitap, \u015fizofrenide bili\u015fsel terapinin etkisi \u00fczerindeki ara\u015ft\u0131rmalar ve yazarlar\u0131n alandaki uzun y\u0131llara dayanan tecr\u00fcbesine dayanan bir form\u00fclasyon \u00fczerinde tutarl\u0131 bir yakla\u015f\u0131m sa\u011fl\u0131yor.Ayr\u0131nt\u0131l\u0131, ad\u0131m ad\u0131m detayland\u0131r\u0131lm\u0131\u015f<span class=\"excerpt-hellip\"> [\u2026]<\/span><\/p>\n","protected":false},"featured_media":0,"template":"","meta":{"_monsterinsights_skip_tracking":false,"_monsterinsights_sitenote_active":false,"_monsterinsights_sitenote_note":"","_monsterinsights_sitenote_category":0},"product_brand":[],"product_cat":[12358,12357],"product_tag":[],"class_list":{"0":"post-719006","1":"product","2":"type-product","3":"status-publish","5":"product_cat-genel-psikoloji","6":"product_cat-psikoloji","7":"pa_cilt-ciltsiz","8":"pa_tur-kitap","9":"pa_yayinevi-psikonet-yayinlari","10":"pa_yazar-david-g-kingdon-douglas-turkington","12":"first","13":"instock","14":"sale","15":"shipping-taxable","16":"purchasable","17":"product-type-simple"},"_links":{"self":[{"href":"https:\/\/roveyayinevi.com.tr\/index.php\/wp-json\/wp\/v2\/product\/719006","targetHints":{"allow":["GET"]}}],"collection":[{"href":"https:\/\/roveyayinevi.com.tr\/index.php\/wp-json\/wp\/v2\/product"}],"about":[{"href":"https:\/\/roveyayinevi.com.tr\/index.php\/wp-json\/wp\/v2\/types\/product"}],"wp:attachment":[{"href":"https:\/\/roveyayinevi.com.tr\/index.php\/wp-json\/wp\/v2\/media?parent=719006"}],"wp:term":[{"taxonomy":"product_brand","embeddable":true,"href":"https:\/\/roveyayinevi.com.tr\/index.php\/wp-json\/wp\/v2\/product_brand?post=719006"},{"taxonomy":"product_cat","embeddable":true,"href":"https:\/\/roveyayinevi.com.tr\/index.php\/wp-json\/wp\/v2\/product_cat?post=719006"},{"taxonomy":"product_tag","embeddable":true,"href":"https:\/\/roveyayinevi.com.tr\/index.php\/wp-json\/wp\/v2\/product_tag?post=719006"}],"curies":[{"name":"wp","href":"https:\/\/api.w.org\/{rel}","templated":true}]}}