{"id":719005,"date":"2025-08-27T18:16:28","date_gmt":"2025-08-27T15:16:28","guid":{"rendered":"https:\/\/roveyayinevi.com.tr\/index.php\/urun\/keskin\/"},"modified":"2026-04-16T02:26:54","modified_gmt":"2026-04-15T23:26:54","slug":"keskin","status":"publish","type":"product","link":"https:\/\/roveyayinevi.com.tr\/index.php\/urun\/keskin\/","title":{"rendered":"Keskin"},"content":{"rendered":"<p>\u201cKokusunda can buldu\u011fumSen benim u\u00e7urumum olacaks\u0131n.\u201d\u0130\u015fte oradayd\u0131&#8230;Muhta\u00e7 oldu\u011fum kad\u0131n korkuyla bana bak\u0131yordu. Sanki ona biraz daha dokunmazsam \u00f6lecektim. Bu hastal\u0131kl\u0131 duygular beni ele ge\u00e7irmi\u015fti, yava\u015f yava\u015f yan\u0131na yakla\u015ft\u0131m ve tam \u00f6n\u00fcnde  durarak g\u00f6zlerine  bakt\u0131m.O kadar g\u00fczeldi ki\u2026Bir papatya gibi k\u0131r\u0131lgan ve narindi. Bu eski evde bile \u0131\u015f\u0131l \u0131\u015f\u0131l parl\u0131yordu. \u015ea\u015fk\u0131n bak\u0131\u015flar\u0131yla tam \u00f6n\u00fcmde durmu\u015f bana bak\u0131yordu. O dolgun dudaklar\u0131 lo\u015f \u0131\u015f\u0131kta bile \u00e2deta bir g\u00fcne\u015f gibiydi. Ona bakt\u0131k\u00e7a bedenimdeki yang\u0131n beni iyice sard\u0131 ve i\u00e7imden ge\u00e7enleri yakar\u0131rcas\u0131na s\u00f6yledim: \u201cYak\u0131yorsun Zeynep! Alev alev, cay\u0131r cay\u0131r yak\u0131yorsun!\u201d <\/p>\n","protected":false},"excerpt":{"rendered":"<p>\u201cKokusunda can buldu\u011fumSen benim u\u00e7urumum olacaks\u0131n.\u201d\u0130\u015fte oradayd\u0131&#8230;Muhta\u00e7 oldu\u011fum kad\u0131n korkuyla bana bak\u0131yordu. Sanki ona biraz daha dokunmazsam \u00f6lecektim. Bu hastal\u0131kl\u0131 duygular beni ele ge\u00e7irmi\u015fti, yava\u015f yava\u015f<span class=\"excerpt-hellip\"> [\u2026]<\/span><\/p>\n","protected":false},"featured_media":0,"template":"","meta":{"_monsterinsights_skip_tracking":false,"_monsterinsights_sitenote_active":false,"_monsterinsights_sitenote_note":"","_monsterinsights_sitenote_category":0},"product_brand":[],"product_cat":[12291,12711],"product_tag":[],"class_list":{"0":"post-719005","1":"product","2":"type-product","3":"status-publish","5":"product_cat-edebiyat","6":"product_cat-roman-oyku","7":"pa_cilt-ciltsiz","8":"pa_tur-kitap","9":"pa_yayinevi-epsilon-yayinlari","10":"pa_yazar-berna-ilgin","12":"first","13":"instock","14":"sale","15":"shipping-taxable","16":"purchasable","17":"product-type-simple"},"_links":{"self":[{"href":"https:\/\/roveyayinevi.com.tr\/index.php\/wp-json\/wp\/v2\/product\/719005","targetHints":{"allow":["GET"]}}],"collection":[{"href":"https:\/\/roveyayinevi.com.tr\/index.php\/wp-json\/wp\/v2\/product"}],"about":[{"href":"https:\/\/roveyayinevi.com.tr\/index.php\/wp-json\/wp\/v2\/types\/product"}],"wp:attachment":[{"href":"https:\/\/roveyayinevi.com.tr\/index.php\/wp-json\/wp\/v2\/media?parent=719005"}],"wp:term":[{"taxonomy":"product_brand","embeddable":true,"href":"https:\/\/roveyayinevi.com.tr\/index.php\/wp-json\/wp\/v2\/product_brand?post=719005"},{"taxonomy":"product_cat","embeddable":true,"href":"https:\/\/roveyayinevi.com.tr\/index.php\/wp-json\/wp\/v2\/product_cat?post=719005"},{"taxonomy":"product_tag","embeddable":true,"href":"https:\/\/roveyayinevi.com.tr\/index.php\/wp-json\/wp\/v2\/product_tag?post=719005"}],"curies":[{"name":"wp","href":"https:\/\/api.w.org\/{rel}","templated":true}]}}