{"id":719002,"date":"2025-08-27T18:16:26","date_gmt":"2025-08-27T15:16:26","guid":{"rendered":"https:\/\/roveyayinevi.com.tr\/index.php\/urun\/dogudan-batiya-70-yasinda-serap-yaylaliya-sunulan-yazilar\/"},"modified":"2026-04-16T02:26:54","modified_gmt":"2026-04-15T23:26:54","slug":"dogudan-batiya-70-yasinda-serap-yaylaliya-sunulan-yazilar","status":"publish","type":"product","link":"https:\/\/roveyayinevi.com.tr\/index.php\/urun\/dogudan-batiya-70-yasinda-serap-yaylaliya-sunulan-yazilar\/","title":{"rendered":"Do\u011fudan Bat\u0131ya 70. Ya\u015f\u0131nda Serap Yaylal\u0131&#8217;ya Sunulan Yaz\u0131lar"},"content":{"rendered":"<p>Do\u011fudan Bat\u0131ya 70. Ya\u015f\u0131nda Serap Yaylal\u0131&#8217;ya Sunulan Yaz\u0131lar<\/p>\n","protected":false},"excerpt":{"rendered":"<p>Do\u011fudan Bat\u0131ya 70. Ya\u015f\u0131nda Serap Yaylal\u0131&#8217;ya Sunulan Yaz\u0131lar<\/p>\n","protected":false},"featured_media":0,"template":"","meta":{"_monsterinsights_skip_tracking":false,"_monsterinsights_sitenote_active":false,"_monsterinsights_sitenote_note":"","_monsterinsights_sitenote_category":0},"product_brand":[],"product_cat":[12370,12304],"product_tag":[],"class_list":{"0":"post-719002","1":"product","2":"type-product","3":"status-publish","5":"product_cat-arastirma-inceleme","6":"product_cat-tarih","7":"pa_cilt-ciltli","8":"pa_tur-kitap","9":"pa_yayinevi-bilgin-kultur-sanat","10":"pa_yazar-aydin-eron-emre-erdan","12":"first","13":"instock","14":"sale","15":"shipping-taxable","16":"purchasable","17":"product-type-simple"},"_links":{"self":[{"href":"https:\/\/roveyayinevi.com.tr\/index.php\/wp-json\/wp\/v2\/product\/719002","targetHints":{"allow":["GET"]}}],"collection":[{"href":"https:\/\/roveyayinevi.com.tr\/index.php\/wp-json\/wp\/v2\/product"}],"about":[{"href":"https:\/\/roveyayinevi.com.tr\/index.php\/wp-json\/wp\/v2\/types\/product"}],"wp:attachment":[{"href":"https:\/\/roveyayinevi.com.tr\/index.php\/wp-json\/wp\/v2\/media?parent=719002"}],"wp:term":[{"taxonomy":"product_brand","embeddable":true,"href":"https:\/\/roveyayinevi.com.tr\/index.php\/wp-json\/wp\/v2\/product_brand?post=719002"},{"taxonomy":"product_cat","embeddable":true,"href":"https:\/\/roveyayinevi.com.tr\/index.php\/wp-json\/wp\/v2\/product_cat?post=719002"},{"taxonomy":"product_tag","embeddable":true,"href":"https:\/\/roveyayinevi.com.tr\/index.php\/wp-json\/wp\/v2\/product_tag?post=719002"}],"curies":[{"name":"wp","href":"https:\/\/api.w.org\/{rel}","templated":true}]}}