{"id":719000,"date":"2025-08-27T18:16:25","date_gmt":"2025-08-27T15:16:25","guid":{"rendered":"https:\/\/roveyayinevi.com.tr\/index.php\/urun\/arkadasim-olmak-ister-misin\/"},"modified":"2026-04-16T02:26:54","modified_gmt":"2026-04-15T23:26:54","slug":"arkadasim-olmak-ister-misin","status":"publish","type":"product","link":"https:\/\/roveyayinevi.com.tr\/index.php\/urun\/arkadasim-olmak-ister-misin\/","title":{"rendered":"Arkada\u015f\u0131m Olmak \u0130ster Misin?"},"content":{"rendered":"<p>Ket\u00e7ap m\u0131s\u0131n, mayonez mi?Konu\u015fmay\u0131 m\u0131 seversin, dinlemeyi mi?Arkada\u015f\u0131nla e\u011flenmek mi istersin yoksa ciddi \u015feylerden konu\u015fmak m\u0131?Kendine benzeyen bir arkada\u015f m\u0131 tercih edersin, yoksa senden farkl\u0131 olan m\u0131?S\u0131rlar\u0131n\u0131 ve kalbini payla\u015fmak ister misin?Arkada\u015f\u0131m olmak ister misin?Bu kitap arkada\u015f\u0131 olmayan \u00e7ocuklar i\u00e7in yaz\u0131ld\u0131. T\u0131pk\u0131 kasabaya yeni ta\u015f\u0131nm\u0131\u015f Hedwige gibi.Tabii onun di\u011fer yaln\u0131z \u00e7ocuklardan bir fark\u0131 var. Hedwige\u2019nin \u00e7ok parlak bir fikri var. Arkada\u015f anketi!\u00d6d\u00fcll\u00fc yazar Susie Morgenstern\u2019den arkada\u015fl\u0131k \u00fczerine naif ve e\u015fsiz bir \u00f6yk\u00fc.<\/p>\n","protected":false},"excerpt":{"rendered":"<p>Ket\u00e7ap m\u0131s\u0131n, mayonez mi?Konu\u015fmay\u0131 m\u0131 seversin, dinlemeyi mi?Arkada\u015f\u0131nla e\u011flenmek mi istersin yoksa ciddi \u015feylerden konu\u015fmak m\u0131?Kendine benzeyen bir arkada\u015f m\u0131 tercih edersin, yoksa senden farkl\u0131 olan<span class=\"excerpt-hellip\"> [\u2026]<\/span><\/p>\n","protected":false},"featured_media":0,"template":"","meta":{"_monsterinsights_skip_tracking":false,"_monsterinsights_sitenote_active":false,"_monsterinsights_sitenote_note":"","_monsterinsights_sitenote_category":0},"product_brand":[],"product_cat":[12274,12284],"product_tag":[],"class_list":{"0":"post-719000","1":"product","2":"type-product","3":"status-publish","5":"product_cat-cocuk-ve-genclik-kitaplari","6":"product_cat-hikayeler","7":"pa_cilt-ciltsiz","8":"pa_tur-kitap","9":"pa_yayinevi-fom-kitap","10":"pa_yazar-susie-morgenstern","12":"first","13":"instock","14":"sale","15":"shipping-taxable","16":"purchasable","17":"product-type-simple"},"_links":{"self":[{"href":"https:\/\/roveyayinevi.com.tr\/index.php\/wp-json\/wp\/v2\/product\/719000","targetHints":{"allow":["GET"]}}],"collection":[{"href":"https:\/\/roveyayinevi.com.tr\/index.php\/wp-json\/wp\/v2\/product"}],"about":[{"href":"https:\/\/roveyayinevi.com.tr\/index.php\/wp-json\/wp\/v2\/types\/product"}],"wp:attachment":[{"href":"https:\/\/roveyayinevi.com.tr\/index.php\/wp-json\/wp\/v2\/media?parent=719000"}],"wp:term":[{"taxonomy":"product_brand","embeddable":true,"href":"https:\/\/roveyayinevi.com.tr\/index.php\/wp-json\/wp\/v2\/product_brand?post=719000"},{"taxonomy":"product_cat","embeddable":true,"href":"https:\/\/roveyayinevi.com.tr\/index.php\/wp-json\/wp\/v2\/product_cat?post=719000"},{"taxonomy":"product_tag","embeddable":true,"href":"https:\/\/roveyayinevi.com.tr\/index.php\/wp-json\/wp\/v2\/product_tag?post=719000"}],"curies":[{"name":"wp","href":"https:\/\/api.w.org\/{rel}","templated":true}]}}