{"id":718999,"date":"2025-08-27T18:16:24","date_gmt":"2025-08-27T15:16:24","guid":{"rendered":"https:\/\/roveyayinevi.com.tr\/index.php\/urun\/arastirma-nasil-tasarlanir-ve-raporlastirilir\/"},"modified":"2026-04-16T02:26:54","modified_gmt":"2026-04-15T23:26:54","slug":"arastirma-nasil-tasarlanir-ve-raporlastirilir","status":"publish","type":"product","link":"https:\/\/roveyayinevi.com.tr\/index.php\/urun\/arastirma-nasil-tasarlanir-ve-raporlastirilir\/","title":{"rendered":"Ara\u015ft\u0131rma Nas\u0131l Tasarlan\u0131r ve Raporla\u015ft\u0131r\u0131l\u0131r"},"content":{"rendered":"<p>\u00dcniversitede ara\u015ft\u0131rma teknikleri, istatistik vb. derslerokutmaktay\u0131m. Bug\u00fcne kadar lisans ve lisans sonras\u0131 d\u00fczeylerde ara\u015ft\u0131rma derslerinde farkl\u0131 kitaplar kulland\u0131m. Bu kitaplar\u0131n ansiklopedik bilgi anlam\u0131nda \u00f6\u011frencilere bir\u00e7ok kavram\u0131 ve y\u00f6ntemi tan\u0131tt\u0131\u011f\u0131n\u0131 s\u00f6yleyebilirim. Bununla birlikte, makale ya da tez\u00e7al\u0131\u015fmalar\u0131nda, \u00fcniversite \u00f6\u011frencisinden \u00f6\u011fretim \u00fcyesine kadar \u00e7e\u015fitli d\u00fczeylerde bir ara\u015ft\u0131rma raporunun haz\u0131rlanmas\u0131yla ilgili \u201c\u00d6zetini yazarken dikkate tmengerekenler? Giri\u015f k\u0131sm\u0131n\u0131 nas\u0131l kurgulars\u0131n?Bulgular\u0131n\u0131 nas\u0131l raporla\u015ft\u0131rmal\u0131s\u0131n?Tart\u0131\u015fmada neler yapman gerekir? Hatta kaynak\u00e7ay\u0131 nas\u0131l d\u00fczenlemelisin?\u201dkonular\u0131nda bilgi eksikliklerinin oldu\u011funu g\u00f6zlemledim. Bu kitap uygulamal\u0131 \u00f6rnekleriyle bir makale ya da raporda size ba\u015fl\u0131k, \u00f6zet, giri\u015f, y\u00f6ntem, tart\u0131\u015fma ve kaynak\u00e7an\u0131n nas\u0131l yaz\u0131laca\u011f\u0131n\u0131;yayg\u0131n parametrik ve nonprametrikistatistiklerin nas\u0131l yap\u0131l\u0131p, APA format\u0131na g\u00f6re raporla\u015ft\u0131r\u0131laca\u011f\u0131n\u0131elealmaktad\u0131r. Dolay\u0131s\u0131yla bu kitab\u0131, ara\u015ft\u0131rma alan\u0131nda yaz\u0131lm\u0131\u015f bir alternatif olmaktanziyade, di\u011ferlerini tamamlayan bir kaynak olarak d\u00fc\u015f\u00fcnmek gerekti\u011fi inanc\u0131nday\u0131m. <\/p>\n","protected":false},"excerpt":{"rendered":"<p>\u00dcniversitede ara\u015ft\u0131rma teknikleri, istatistik vb. derslerokutmaktay\u0131m. Bug\u00fcne kadar lisans ve lisans sonras\u0131 d\u00fczeylerde ara\u015ft\u0131rma derslerinde farkl\u0131 kitaplar kulland\u0131m. Bu kitaplar\u0131n ansiklopedik bilgi anlam\u0131nda \u00f6\u011frencilere bir\u00e7ok kavram\u0131<span class=\"excerpt-hellip\"> [\u2026]<\/span><\/p>\n","protected":false},"featured_media":0,"template":"","meta":{"_monsterinsights_skip_tracking":false,"_monsterinsights_sitenote_active":false,"_monsterinsights_sitenote_note":"","_monsterinsights_sitenote_category":0},"product_brand":[],"product_cat":[12573,12566],"product_tag":[],"class_list":{"0":"post-718999","1":"product","2":"type-product","3":"status-publish","5":"product_cat-akademik-kitaplar","6":"product_cat-egitim","7":"pa_cilt-ciltsiz","8":"pa_tur-kitap","9":"pa_yayinevi-ani-yayincilik","10":"pa_yazar-andy-field-graham-hole","12":"first","13":"instock","14":"sale","15":"shipping-taxable","16":"purchasable","17":"product-type-simple"},"_links":{"self":[{"href":"https:\/\/roveyayinevi.com.tr\/index.php\/wp-json\/wp\/v2\/product\/718999","targetHints":{"allow":["GET"]}}],"collection":[{"href":"https:\/\/roveyayinevi.com.tr\/index.php\/wp-json\/wp\/v2\/product"}],"about":[{"href":"https:\/\/roveyayinevi.com.tr\/index.php\/wp-json\/wp\/v2\/types\/product"}],"wp:attachment":[{"href":"https:\/\/roveyayinevi.com.tr\/index.php\/wp-json\/wp\/v2\/media?parent=718999"}],"wp:term":[{"taxonomy":"product_brand","embeddable":true,"href":"https:\/\/roveyayinevi.com.tr\/index.php\/wp-json\/wp\/v2\/product_brand?post=718999"},{"taxonomy":"product_cat","embeddable":true,"href":"https:\/\/roveyayinevi.com.tr\/index.php\/wp-json\/wp\/v2\/product_cat?post=718999"},{"taxonomy":"product_tag","embeddable":true,"href":"https:\/\/roveyayinevi.com.tr\/index.php\/wp-json\/wp\/v2\/product_tag?post=718999"}],"curies":[{"name":"wp","href":"https:\/\/api.w.org\/{rel}","templated":true}]}}