{"id":718996,"date":"2025-08-27T18:16:22","date_gmt":"2025-08-27T15:16:22","guid":{"rendered":"https:\/\/roveyayinevi.com.tr\/index.php\/urun\/buyuk-boz-ayinin-magarasi\/"},"modified":"2026-04-11T02:33:46","modified_gmt":"2026-04-10T23:33:46","slug":"buyuk-boz-ayinin-magarasi","status":"publish","type":"product","link":"https:\/\/roveyayinevi.com.tr\/index.php\/urun\/buyuk-boz-ayinin-magarasi\/","title":{"rendered":"B\u00fcy\u00fck Boz Ay\u0131n\u0131n Ma\u011faras\u0131"},"content":{"rendered":"<p>Tavus Ku\u015fu, kendini \u00e7ok ama \u00e7ok be\u011feniyordu. \u00c7\u00fcnk\u00fc ba\u015fka hi\u00e7bir hayvanda olmayan, upuzun, reng\u00e2renk bir kuyru\u011fu vard\u0131. Kuyru\u011funa zarar gelmesin diye i\u015flere elini s\u00fcrmeye yana\u015fm\u0131yor, kendini herkesten \u00fcst\u00fcn g\u00f6r\u00fcyordu. Dahas\u0131, t\u00fcylerini ve kuyru\u011funu hi\u00e7 be\u011fenmedi\u011fi Fare\u2019yi devaml\u0131 incitiyordu. G\u00fcnlerden bir g\u00fcn, hi\u00e7 umulmad\u0131k bir \u015fey oldu&#8230; Tavus Ku\u015fu\u2019nun o g\u00fczel t\u00fcyleri, teker teker d\u00f6k\u00fclmeye ba\u015flad\u0131! Tavus Ku\u015fu, bir anda tek ba\u015f\u0131na kalm\u0131\u015ft\u0131. Ama bu \u015fanss\u0131zl\u0131k, ona arkada\u015fl\u0131\u011f\u0131n ne oldu\u011funu g\u00f6steren muhte\u015fem bir maceraya d\u00f6n\u00fc\u015fecekti!  <\/p>\n","protected":false},"excerpt":{"rendered":"<p>Tavus Ku\u015fu, kendini \u00e7ok ama \u00e7ok be\u011feniyordu. \u00c7\u00fcnk\u00fc ba\u015fka hi\u00e7bir hayvanda olmayan, upuzun, reng\u00e2renk bir kuyru\u011fu vard\u0131. Kuyru\u011funa zarar gelmesin diye i\u015flere elini s\u00fcrmeye yana\u015fm\u0131yor, kendini<span class=\"excerpt-hellip\"> [\u2026]<\/span><\/p>\n","protected":false},"featured_media":0,"template":"","meta":{"_monsterinsights_skip_tracking":false,"_monsterinsights_sitenote_active":false,"_monsterinsights_sitenote_note":"","_monsterinsights_sitenote_category":0},"product_brand":[],"product_cat":[12274,12284],"product_tag":[],"class_list":{"0":"post-718996","1":"product","2":"type-product","3":"status-publish","5":"product_cat-cocuk-ve-genclik-kitaplari","6":"product_cat-hikayeler","7":"pa_cilt-ciltsiz","8":"pa_tur-kitap","9":"pa_yayinevi-is-bankasi-kultur-yayinlari","10":"pa_yazar-yuval-zommer","12":"first","13":"instock","14":"sale","15":"shipping-taxable","16":"purchasable","17":"product-type-simple"},"_links":{"self":[{"href":"https:\/\/roveyayinevi.com.tr\/index.php\/wp-json\/wp\/v2\/product\/718996","targetHints":{"allow":["GET"]}}],"collection":[{"href":"https:\/\/roveyayinevi.com.tr\/index.php\/wp-json\/wp\/v2\/product"}],"about":[{"href":"https:\/\/roveyayinevi.com.tr\/index.php\/wp-json\/wp\/v2\/types\/product"}],"wp:attachment":[{"href":"https:\/\/roveyayinevi.com.tr\/index.php\/wp-json\/wp\/v2\/media?parent=718996"}],"wp:term":[{"taxonomy":"product_brand","embeddable":true,"href":"https:\/\/roveyayinevi.com.tr\/index.php\/wp-json\/wp\/v2\/product_brand?post=718996"},{"taxonomy":"product_cat","embeddable":true,"href":"https:\/\/roveyayinevi.com.tr\/index.php\/wp-json\/wp\/v2\/product_cat?post=718996"},{"taxonomy":"product_tag","embeddable":true,"href":"https:\/\/roveyayinevi.com.tr\/index.php\/wp-json\/wp\/v2\/product_tag?post=718996"}],"curies":[{"name":"wp","href":"https:\/\/api.w.org\/{rel}","templated":true}]}}