{"id":718995,"date":"2025-08-27T18:16:21","date_gmt":"2025-08-27T15:16:21","guid":{"rendered":"https:\/\/roveyayinevi.com.tr\/index.php\/urun\/alaturka-saatleri-ayarlama\/"},"modified":"2026-04-16T02:26:54","modified_gmt":"2026-04-15T23:26:54","slug":"alaturka-saatleri-ayarlama","status":"publish","type":"product","link":"https:\/\/roveyayinevi.com.tr\/index.php\/urun\/alaturka-saatleri-ayarlama\/","title":{"rendered":"Alaturka Saatleri Ayarlama"},"content":{"rendered":"<p>Zaman kavram\u0131 ve zaman\u0131 \u00f6l\u00e7me ara\u00e7lar\u0131 toplumsal ve k\u00fclt\u00fcrel tarihin belki \u00fczerinde yeterince durulmam\u0131\u015f, \u00e7ok \u00f6nemli bir par\u00e7as\u0131d\u0131r. Avner Wishnitzer, 18. y\u00fczy\u0131l sonundan itibaren Osmanl\u0131 \u0130mparatorlu\u011fu\u2019nda zaman kavram\u0131 ve ara\u00e7lar\u0131nda ya\u015fanan de\u011fi\u015fimi, modernizm ve reform \u00e7abalar\u0131yla da ili\u015fkilendirerek inceledi\u011fi bu \u00e7al\u0131\u015fmas\u0131yla \u00f6nemli bir bo\u015flu\u011fu dolduruyor. Alaturka Saatleri Ayarlama. Ge\u00e7 Osmanl\u0131\u2019da Zaman ve Toplum, 18. y\u00fczy\u0131l sonuna kadar kendi zaman k\u00fclt\u00fcrleri \u00e7er\u00e7evesinde kalan Osmanl\u0131\u2019n\u0131n bu tutumunun 19. y\u00fczy\u0131lda k\u00fcresel ekonomiyle giderek b\u00fct\u00fcnle\u015filmesi ve modern devlet in\u015fas\u0131 s\u00fcreciyle birlikte nas\u0131l de\u011fi\u015fti\u011fini; bu de\u011fi\u015fimin iktidar ve egemenlik m\u00fccadeleleriyle nas\u0131l i\u00e7 i\u00e7e ge\u00e7ti\u011fini, nas\u0131l sembolik de\u011ferler y\u00fcklendi\u011fini irdeliyor. Wishnitzer\u2019in ar\u015fiv belgelerini oldu\u011fu kadar, \u015fiirlerden \u00f6yk\u00fclere, romanlardan an\u0131lara pek \u00e7ok edebi kayna\u011f\u0131 da kulland\u0131\u011f\u0131 bu \u00f6zg\u00fcn ve s\u00fcr\u00fckleyici \u00e7al\u0131\u015fma, zaman k\u00fclt\u00fcr\u00fcndeki de\u011fi\u015fimin sosyal gruplar\u0131n me\u015fruiyet aray\u0131\u015f\u0131nda bir arenaya d\u00f6n\u00fc\u015fmesini de \u00e7e\u015fitli y\u00f6nleriyle ele al\u0131yor. <\/p>\n","protected":false},"excerpt":{"rendered":"<p>Zaman kavram\u0131 ve zaman\u0131 \u00f6l\u00e7me ara\u00e7lar\u0131 toplumsal ve k\u00fclt\u00fcrel tarihin belki \u00fczerinde yeterince durulmam\u0131\u015f, \u00e7ok \u00f6nemli bir par\u00e7as\u0131d\u0131r. Avner Wishnitzer, 18. y\u00fczy\u0131l sonundan itibaren Osmanl\u0131 \u0130mparatorlu\u011fu\u2019nda<span class=\"excerpt-hellip\"> [\u2026]<\/span><\/p>\n","protected":false},"featured_media":0,"template":"","meta":{"_monsterinsights_skip_tracking":false,"_monsterinsights_sitenote_active":false,"_monsterinsights_sitenote_note":"","_monsterinsights_sitenote_category":0},"product_brand":[],"product_cat":[12370,12304],"product_tag":[],"class_list":{"0":"post-718995","1":"product","2":"type-product","3":"status-publish","5":"product_cat-arastirma-inceleme","6":"product_cat-tarih","7":"pa_cilt-ciltsiz","8":"pa_tur-kitap","9":"pa_yayinevi-is-bankasi-kultur-yayinlari","10":"pa_yazar-avner-wishnitzer","12":"first","13":"instock","14":"sale","15":"shipping-taxable","16":"purchasable","17":"product-type-simple"},"_links":{"self":[{"href":"https:\/\/roveyayinevi.com.tr\/index.php\/wp-json\/wp\/v2\/product\/718995","targetHints":{"allow":["GET"]}}],"collection":[{"href":"https:\/\/roveyayinevi.com.tr\/index.php\/wp-json\/wp\/v2\/product"}],"about":[{"href":"https:\/\/roveyayinevi.com.tr\/index.php\/wp-json\/wp\/v2\/types\/product"}],"wp:attachment":[{"href":"https:\/\/roveyayinevi.com.tr\/index.php\/wp-json\/wp\/v2\/media?parent=718995"}],"wp:term":[{"taxonomy":"product_brand","embeddable":true,"href":"https:\/\/roveyayinevi.com.tr\/index.php\/wp-json\/wp\/v2\/product_brand?post=718995"},{"taxonomy":"product_cat","embeddable":true,"href":"https:\/\/roveyayinevi.com.tr\/index.php\/wp-json\/wp\/v2\/product_cat?post=718995"},{"taxonomy":"product_tag","embeddable":true,"href":"https:\/\/roveyayinevi.com.tr\/index.php\/wp-json\/wp\/v2\/product_tag?post=718995"}],"curies":[{"name":"wp","href":"https:\/\/api.w.org\/{rel}","templated":true}]}}