{"id":718992,"date":"2025-08-27T18:16:18","date_gmt":"2025-08-27T15:16:18","guid":{"rendered":"https:\/\/roveyayinevi.com.tr\/index.php\/urun\/goriot-baba-5\/"},"modified":"2026-04-16T02:26:54","modified_gmt":"2026-04-15T23:26:54","slug":"goriot-baba-5","status":"publish","type":"product","link":"https:\/\/roveyayinevi.com.tr\/index.php\/urun\/goriot-baba-5\/","title":{"rendered":"Goriot Baba"},"content":{"rendered":"<p>Honor\u00e9 de Balzac (1799-1850): 19. yy Frans\u0131z edebiyat\u0131n\u0131n b\u00fcy\u00fck ismi. Edebi kariyerine oyun yazarak ba\u015flad\u0131, ald\u0131\u011f\u0131 ele\u015ftiriler neticesinde romana y\u00f6neldi. Yirmi y\u0131lda 85 roman\u0131 tamamlad\u0131, \u00f6ld\u00fc\u011f\u00fcnde arkas\u0131nda 50 roman tasla\u011f\u0131 b\u0131rakt\u0131. 1830 y\u0131l\u0131nda kurmaca eserlerini Dante\u2019nin \u0130lahi Komedya\u2019s\u0131na at\u0131fla \u0130nsanl\u0131k Komedyas\u0131 ba\u015fl\u0131\u011f\u0131 alt\u0131nda toplad\u0131. Bir k\u0131sm\u0131 zamanla edebiyat\u0131n arketiplerine d\u00f6n\u00fc\u015fen 2000\u2019i a\u015fk\u0131n karakter yaratt\u0131, t\u00fcm bu karakterleri \u00f6nyarg\u0131dan uzak analitik bir yakla\u015f\u0131mla, toplumsal s\u0131n\u0131f\u0131ndan yal\u0131tmaks\u0131z\u0131n ele ald\u0131. \u0130lk kez 1834 y\u0131l\u0131nda Revue de Paris\u2019de tefrika edilen Goriot Baba, \u0130nsanl\u0131k Komedyas\u0131\u2019n\u0131n T\u00f6re \u0130ncelemesi aya\u011f\u0131nda Paris Ya\u015fam\u0131ndan Sahneler ba\u015fl\u0131\u011f\u0131 alt\u0131nda yer al\u0131r. Yoksul d\u00fc\u015fm\u00fc\u015f eski t\u00fcccar ya\u015fl\u0131 Goriot\u2019nun sefaleti, \u0131st\u0131raplar\u0131 ve yaln\u0131zl\u0131\u011f\u0131n\u0131 merkeze alan roman, paran\u0131n insanl\u0131k durumu \u00fczerindeki n\u00fcfuzunu babal\u0131k m\u00fcessesi, insani zaaflar, g\u00f6steri\u015f budalal\u0131\u011f\u0131 \u00fczerinden son derece trajik bir olay \u00f6rg\u00fcs\u00fc ile g\u00f6zler \u00f6n\u00fcne serer. Kendi antitezlerini, yani anlat\u0131c\u0131n\u0131n yer yer \u00f6fkeli ve alayc\u0131 tavr\u0131n\u0131n cisimle\u015fti\u011fi Vautrin\u2019i, Paris sosyetesine g\u00f6z\u00fcn\u00fc dikmi\u015f, h\u0131rsl\u0131 ancak naif hukuk \u00f6\u011frencisi Rastignac\u2019\u0131 da i\u00e7inde bar\u0131nd\u0131ran bu burjuva cehennemi, Goriot Baba\u2019ya dek hi\u00e7 bu denli \u00e7arp\u0131c\u0131 bir \u00fcslupla tasvir edilmemi\u015ftir. <\/p>\n","protected":false},"excerpt":{"rendered":"<p>Honor\u00e9 de Balzac (1799-1850): 19. yy Frans\u0131z edebiyat\u0131n\u0131n b\u00fcy\u00fck ismi. Edebi kariyerine oyun yazarak ba\u015flad\u0131, ald\u0131\u011f\u0131 ele\u015ftiriler neticesinde romana y\u00f6neldi. Yirmi y\u0131lda 85 roman\u0131 tamamlad\u0131, \u00f6ld\u00fc\u011f\u00fcnde<span class=\"excerpt-hellip\"> [\u2026]<\/span><\/p>\n","protected":false},"featured_media":0,"template":"","meta":{"_monsterinsights_skip_tracking":false,"_monsterinsights_sitenote_active":false,"_monsterinsights_sitenote_note":"","_monsterinsights_sitenote_category":0},"product_brand":[],"product_cat":[12291,12711],"product_tag":[],"class_list":{"0":"post-718992","1":"product","2":"type-product","3":"status-publish","5":"product_cat-edebiyat","6":"product_cat-roman-oyku","7":"pa_cilt-ciltsiz","8":"pa_tur-kitap","9":"pa_yayinevi-is-bankasi-kultur-yayinlari","10":"pa_yazar-honore-de-balzac","12":"first","13":"instock","14":"sale","15":"shipping-taxable","16":"purchasable","17":"product-type-simple"},"_links":{"self":[{"href":"https:\/\/roveyayinevi.com.tr\/index.php\/wp-json\/wp\/v2\/product\/718992","targetHints":{"allow":["GET"]}}],"collection":[{"href":"https:\/\/roveyayinevi.com.tr\/index.php\/wp-json\/wp\/v2\/product"}],"about":[{"href":"https:\/\/roveyayinevi.com.tr\/index.php\/wp-json\/wp\/v2\/types\/product"}],"wp:attachment":[{"href":"https:\/\/roveyayinevi.com.tr\/index.php\/wp-json\/wp\/v2\/media?parent=718992"}],"wp:term":[{"taxonomy":"product_brand","embeddable":true,"href":"https:\/\/roveyayinevi.com.tr\/index.php\/wp-json\/wp\/v2\/product_brand?post=718992"},{"taxonomy":"product_cat","embeddable":true,"href":"https:\/\/roveyayinevi.com.tr\/index.php\/wp-json\/wp\/v2\/product_cat?post=718992"},{"taxonomy":"product_tag","embeddable":true,"href":"https:\/\/roveyayinevi.com.tr\/index.php\/wp-json\/wp\/v2\/product_tag?post=718992"}],"curies":[{"name":"wp","href":"https:\/\/api.w.org\/{rel}","templated":true}]}}