{"id":718989,"date":"2025-08-27T18:16:16","date_gmt":"2025-08-27T15:16:16","guid":{"rendered":"https:\/\/roveyayinevi.com.tr\/index.php\/urun\/sobe-ben-penelope-dunyalar-benim-oldu\/"},"modified":"2026-04-16T02:26:54","modified_gmt":"2026-04-15T23:26:54","slug":"sobe-ben-penelope-dunyalar-benim-oldu","status":"publish","type":"product","link":"https:\/\/roveyayinevi.com.tr\/index.php\/urun\/sobe-ben-penelope-dunyalar-benim-oldu\/","title":{"rendered":"Sobe, Ben Penelope! D\u00fcnyalar Benim Oldu"},"content":{"rendered":"<p>Penelope ile d\u00fcnyay\u0131 dola\u015fmaya haz\u0131r m\u0131s\u0131n\u0131z?\u201cU\u00e7suz bucaks\u0131z d\u00fcnyan\u0131n, ucuna buca\u011f\u0131na ettim seyahatU\u00e7uverdim s\u00f6zc\u00fcklerle, harflerden yapt\u0131m kendime kanat\u2026\u201d\u201cB\u00fcy\u00fcy\u00fcnce ne olacaks\u0131n?\u201d sorusuna verdi\u011fi muzip ve e\u011flenceli yan\u0131tlarla kalbimizi \u00e7alan masal kahraman\u0131 Penelope, D\u00fcnyalar Benim Oldu adl\u0131 yeni \u00f6yk\u00fcs\u00fcnde kendi kitab\u0131n\u0131 yazmak i\u00e7in kollar\u0131 s\u0131v\u0131yor ve kelimeden kelimeye gezerek bir d\u00fcnya turuna \u00e7\u0131k\u0131yor. D\u00fc\u015f gezgini Penelope\u2019ye bu sihirli yolculu\u011funda e\u015flik etmeye ne dersiniz? Kimbilir, belki de t\u00fcm yollar evinize, kalbinize a\u00e7\u0131l\u0131r\u2026G\u00f6knur Birincio\u011flu\u2019nun kaleme ald\u0131\u011f\u0131, Sernur I\u015f\u0131k\u2019\u0131n resimledi\u011fi \u201cSobe, Ben Penelope!\u201d serisiyle siz de fark\u0131na varacaks\u0131n\u0131z ki sihir sizin i\u00e7inizde!<\/p>\n","protected":false},"excerpt":{"rendered":"<p>Penelope ile d\u00fcnyay\u0131 dola\u015fmaya haz\u0131r m\u0131s\u0131n\u0131z?\u201cU\u00e7suz bucaks\u0131z d\u00fcnyan\u0131n, ucuna buca\u011f\u0131na ettim seyahatU\u00e7uverdim s\u00f6zc\u00fcklerle, harflerden yapt\u0131m kendime kanat\u2026\u201d\u201cB\u00fcy\u00fcy\u00fcnce ne olacaks\u0131n?\u201d sorusuna verdi\u011fi muzip ve e\u011flenceli yan\u0131tlarla kalbimizi<span class=\"excerpt-hellip\"> [\u2026]<\/span><\/p>\n","protected":false},"featured_media":0,"template":"","meta":{"_monsterinsights_skip_tracking":false,"_monsterinsights_sitenote_active":false,"_monsterinsights_sitenote_note":"","_monsterinsights_sitenote_category":0},"product_brand":[],"product_cat":[15192,12274],"product_tag":[],"class_list":{"0":"post-718989","1":"product","2":"type-product","3":"status-publish","5":"product_cat-1-3-yas-kitaplari","6":"product_cat-cocuk-ve-genclik-kitaplari","7":"pa_cilt-ciltsiz","8":"pa_tur-kitap","9":"pa_yayinevi-redhouse-kidz-yayinlari","10":"pa_yazar-goknur-birincioglu","12":"first","13":"instock","14":"sale","15":"shipping-taxable","16":"purchasable","17":"product-type-simple"},"_links":{"self":[{"href":"https:\/\/roveyayinevi.com.tr\/index.php\/wp-json\/wp\/v2\/product\/718989","targetHints":{"allow":["GET"]}}],"collection":[{"href":"https:\/\/roveyayinevi.com.tr\/index.php\/wp-json\/wp\/v2\/product"}],"about":[{"href":"https:\/\/roveyayinevi.com.tr\/index.php\/wp-json\/wp\/v2\/types\/product"}],"wp:attachment":[{"href":"https:\/\/roveyayinevi.com.tr\/index.php\/wp-json\/wp\/v2\/media?parent=718989"}],"wp:term":[{"taxonomy":"product_brand","embeddable":true,"href":"https:\/\/roveyayinevi.com.tr\/index.php\/wp-json\/wp\/v2\/product_brand?post=718989"},{"taxonomy":"product_cat","embeddable":true,"href":"https:\/\/roveyayinevi.com.tr\/index.php\/wp-json\/wp\/v2\/product_cat?post=718989"},{"taxonomy":"product_tag","embeddable":true,"href":"https:\/\/roveyayinevi.com.tr\/index.php\/wp-json\/wp\/v2\/product_tag?post=718989"}],"curies":[{"name":"wp","href":"https:\/\/api.w.org\/{rel}","templated":true}]}}