{"id":718987,"date":"2025-08-27T18:16:15","date_gmt":"2025-08-27T15:16:15","guid":{"rendered":"https:\/\/roveyayinevi.com.tr\/index.php\/urun\/sosyalist-cep-kitaplari-seti-12-kitap\/"},"modified":"2026-04-16T02:26:54","modified_gmt":"2026-04-15T23:26:54","slug":"sosyalist-cep-kitaplari-seti-12-kitap","status":"publish","type":"product","link":"https:\/\/roveyayinevi.com.tr\/index.php\/urun\/sosyalist-cep-kitaplari-seti-12-kitap\/","title":{"rendered":"Sosyalist Cep Kitaplar\u0131 Seti (12 Kitap)"},"content":{"rendered":"<p>Sette Bulunan Kitaplar ;Marksizim ve Birey Sorunsal\u0131Karl Marx ve Marksizm \u00dczerine  Marksist \u0130ktisat El Kitab\u0131   Kom\u00fcnist Manifesto Cep  Marksizm Nedir?   Sosyalizm Alfabesi   Marksizme S\u0131ra D\u0131\u015f\u0131 Bir Giri\u015f  Marksizm \u00dczerine D\u00f6rt Ders  Diyalektik Materyalizme Giri\u015f  Tarihin Yap\u0131lar\u0131   Felsefe \u0130ncelemeleri Felsefe El Kitab\u0131 <\/p>\n","protected":false},"excerpt":{"rendered":"<p>Sette Bulunan Kitaplar ;Marksizim ve Birey Sorunsal\u0131Karl Marx ve Marksizm \u00dczerine Marksist \u0130ktisat El Kitab\u0131 Kom\u00fcnist Manifesto Cep Marksizm Nedir? Sosyalizm Alfabesi Marksizme S\u0131ra D\u0131\u015f\u0131 Bir<span class=\"excerpt-hellip\"> [\u2026]<\/span><\/p>\n","protected":false},"featured_media":0,"template":"","meta":{"_monsterinsights_skip_tracking":false,"_monsterinsights_sitenote_active":false,"_monsterinsights_sitenote_note":"","_monsterinsights_sitenote_category":0},"product_brand":[],"product_cat":[13590,12337],"product_tag":[],"class_list":{"0":"post-718987","1":"product","2":"type-product","3":"status-publish","5":"product_cat-arastirma-inceleme-politika-siyaset","6":"product_cat-politika-siyaset","7":"pa_cilt-ciltsiz","8":"pa_tur-kitap","9":"pa_yayinevi-yordam-kitap","10":"pa_yazar-kolektif","12":"first","13":"instock","14":"sale","15":"shipping-taxable","16":"purchasable","17":"product-type-simple"},"_links":{"self":[{"href":"https:\/\/roveyayinevi.com.tr\/index.php\/wp-json\/wp\/v2\/product\/718987","targetHints":{"allow":["GET"]}}],"collection":[{"href":"https:\/\/roveyayinevi.com.tr\/index.php\/wp-json\/wp\/v2\/product"}],"about":[{"href":"https:\/\/roveyayinevi.com.tr\/index.php\/wp-json\/wp\/v2\/types\/product"}],"wp:attachment":[{"href":"https:\/\/roveyayinevi.com.tr\/index.php\/wp-json\/wp\/v2\/media?parent=718987"}],"wp:term":[{"taxonomy":"product_brand","embeddable":true,"href":"https:\/\/roveyayinevi.com.tr\/index.php\/wp-json\/wp\/v2\/product_brand?post=718987"},{"taxonomy":"product_cat","embeddable":true,"href":"https:\/\/roveyayinevi.com.tr\/index.php\/wp-json\/wp\/v2\/product_cat?post=718987"},{"taxonomy":"product_tag","embeddable":true,"href":"https:\/\/roveyayinevi.com.tr\/index.php\/wp-json\/wp\/v2\/product_tag?post=718987"}],"curies":[{"name":"wp","href":"https:\/\/api.w.org\/{rel}","templated":true}]}}