{"id":718983,"date":"2025-08-27T18:16:12","date_gmt":"2025-08-27T15:16:12","guid":{"rendered":"https:\/\/roveyayinevi.com.tr\/index.php\/urun\/bucur-elma-mevlanadan-cocuklara\/"},"modified":"2026-04-08T02:34:13","modified_gmt":"2026-04-07T23:34:13","slug":"bucur-elma-mevlanadan-cocuklara","status":"publish","type":"product","link":"https:\/\/roveyayinevi.com.tr\/index.php\/urun\/bucur-elma-mevlanadan-cocuklara\/","title":{"rendered":"B\u00fcc\u00fcr Elma &#8211; Mevlana&#8217;dan \u00c7ocuklara"},"content":{"rendered":"<p>Kahraman\u0131m\u0131z\u0131n kimi zaman bir elma, kimi zaman bir su damlas\u0131 oldu\u011fu, dostluk, sevgi, arkada\u015fl\u0131k, d\u00fcr\u00fcstl\u00fck ve sab\u0131r \u00fczerine s\u00f6ylenmi\u015f s\u00f6zler, masallar, hik\u00e2yeler&#8230;B\u00fcy\u00fck T\u00fcrk d\u00fc\u015f\u00fcn\u00fcr\u00fc Mevl\u00e2na\u2019n\u0131n en g\u00fczel s\u00f6zlerinden yola \u00e7\u0131karak haz\u0131rlanan \u201cMevl\u00e2na\u2019dan \u00c7ocuklara\u201d serisi alt\u0131 kitaptan olu\u015fan hik\u00e2ye ve masallarla sizi s\u0131cac\u0131k bir yolculu\u011fa \u00e7\u0131kar\u0131yor.Mevl\u00e2na\u2019dan \u00c7ocuklaraB\u00fcc\u00fcr ElmaSu Damlas\u0131Cing\u00f6zGer\u00e7ek DostD\u00fcr\u00fcst UstaAlara<\/p>\n","protected":false},"excerpt":{"rendered":"<p>Kahraman\u0131m\u0131z\u0131n kimi zaman bir elma, kimi zaman bir su damlas\u0131 oldu\u011fu, dostluk, sevgi, arkada\u015fl\u0131k, d\u00fcr\u00fcstl\u00fck ve sab\u0131r \u00fczerine s\u00f6ylenmi\u015f s\u00f6zler, masallar, hik\u00e2yeler&#8230;B\u00fcy\u00fck T\u00fcrk d\u00fc\u015f\u00fcn\u00fcr\u00fc Mevl\u00e2na\u2019n\u0131n en<span class=\"excerpt-hellip\"> [\u2026]<\/span><\/p>\n","protected":false},"featured_media":0,"template":"","meta":{"_monsterinsights_skip_tracking":false,"_monsterinsights_sitenote_active":false,"_monsterinsights_sitenote_note":"","_monsterinsights_sitenote_category":0},"product_brand":[],"product_cat":[12274,12284],"product_tag":[],"class_list":{"0":"post-718983","1":"product","2":"type-product","3":"status-publish","5":"product_cat-cocuk-ve-genclik-kitaplari","6":"product_cat-hikayeler","7":"pa_cilt-ciltsiz","8":"pa_tur-kitap","9":"pa_yayinevi-marti-cocuk-yayinlari","10":"pa_yazar-senay-sacbuker","12":"first","13":"instock","14":"sale","15":"shipping-taxable","16":"purchasable","17":"product-type-simple"},"_links":{"self":[{"href":"https:\/\/roveyayinevi.com.tr\/index.php\/wp-json\/wp\/v2\/product\/718983","targetHints":{"allow":["GET"]}}],"collection":[{"href":"https:\/\/roveyayinevi.com.tr\/index.php\/wp-json\/wp\/v2\/product"}],"about":[{"href":"https:\/\/roveyayinevi.com.tr\/index.php\/wp-json\/wp\/v2\/types\/product"}],"wp:attachment":[{"href":"https:\/\/roveyayinevi.com.tr\/index.php\/wp-json\/wp\/v2\/media?parent=718983"}],"wp:term":[{"taxonomy":"product_brand","embeddable":true,"href":"https:\/\/roveyayinevi.com.tr\/index.php\/wp-json\/wp\/v2\/product_brand?post=718983"},{"taxonomy":"product_cat","embeddable":true,"href":"https:\/\/roveyayinevi.com.tr\/index.php\/wp-json\/wp\/v2\/product_cat?post=718983"},{"taxonomy":"product_tag","embeddable":true,"href":"https:\/\/roveyayinevi.com.tr\/index.php\/wp-json\/wp\/v2\/product_tag?post=718983"}],"curies":[{"name":"wp","href":"https:\/\/api.w.org\/{rel}","templated":true}]}}