{"id":718981,"date":"2025-08-27T18:16:10","date_gmt":"2025-08-27T15:16:10","guid":{"rendered":"https:\/\/roveyayinevi.com.tr\/index.php\/urun\/insan-ne-ile-yasar-16\/"},"modified":"2026-04-16T02:26:54","modified_gmt":"2026-04-15T23:26:54","slug":"insan-ne-ile-yasar-16","status":"publish","type":"product","link":"https:\/\/roveyayinevi.com.tr\/index.php\/urun\/insan-ne-ile-yasar-16\/","title":{"rendered":"\u0130nsan Ne \u0130le Ya\u015far?"},"content":{"rendered":"<p>Simon fakir bir kundurac\u0131d\u0131r. Y\u0131llard\u0131r ge\u00e7im s\u0131k\u0131nt\u0131s\u0131 \u00e7ekmektedir. \u00c7\u00fcnk\u00fc yapt\u0131\u011f\u0131 i\u015ften elde etti\u011fi kazan\u00e7 ge\u00e7imini sa\u011flamaya yetmez. Kendine ait ne bir evi ne de bir tarlas\u0131 vard\u0131r. Bir paltoyu bile t\u00fcm k\u0131\u015f boyunca e\u015fiyle ortak kullan\u0131rlar. Ancak o da eskimi\u015f, \u00e7oktan pa\u00e7avraya d\u00f6nm\u00fc\u015ft\u00fcr. \u0130ki y\u0131ld\u0131r koyun derisi de satmaya ba\u015flayan Simon yeni bir palto almay\u0131 arzular ve bunun i\u00e7in bor\u00e7lular\u0131ndan alacaklar\u0131n\u0131 toplamaya \u00e7al\u0131\u015f\u0131r.\u0130\u015fte elinizdeki bu eser Tolstoy&#8217;un fakir kundurac\u0131s\u0131n\u0131n bu \u015fekilde ba\u015flayan hik\u00e2yesinin e\u015fsiz bir anlat\u0131m\u0131d\u0131r.<\/p>\n","protected":false},"excerpt":{"rendered":"<p>Simon fakir bir kundurac\u0131d\u0131r. Y\u0131llard\u0131r ge\u00e7im s\u0131k\u0131nt\u0131s\u0131 \u00e7ekmektedir. \u00c7\u00fcnk\u00fc yapt\u0131\u011f\u0131 i\u015ften elde etti\u011fi kazan\u00e7 ge\u00e7imini sa\u011flamaya yetmez. Kendine ait ne bir evi ne de bir tarlas\u0131<span class=\"excerpt-hellip\"> [\u2026]<\/span><\/p>\n","protected":false},"featured_media":0,"template":"","meta":{"_monsterinsights_skip_tracking":false,"_monsterinsights_sitenote_active":false,"_monsterinsights_sitenote_note":"","_monsterinsights_sitenote_category":0},"product_brand":[],"product_cat":[12291,12711],"product_tag":[],"class_list":{"0":"post-718981","1":"product","2":"type-product","3":"status-publish","5":"product_cat-edebiyat","6":"product_cat-roman-oyku","7":"pa_cilt-ciltsiz","8":"pa_tur-kitap","9":"pa_yayinevi-atac-yayinlari","10":"pa_yazar-lev-nikolayevic-tolstoy","12":"first","13":"instock","14":"sale","15":"shipping-taxable","16":"purchasable","17":"product-type-simple"},"_links":{"self":[{"href":"https:\/\/roveyayinevi.com.tr\/index.php\/wp-json\/wp\/v2\/product\/718981","targetHints":{"allow":["GET"]}}],"collection":[{"href":"https:\/\/roveyayinevi.com.tr\/index.php\/wp-json\/wp\/v2\/product"}],"about":[{"href":"https:\/\/roveyayinevi.com.tr\/index.php\/wp-json\/wp\/v2\/types\/product"}],"wp:attachment":[{"href":"https:\/\/roveyayinevi.com.tr\/index.php\/wp-json\/wp\/v2\/media?parent=718981"}],"wp:term":[{"taxonomy":"product_brand","embeddable":true,"href":"https:\/\/roveyayinevi.com.tr\/index.php\/wp-json\/wp\/v2\/product_brand?post=718981"},{"taxonomy":"product_cat","embeddable":true,"href":"https:\/\/roveyayinevi.com.tr\/index.php\/wp-json\/wp\/v2\/product_cat?post=718981"},{"taxonomy":"product_tag","embeddable":true,"href":"https:\/\/roveyayinevi.com.tr\/index.php\/wp-json\/wp\/v2\/product_tag?post=718981"}],"curies":[{"name":"wp","href":"https:\/\/api.w.org\/{rel}","templated":true}]}}