{"id":718975,"date":"2025-08-27T18:16:06","date_gmt":"2025-08-27T15:16:06","guid":{"rendered":"https:\/\/roveyayinevi.com.tr\/index.php\/urun\/kokular-kitabi-iv-ciltli\/"},"modified":"2026-04-16T02:26:53","modified_gmt":"2026-04-15T23:26:53","slug":"kokular-kitabi-iv-ciltli","status":"publish","type":"product","link":"https:\/\/roveyayinevi.com.tr\/index.php\/urun\/kokular-kitabi-iv-ciltli\/","title":{"rendered":"Kokular Kitab\u0131 &#8211; IV (Ciltli)"},"content":{"rendered":"<p>Ve nihayet kokular\u0131n lezzetlerle bulu\u015ftu\u011fu o beklenen cilde s\u0131ra geldi! T\u00fcrk\u00e7e koku literat\u00fcr\u00fcn\u00fcn kurucusu Vedat Ozan\u2019\u0131n tad\u0131na doyulmaz kaleminden; tarihin, d\u00fcnyan\u0131n, kimyan\u0131n ve de insan\u0131n bildi\u011fi Lezzetler i\u00e7in g\u00f6rkemli bir kapan\u0131\u015f sahnesi&#8230; Beslenmek i\u00e7in yemekten ziyade damak zevkimizin pe\u015finde giderken d\u00fcnya tarihini nas\u0131l de\u011fi\u015ftirdik? Kapitalizm, baharat ticaretinden mi do\u011fdu?  Mutfaklar\u0131m\u0131zda t\u00fcten dumanlar bize neyi anlat\u0131yor?    Kolal\u0131 i\u00e7eceklerin ger\u00e7ek hik\u00e2yesinden yeni ke\u015ffedilen tatlara ve soylular\u0131n yasak a\u015fklar\u0131na uzan\u0131rken ba\u015f\u0131n\u0131z d\u00f6nmesin, daha k\u00f6le ticaretinden girip aromalardan \u00e7\u0131k\u0131lacak&#8230;   Elinizdeki bir yemek kitab\u0131 ama i\u00e7inde tek bir yemek tarififi dahi yok! Bu kitab\u0131 okuyunca gurme olmayacaks\u0131n\u0131z ama gurmeleri terletecek sorular sorabileceksiniz. \u201cKaz\u0131n aya\u011f\u0131\u201d \u00f6yle miymi\u015f, hep birlikte g\u00f6rece\u011fiz! Kokular Kitab\u0131, istedi\u011finiz s\u0131rayla okuyabilece\u011finiz d\u00f6rt ciltten olu\u015fuyor:  Kokuya dair alg\u0131n\u0131n nas\u0131l olu\u015ftu\u011funa odaklanan ilk kitap, bir \u00fcr\u00fcn olarak Parf\u00fcmler ve elbette K\u00fclt\u00fcrler i\u00e7inde kokunun temas etti\u011fi yerleri inceleyen \u00fc\u00e7 cildin ard\u0131ndan&#8230; D\u00fcnyan\u0131n say\u0131l\u0131 koku uzmanlar\u0131ndan, T\u00fcrkiye\u2019de burnunun  dikine gidenlerin yolunu a\u00e7an Vedat Ozan\u2019\u0131n Kokular Kitab\u0131 koleksiyonu bu kitapla tamamlan\u0131yor. Arada a\u011fz\u0131n\u0131z\u0131n tad\u0131 ka\u00e7arsa bir bardak su i\u00e7in ve derin bir nefes al\u0131n. Nefesle birlikte koku da ald\u0131\u011f\u0131n\u0131z\u0131n fark\u0131ndaysan\u0131z,  ba\u015fl\u0131yoruz efendim!<\/p>\n","protected":false},"excerpt":{"rendered":"<p>Ve nihayet kokular\u0131n lezzetlerle bulu\u015ftu\u011fu o beklenen cilde s\u0131ra geldi! T\u00fcrk\u00e7e koku literat\u00fcr\u00fcn\u00fcn kurucusu Vedat Ozan\u2019\u0131n tad\u0131na doyulmaz kaleminden; tarihin, d\u00fcnyan\u0131n, kimyan\u0131n ve de insan\u0131n bildi\u011fi<span class=\"excerpt-hellip\"> [\u2026]<\/span><\/p>\n","protected":false},"featured_media":0,"template":"","meta":{"_monsterinsights_skip_tracking":false,"_monsterinsights_sitenote_active":false,"_monsterinsights_sitenote_note":"","_monsterinsights_sitenote_category":0},"product_brand":[],"product_cat":[13772,12364],"product_tag":[],"class_list":{"0":"post-718975","1":"product","2":"type-product","3":"status-publish","5":"product_cat-basvuru-kitaplari","6":"product_cat-genel-konular","7":"pa_cilt-ciltli","8":"pa_tur-kitap","9":"pa_yayinevi-everest-yayinlari","10":"pa_yazar-vedat-ozan","12":"first","13":"instock","14":"sale","15":"shipping-taxable","16":"purchasable","17":"product-type-simple"},"_links":{"self":[{"href":"https:\/\/roveyayinevi.com.tr\/index.php\/wp-json\/wp\/v2\/product\/718975","targetHints":{"allow":["GET"]}}],"collection":[{"href":"https:\/\/roveyayinevi.com.tr\/index.php\/wp-json\/wp\/v2\/product"}],"about":[{"href":"https:\/\/roveyayinevi.com.tr\/index.php\/wp-json\/wp\/v2\/types\/product"}],"wp:attachment":[{"href":"https:\/\/roveyayinevi.com.tr\/index.php\/wp-json\/wp\/v2\/media?parent=718975"}],"wp:term":[{"taxonomy":"product_brand","embeddable":true,"href":"https:\/\/roveyayinevi.com.tr\/index.php\/wp-json\/wp\/v2\/product_brand?post=718975"},{"taxonomy":"product_cat","embeddable":true,"href":"https:\/\/roveyayinevi.com.tr\/index.php\/wp-json\/wp\/v2\/product_cat?post=718975"},{"taxonomy":"product_tag","embeddable":true,"href":"https:\/\/roveyayinevi.com.tr\/index.php\/wp-json\/wp\/v2\/product_tag?post=718975"}],"curies":[{"name":"wp","href":"https:\/\/api.w.org\/{rel}","templated":true}]}}