{"id":718972,"date":"2025-08-27T18:16:04","date_gmt":"2025-08-27T15:16:04","guid":{"rendered":"https:\/\/roveyayinevi.com.tr\/index.php\/urun\/gantz-8\/"},"modified":"2026-04-16T02:26:53","modified_gmt":"2026-04-15T23:26:53","slug":"gantz-8","status":"publish","type":"product","link":"https:\/\/roveyayinevi.com.tr\/index.php\/urun\/gantz-8\/","title":{"rendered":"Gantz 8"},"content":{"rendered":"<p>B\u00fcy\u00fck s\u00fcrprizleri mahvetmemek laz\u0131m ama bu cilt Gantz\u2019\u0131n d\u00f6n\u00fcm noktas\u0131 olabilir. Muazzam Buda m\u00fccadelesinin sonu geliyor ve i\u015fler hi\u00e7 de yolunda de\u011fil gibi. Asl\u0131nda, kahramanlar\u0131m\u0131zdan tek birinin bile Tokyo Kulesi\u2019ne tepeden bakan o daireye d\u00f6nmemesi \u015fa\u015f\u0131rt\u0131c\u0131 olmayacak. Ama bir yerlerde ufak bir umut k\u0131r\u0131nt\u0131s\u0131 da var bir \u015fekilde. Gantz\u2019\u0131n av ekibine dahil olmayan yeni karakterlerin de kat\u0131l\u0131m\u0131yla, diziye hakim olan gizem iyice artacak. B\u00fcy\u00fck bir keyifle okuyup devam\u0131n\u0131 heyecanla bekledi\u011finiz yeti\u015fkin mangas\u0131 Gantz, hi\u00e7 d\u00fc\u015fmeyen temposuyla devam ediyor.<\/p>\n","protected":false},"excerpt":{"rendered":"<p>B\u00fcy\u00fck s\u00fcrprizleri mahvetmemek laz\u0131m ama bu cilt Gantz\u2019\u0131n d\u00f6n\u00fcm noktas\u0131 olabilir. Muazzam Buda m\u00fccadelesinin sonu geliyor ve i\u015fler hi\u00e7 de yolunda de\u011fil gibi. Asl\u0131nda, kahramanlar\u0131m\u0131zdan tek<span class=\"excerpt-hellip\"> [\u2026]<\/span><\/p>\n","protected":false},"featured_media":0,"template":"","meta":{"_monsterinsights_skip_tracking":false,"_monsterinsights_sitenote_active":false,"_monsterinsights_sitenote_note":"","_monsterinsights_sitenote_category":0},"product_brand":[],"product_cat":[12416,12291],"product_tag":[],"class_list":{"0":"post-718972","1":"product","2":"type-product","3":"status-publish","5":"product_cat-cizgi-roman","6":"product_cat-edebiyat","7":"pa_cilt-ciltsiz","8":"pa_tur-kitap","9":"pa_yayinevi-kurukafa","10":"pa_yazar-hiroya-oku","12":"first","13":"instock","14":"sale","15":"shipping-taxable","16":"purchasable","17":"product-type-simple"},"_links":{"self":[{"href":"https:\/\/roveyayinevi.com.tr\/index.php\/wp-json\/wp\/v2\/product\/718972","targetHints":{"allow":["GET"]}}],"collection":[{"href":"https:\/\/roveyayinevi.com.tr\/index.php\/wp-json\/wp\/v2\/product"}],"about":[{"href":"https:\/\/roveyayinevi.com.tr\/index.php\/wp-json\/wp\/v2\/types\/product"}],"wp:attachment":[{"href":"https:\/\/roveyayinevi.com.tr\/index.php\/wp-json\/wp\/v2\/media?parent=718972"}],"wp:term":[{"taxonomy":"product_brand","embeddable":true,"href":"https:\/\/roveyayinevi.com.tr\/index.php\/wp-json\/wp\/v2\/product_brand?post=718972"},{"taxonomy":"product_cat","embeddable":true,"href":"https:\/\/roveyayinevi.com.tr\/index.php\/wp-json\/wp\/v2\/product_cat?post=718972"},{"taxonomy":"product_tag","embeddable":true,"href":"https:\/\/roveyayinevi.com.tr\/index.php\/wp-json\/wp\/v2\/product_tag?post=718972"}],"curies":[{"name":"wp","href":"https:\/\/api.w.org\/{rel}","templated":true}]}}