{"id":718969,"date":"2025-08-27T18:16:01","date_gmt":"2025-08-27T15:16:01","guid":{"rendered":"https:\/\/roveyayinevi.com.tr\/index.php\/urun\/charonun-pencesi\/"},"modified":"2026-04-16T02:26:53","modified_gmt":"2026-04-15T23:26:53","slug":"charonun-pencesi","status":"publish","type":"product","link":"https:\/\/roveyayinevi.com.tr\/index.php\/urun\/charonun-pencesi\/","title":{"rendered":"Charon\u2019un Pen\u00e7esi"},"content":{"rendered":"<p>Dahlia Sin\u2019felle intikam ic\u0327in Herzgo Alegni\u2019yle bir kez daha yu\u0308zles\u0327ecektir. Drizzt ak\u0131l s\u0131r erdiremedig\u0306i bu hesaplas\u0327maya tahammu\u0308l edebilecek midir? I\u0307s\u0327ler, Dahlia\u2019ya yard\u0131m etmeyi teklif eden Entreri\u2019nin de dahil olmas\u0131yla giderek kar\u0131s\u0327acakt\u0131r.   \u201cI\u0307kinci yu\u0308zy\u0131l\u0131m\u0131n gu\u0308nes\u0327i de batt\u0131 ama yine de kendimi batakl\u0131k kumu u\u0308zerinde duruyormus\u0327 gibi hissediyorum. Menzoberazzan\u2019dan ayr\u0131l\u0131rken kendimden ne kadar emindiysem, bugu\u0308n de o kadar eminim. Pek c\u0327ok ac\u0327\u0131dan bo\u0308yle hissediyorum kendimi.\u201d <\/p>\n","protected":false},"excerpt":{"rendered":"<p>Dahlia Sin\u2019felle intikam ic\u0327in Herzgo Alegni\u2019yle bir kez daha yu\u0308zles\u0327ecektir. Drizzt ak\u0131l s\u0131r erdiremedig\u0306i bu hesaplas\u0327maya tahammu\u0308l edebilecek midir? I\u0307s\u0327ler, Dahlia\u2019ya yard\u0131m etmeyi teklif eden Entreri\u2019nin<span class=\"excerpt-hellip\"> [\u2026]<\/span><\/p>\n","protected":false},"featured_media":0,"template":"","meta":{"_monsterinsights_skip_tracking":false,"_monsterinsights_sitenote_active":false,"_monsterinsights_sitenote_note":"","_monsterinsights_sitenote_category":0},"product_brand":[],"product_cat":[12291,14777],"product_tag":[],"class_list":{"0":"post-718969","1":"product","2":"type-product","3":"status-publish","5":"product_cat-edebiyat","6":"product_cat-fantastik","7":"pa_cilt-ciltsiz","8":"pa_tur-kitap","9":"pa_yayinevi-ithaki-yayinlari","10":"pa_yazar-r-a-salvatore","12":"first","13":"instock","14":"sale","15":"shipping-taxable","16":"purchasable","17":"product-type-simple"},"_links":{"self":[{"href":"https:\/\/roveyayinevi.com.tr\/index.php\/wp-json\/wp\/v2\/product\/718969","targetHints":{"allow":["GET"]}}],"collection":[{"href":"https:\/\/roveyayinevi.com.tr\/index.php\/wp-json\/wp\/v2\/product"}],"about":[{"href":"https:\/\/roveyayinevi.com.tr\/index.php\/wp-json\/wp\/v2\/types\/product"}],"wp:attachment":[{"href":"https:\/\/roveyayinevi.com.tr\/index.php\/wp-json\/wp\/v2\/media?parent=718969"}],"wp:term":[{"taxonomy":"product_brand","embeddable":true,"href":"https:\/\/roveyayinevi.com.tr\/index.php\/wp-json\/wp\/v2\/product_brand?post=718969"},{"taxonomy":"product_cat","embeddable":true,"href":"https:\/\/roveyayinevi.com.tr\/index.php\/wp-json\/wp\/v2\/product_cat?post=718969"},{"taxonomy":"product_tag","embeddable":true,"href":"https:\/\/roveyayinevi.com.tr\/index.php\/wp-json\/wp\/v2\/product_tag?post=718969"}],"curies":[{"name":"wp","href":"https:\/\/api.w.org\/{rel}","templated":true}]}}