{"id":718967,"date":"2025-08-27T18:16:00","date_gmt":"2025-08-27T15:16:00","guid":{"rendered":"https:\/\/roveyayinevi.com.tr\/index.php\/urun\/arthur-ve-mila-ile-cevreyi-kesfetsek\/"},"modified":"2026-04-16T02:26:53","modified_gmt":"2026-04-15T23:26:53","slug":"arthur-ve-mila-ile-cevreyi-kesfetsek","status":"publish","type":"product","link":"https:\/\/roveyayinevi.com.tr\/index.php\/urun\/arthur-ve-mila-ile-cevreyi-kesfetsek\/","title":{"rendered":"Arthur ve Mila ile \u00c7evreyi Ke\u015ffetsek"},"content":{"rendered":"<p>Montessori e\u011fitim modeli a\u00e7\u0131s\u0131ndan, yerle\u015fmi\u015f bilgilerin aktar\u0131lmas\u0131ndan daha \u00f6nemli olan, \u00e7ocu\u011fun \u00f6\u011frenme arzusunun beslenmesidir. Bu hedefin ger\u00e7ekle\u015fmesi i\u00e7in \u00e7ocu\u011fun \u00e7evresini g\u00f6zlemlemesi, \u00e7evresini deneyimlemesi ve olas\u0131 \u00f6\u011frenme f\u0131rsatlar\u0131n\u0131 de\u011ferlendirmesi ama\u00e7lan\u0131r. Do\u011fay\u0131 g\u00f6zlemlemek, \u00f6\u011frenme ad\u0131na \u00f6nemli imk\u00e2nlar sunar. Polen toplayan bir ar\u0131y\u0131 b\u00fcy\u00fcte\u00e7le incelemek, olgunla\u015fm\u0131\u015f \u00e7ilekleri toplamak, do\u011fadan toplanan besinlerin sofralar\u0131m\u0131za ula\u015fmas\u0131na yard\u0131m etmek ya da ailecek keyfi s\u00fcr\u00fclecek bir piknik haz\u0131rlamak\u2026 G\u00fcnl\u00fck hayat\u0131m\u0131zda s\u0131k s\u0131k kar\u015f\u0131la\u015ft\u0131\u011f\u0131m\u0131z olaylara benzer bir hik\u00e2yeyi konu alan bu kitap, s\u0131radan faaliyetler sayesinde \u00e7ocuklar\u0131n \u00f6zerklik ve \u00f6zg\u00fcvenlerini nas\u0131l kolayca kazanabileceklerini g\u00f6stermeyi ama\u00e7lar. \u00c7ocuklar\u0131n\u0131z\u0131 ya\u015fayarak \u00f6\u011frenmeye ve geli\u015fmeye te\u015fvik etmek istiyorsan\u0131z, bu kitaplar sizin i\u00e7in. \u0130ki \u00e7ocuk annesi olan Aurore Gauthier alternatif e\u011fitim y\u00f6ntemlerini tutkuyla takip etmekte ve Montessori e\u011fitimi uygulamalar\u0131n\u0131 d\u00fczenli olarak payla\u015ft\u0131\u011f\u0131 bir blog kaleme almaktad\u0131r.<\/p>\n","protected":false},"excerpt":{"rendered":"<p>Montessori e\u011fitim modeli a\u00e7\u0131s\u0131ndan, yerle\u015fmi\u015f bilgilerin aktar\u0131lmas\u0131ndan daha \u00f6nemli olan, \u00e7ocu\u011fun \u00f6\u011frenme arzusunun beslenmesidir. Bu hedefin ger\u00e7ekle\u015fmesi i\u00e7in \u00e7ocu\u011fun \u00e7evresini g\u00f6zlemlemesi, \u00e7evresini deneyimlemesi ve olas\u0131 \u00f6\u011frenme<span class=\"excerpt-hellip\"> [\u2026]<\/span><\/p>\n","protected":false},"featured_media":0,"template":"","meta":{"_monsterinsights_skip_tracking":false,"_monsterinsights_sitenote_active":false,"_monsterinsights_sitenote_note":"","_monsterinsights_sitenote_category":0},"product_brand":[],"product_cat":[12274,12284],"product_tag":[],"class_list":{"0":"post-718967","1":"product","2":"type-product","3":"status-publish","5":"product_cat-cocuk-ve-genclik-kitaplari","6":"product_cat-hikayeler","7":"pa_cilt-ciltsiz","8":"pa_tur-kitap","9":"pa_yayinevi-almidilli","10":"pa_yazar-aurore-gauthier","12":"first","13":"instock","14":"sale","15":"shipping-taxable","16":"purchasable","17":"product-type-simple"},"_links":{"self":[{"href":"https:\/\/roveyayinevi.com.tr\/index.php\/wp-json\/wp\/v2\/product\/718967","targetHints":{"allow":["GET"]}}],"collection":[{"href":"https:\/\/roveyayinevi.com.tr\/index.php\/wp-json\/wp\/v2\/product"}],"about":[{"href":"https:\/\/roveyayinevi.com.tr\/index.php\/wp-json\/wp\/v2\/types\/product"}],"wp:attachment":[{"href":"https:\/\/roveyayinevi.com.tr\/index.php\/wp-json\/wp\/v2\/media?parent=718967"}],"wp:term":[{"taxonomy":"product_brand","embeddable":true,"href":"https:\/\/roveyayinevi.com.tr\/index.php\/wp-json\/wp\/v2\/product_brand?post=718967"},{"taxonomy":"product_cat","embeddable":true,"href":"https:\/\/roveyayinevi.com.tr\/index.php\/wp-json\/wp\/v2\/product_cat?post=718967"},{"taxonomy":"product_tag","embeddable":true,"href":"https:\/\/roveyayinevi.com.tr\/index.php\/wp-json\/wp\/v2\/product_tag?post=718967"}],"curies":[{"name":"wp","href":"https:\/\/api.w.org\/{rel}","templated":true}]}}