{"id":718961,"date":"2025-08-27T18:15:55","date_gmt":"2025-08-27T15:15:55","guid":{"rendered":"https:\/\/roveyayinevi.com.tr\/index.php\/urun\/kimselere-yar-olmayan-kuslar\/"},"modified":"2026-04-16T02:26:53","modified_gmt":"2026-04-15T23:26:53","slug":"kimselere-yar-olmayan-kuslar","status":"publish","type":"product","link":"https:\/\/roveyayinevi.com.tr\/index.php\/urun\/kimselere-yar-olmayan-kuslar\/","title":{"rendered":"Kimselere Yar Olmayan Ku\u015flar"},"content":{"rendered":"<p>Orhan Kemal \u00d6yk\u00fc \u00d6d\u00fcll\u00fc yazar Zafer Doruk, uzun bir aradan sonra yeniden okurlar\u0131yla bulu\u015fuyor. \u00c7ukurova\u2019n\u0131n s\u0131ca\u011f\u0131ndan ses veren bu yeni \u00f6yk\u00fclerinde varo\u015flar tozu topra\u011f\u0131yla hayat bulurken co\u011frafyan\u0131n kendine  has ya\u015fam k\u00fclt\u00fcr\u00fc b\u00fct\u00fcn renkleriyle elle tutulabilecek kadar canlan\u0131yor. 12 Eyl\u00fcl darbesinden g\u00fcn\u00fcm\u00fcze uzanan geni\u015f bir zaman diliminde; arka mahallelerin m\u00fcnhas\u0131r evleri, yasak a\u015fklar\u0131, evlerinden al\u0131nan babalar\u0131 kadar ku\u015fbazlar, torbac\u0131lar, b\u0131\u00e7k\u0131nlar ve u\u00e7urtma kral\u0131 \u00e7ocuklar da dola\u015f\u0131yor.Ya\u015fam\u0131n\u0131n b\u00fcy\u00fck k\u0131sm\u0131n\u0131 Adana\u2019da ge\u00e7iren Doruk, bu kozmopolit \u015fehirden ta\u015fra ya\u015fam\u0131na i\u00e7ten ve ger\u00e7ek\u00e7i bir bak\u0131\u015f y\u00f6neltiyor ve okurlar\u0131n\u0131 da bu bak\u0131\u015fa ortak etmeyi ba\u015far\u0131yor.<\/p>\n","protected":false},"excerpt":{"rendered":"<p>Orhan Kemal \u00d6yk\u00fc \u00d6d\u00fcll\u00fc yazar Zafer Doruk, uzun bir aradan sonra yeniden okurlar\u0131yla bulu\u015fuyor. \u00c7ukurova\u2019n\u0131n s\u0131ca\u011f\u0131ndan ses veren bu yeni \u00f6yk\u00fclerinde varo\u015flar tozu topra\u011f\u0131yla hayat bulurken<span class=\"excerpt-hellip\"> [\u2026]<\/span><\/p>\n","protected":false},"featured_media":0,"template":"","meta":{"_monsterinsights_skip_tracking":false,"_monsterinsights_sitenote_active":false,"_monsterinsights_sitenote_note":"","_monsterinsights_sitenote_category":0},"product_brand":[],"product_cat":[12291,12711],"product_tag":[],"class_list":{"0":"post-718961","1":"product","2":"type-product","3":"status-publish","5":"product_cat-edebiyat","6":"product_cat-roman-oyku","7":"pa_cilt-ciltsiz","8":"pa_tur-kitap","9":"pa_yayinevi-sel-yayincilik","10":"pa_yazar-zafer-doruk","12":"first","13":"instock","14":"sale","15":"shipping-taxable","16":"purchasable","17":"product-type-simple"},"_links":{"self":[{"href":"https:\/\/roveyayinevi.com.tr\/index.php\/wp-json\/wp\/v2\/product\/718961","targetHints":{"allow":["GET"]}}],"collection":[{"href":"https:\/\/roveyayinevi.com.tr\/index.php\/wp-json\/wp\/v2\/product"}],"about":[{"href":"https:\/\/roveyayinevi.com.tr\/index.php\/wp-json\/wp\/v2\/types\/product"}],"wp:attachment":[{"href":"https:\/\/roveyayinevi.com.tr\/index.php\/wp-json\/wp\/v2\/media?parent=718961"}],"wp:term":[{"taxonomy":"product_brand","embeddable":true,"href":"https:\/\/roveyayinevi.com.tr\/index.php\/wp-json\/wp\/v2\/product_brand?post=718961"},{"taxonomy":"product_cat","embeddable":true,"href":"https:\/\/roveyayinevi.com.tr\/index.php\/wp-json\/wp\/v2\/product_cat?post=718961"},{"taxonomy":"product_tag","embeddable":true,"href":"https:\/\/roveyayinevi.com.tr\/index.php\/wp-json\/wp\/v2\/product_tag?post=718961"}],"curies":[{"name":"wp","href":"https:\/\/api.w.org\/{rel}","templated":true}]}}