{"id":718959,"date":"2025-08-27T18:15:53","date_gmt":"2025-08-27T15:15:53","guid":{"rendered":"https:\/\/roveyayinevi.com.tr\/index.php\/urun\/kiz-babasi-ve-kedi\/"},"modified":"2026-02-03T02:41:06","modified_gmt":"2026-02-02T23:41:06","slug":"kiz-babasi-ve-kedi","status":"publish","type":"product","link":"https:\/\/roveyayinevi.com.tr\/index.php\/urun\/kiz-babasi-ve-kedi\/","title":{"rendered":"K\u0131z Babas\u0131 ve Kedi"},"content":{"rendered":"<p>K\u00fc\u00e7\u00fck bir k\u0131z\u0131n g\u00f6z\u00fcnden ola\u011fan\u00fcst\u00fc bir yaz tatili maceras\u0131&#8230;   Alt\u0131 ya\u015f\u0131ndaki Elfin\u2019in harika bir hayal d\u00fcnyas\u0131 vard\u0131r. Ya\u015fad\u0131\u011f\u0131 ger\u00e7ekler ile hayallerini birbirine ba\u011flayarak kendi d\u00fcnyas\u0131n\u0131 her g\u00fcn yeniden kurmaktad\u0131r. Anaokulunu bitiren Elfin bundan sonra abla olmas\u0131 gerekti\u011fini bilmektedir, bu y\u00fczden peri k\u0131z\u0131 olmay\u0131 geride b\u0131rakmal\u0131d\u0131r. Hayat\u0131n zorlu a\u015famalar\u0131ndan birini ger\u00e7ekle\u015ftirmek i\u00e7in k\u00fc\u00e7\u00fck d\u00fcnyas\u0131ndaki herkese meydan okumak ve bir zafer kazanmak zorunda hissetmektedir. Yaz tatiline \u00e7\u0131karlarken buldu\u011fu yavru kedi ile ba\u015f d\u00f6nd\u00fcr\u00fcc\u00fc bir maceraya at\u0131l\u0131r. Bin bir \u00e7e\u015fit \u00e7i\u00e7ek var. Fark\u0131n\u0131n nedeni tohumda sakl\u0131, a\u00e7\u0131lmas\u0131 ise \u00e7evresel ko\u015fullara ba\u011fl\u0131. \u00c7ocuklar\u0131m\u0131z da b\u00f6yle. Erol H\u0131zarc\u0131 bu roman\u0131nda alt\u0131 ya\u015f\u0131ndaki bir k\u0131z\u0131n hayal d\u00fcnyas\u0131n\u0131 \u00e7ok g\u00fczel dile getiriyor. Do\u011fu\u015ftan farkl\u0131 bir k\u0131z\u0131n d\u00fcnyas\u0131n\u0131 anlat\u0131rken, farkl\u0131l\u0131klar \u00fcst\u00fcne yol g\u00f6sterici bir \u00f6rnek sunuyor. Yeni\u00e7a\u011f\u0131n k\u0131z\u0131n\u0131 bu kitapta bulacaks\u0131n\u0131z. Yani gelece\u011fimizi&#8230; <\/p>\n","protected":false},"excerpt":{"rendered":"<p>K\u00fc\u00e7\u00fck bir k\u0131z\u0131n g\u00f6z\u00fcnden ola\u011fan\u00fcst\u00fc bir yaz tatili maceras\u0131&#8230; Alt\u0131 ya\u015f\u0131ndaki Elfin\u2019in harika bir hayal d\u00fcnyas\u0131 vard\u0131r. Ya\u015fad\u0131\u011f\u0131 ger\u00e7ekler ile hayallerini birbirine ba\u011flayarak kendi d\u00fcnyas\u0131n\u0131 her<span class=\"excerpt-hellip\"> [\u2026]<\/span><\/p>\n","protected":false},"featured_media":0,"template":"","meta":{"_monsterinsights_skip_tracking":false,"_monsterinsights_sitenote_active":false,"_monsterinsights_sitenote_note":"","_monsterinsights_sitenote_category":0},"product_brand":[],"product_cat":[12291,12711],"product_tag":[],"class_list":{"0":"post-718959","1":"product","2":"type-product","3":"status-publish","5":"product_cat-edebiyat","6":"product_cat-roman-oyku","7":"pa_cilt-ciltsiz","8":"pa_tur-kitap","9":"pa_yayinevi-destek-yayinlari","10":"pa_yazar-erol-hizarci","12":"first","13":"instock","14":"sale","15":"shipping-taxable","16":"purchasable","17":"product-type-simple"},"_links":{"self":[{"href":"https:\/\/roveyayinevi.com.tr\/index.php\/wp-json\/wp\/v2\/product\/718959","targetHints":{"allow":["GET"]}}],"collection":[{"href":"https:\/\/roveyayinevi.com.tr\/index.php\/wp-json\/wp\/v2\/product"}],"about":[{"href":"https:\/\/roveyayinevi.com.tr\/index.php\/wp-json\/wp\/v2\/types\/product"}],"wp:attachment":[{"href":"https:\/\/roveyayinevi.com.tr\/index.php\/wp-json\/wp\/v2\/media?parent=718959"}],"wp:term":[{"taxonomy":"product_brand","embeddable":true,"href":"https:\/\/roveyayinevi.com.tr\/index.php\/wp-json\/wp\/v2\/product_brand?post=718959"},{"taxonomy":"product_cat","embeddable":true,"href":"https:\/\/roveyayinevi.com.tr\/index.php\/wp-json\/wp\/v2\/product_cat?post=718959"},{"taxonomy":"product_tag","embeddable":true,"href":"https:\/\/roveyayinevi.com.tr\/index.php\/wp-json\/wp\/v2\/product_tag?post=718959"}],"curies":[{"name":"wp","href":"https:\/\/api.w.org\/{rel}","templated":true}]}}