{"id":718958,"date":"2025-08-27T18:15:53","date_gmt":"2025-08-27T15:15:53","guid":{"rendered":"https:\/\/roveyayinevi.com.tr\/index.php\/urun\/bir-kemikten-bin-soze\/"},"modified":"2026-04-16T02:26:53","modified_gmt":"2026-04-15T23:26:53","slug":"bir-kemikten-bin-soze","status":"publish","type":"product","link":"https:\/\/roveyayinevi.com.tr\/index.php\/urun\/bir-kemikten-bin-soze\/","title":{"rendered":"Bir Kemikten Bin S\u00f6ze"},"content":{"rendered":"<p>Farkl\u0131 co\u011frafya ve dillerde erkeklerin kad\u0131nlara bak\u0131\u015f\u0131n\u0131n binlerce y\u0131ll\u0131k \u00f6zetiHollandal\u0131 yazar ve akademisyen Mineke Schipper\u2019\u0131n 2005 y\u0131l\u0131nda \u201cEn iyi Kurmaca D\u0131\u015f\u0131 Kitap\u201d dal\u0131nda Eureka \u00d6d\u00fcl\u00fc\u2019ne de\u011fer g\u00f6r\u00fclen d\u00fcnyaca \u00fcnl\u00fc \u00e7al\u0131\u015fmas\u0131 Bir Kemikten Bin S\u00f6ze: D\u00fcnya Atas\u00f6zlerinde Kad\u0131n, Delidolu&#8217;nun \u201cD\u00fcnyay\u0131 Okumak\u201d temal\u0131 kurmaca d\u0131\u015f\u0131 eserler koleksiyonunda yerini al\u0131yor.T\u00fcrkiye d\u00e2hil olmak \u00fczere d\u00fcnya \u00e7ap\u0131nda yayg\u0131n olarak kullan\u0131lan atas\u00f6zlerini toplumsal cinsiyet perspektifinden inceleyen eser, s\u00f6zl\u00fc k\u00fclt\u00fcr, edebiyat ve cinsiyet \u00e7al\u0131\u015fmalar\u0131 alanlar\u0131na \u00f6nemli katk\u0131larda bulunuyor.\u0130nsanl\u0131k olarak farkl\u0131 co\u011frafyalarda, farkl\u0131 dilleri konu\u015fsak da \u00f6yle konular vard\u0131r ki, onlar\u0131 ifade etme bi\u00e7imlerimiz ortakla\u015ft\u0131\u011f\u0131m\u0131z k\u00fclt\u00fcrel zeminleri ortaya \u00e7\u0131kar\u0131r. Toplumsal geleneklerin en k\u0131sa ifadesi olan atas\u00f6zlerinde kad\u0131nlar\u0131n ve kad\u0131nl\u0131k h\u00e2llerinin temsili de bu konulardan biridir. Peki atas\u00f6zlerinin k\u00f6keni olan bilgi ve deneyim birikiminin do\u011frulu\u011funa her zaman g\u00fcvenebilir miyiz? Nas\u0131l oluyor da kad\u0131n\u0131n a\u015fa\u011f\u0131 konumu s\u00f6z konusu oldu\u011funda hi\u00e7bir fikrimizin olmad\u0131\u011f\u0131 k\u00fclt\u00fcrlerle benzer dilsel ve k\u00fclt\u00fcrel ifadeleri payla\u015fabiliyoruz?240 dilin s\u00f6zl\u00fc ve yaz\u0131l\u0131 kaynaklar\u0131ndaki 15 binden fazla atas\u00f6z\u00fcn\u00fc inceleyen Schipper, alan\u0131nda \u00f6nc\u00fc bu \u00e7al\u0131\u015fmas\u0131nda, atas\u00f6zlerindeki eril bak\u0131\u015f\u0131, erkek egemen k\u00fclt\u00fcr\u00fcn izlerini ve erkek ayr\u0131cal\u0131klar\u0131n\u0131 peki\u015ftiren evrensel yap\u0131y\u0131 cinsiyet k\u00f6r\u00fc olmayan bir yakla\u015f\u0131mla g\u00f6zler \u00f6n\u00fcne seriyor.Kad\u0131nlar\u0131n g\u00f6z\u00fcyle g\u00f6r\u00fclen hakikatlere zor rastlars\u0131n\u0131z ve bu yaln\u0131zca atas\u00f6zleri i\u00e7in ge\u00e7erli de\u011fildir. Peki atas\u00f6zleri kimin ideallerinden bahseder? Anonim bir t\u00fcr olarak atas\u00f6zlerinin \u201cgelene\u011fe\u201d hizmet etti\u011fi ve onu izledi\u011fi s\u00f6ylenir, ama asl\u0131nda kimin gelene\u011fine g\u00f6nderme yap\u0131ld\u0131\u011f\u0131 hi\u00e7bir zaman a\u00e7\u0131k\u00e7a belirtilmez. \u00dcstelik, kad\u0131nlar hakk\u0131nda s\u00f6ylenmi\u015f atas\u00f6zlerinde gizli bir korku duygusu vard\u0131r. Kad\u0131nlar \u00fczerindeki denetimin kaybedilece\u011fi korkusudur bu.<\/p>\n","protected":false},"excerpt":{"rendered":"<p>Farkl\u0131 co\u011frafya ve dillerde erkeklerin kad\u0131nlara bak\u0131\u015f\u0131n\u0131n binlerce y\u0131ll\u0131k \u00f6zetiHollandal\u0131 yazar ve akademisyen Mineke Schipper\u2019\u0131n 2005 y\u0131l\u0131nda \u201cEn iyi Kurmaca D\u0131\u015f\u0131 Kitap\u201d dal\u0131nda Eureka \u00d6d\u00fcl\u00fc\u2019ne de\u011fer<span class=\"excerpt-hellip\"> [\u2026]<\/span><\/p>\n","protected":false},"featured_media":0,"template":"","meta":{"_monsterinsights_skip_tracking":false,"_monsterinsights_sitenote_active":false,"_monsterinsights_sitenote_note":"","_monsterinsights_sitenote_category":0},"product_brand":[],"product_cat":[20039,13488],"product_tag":[],"class_list":{"0":"post-718958","1":"product","2":"type-product","3":"status-publish","5":"product_cat-kultur-tarihi","6":"product_cat-toplum-ve-insan","7":"pa_cilt-ciltsiz","8":"pa_tur-kitap","9":"pa_yayinevi-delidolu","10":"pa_yazar-mineke-schipper","12":"first","13":"instock","14":"sale","15":"shipping-taxable","16":"purchasable","17":"product-type-simple"},"_links":{"self":[{"href":"https:\/\/roveyayinevi.com.tr\/index.php\/wp-json\/wp\/v2\/product\/718958","targetHints":{"allow":["GET"]}}],"collection":[{"href":"https:\/\/roveyayinevi.com.tr\/index.php\/wp-json\/wp\/v2\/product"}],"about":[{"href":"https:\/\/roveyayinevi.com.tr\/index.php\/wp-json\/wp\/v2\/types\/product"}],"wp:attachment":[{"href":"https:\/\/roveyayinevi.com.tr\/index.php\/wp-json\/wp\/v2\/media?parent=718958"}],"wp:term":[{"taxonomy":"product_brand","embeddable":true,"href":"https:\/\/roveyayinevi.com.tr\/index.php\/wp-json\/wp\/v2\/product_brand?post=718958"},{"taxonomy":"product_cat","embeddable":true,"href":"https:\/\/roveyayinevi.com.tr\/index.php\/wp-json\/wp\/v2\/product_cat?post=718958"},{"taxonomy":"product_tag","embeddable":true,"href":"https:\/\/roveyayinevi.com.tr\/index.php\/wp-json\/wp\/v2\/product_tag?post=718958"}],"curies":[{"name":"wp","href":"https:\/\/api.w.org\/{rel}","templated":true}]}}