{"id":718956,"date":"2025-08-27T18:15:51","date_gmt":"2025-08-27T15:15:51","guid":{"rendered":"https:\/\/roveyayinevi.com.tr\/index.php\/urun\/kesin-temassizlik-var\/"},"modified":"2026-04-16T02:26:53","modified_gmt":"2026-04-15T23:26:53","slug":"kesin-temassizlik-var","status":"publish","type":"product","link":"https:\/\/roveyayinevi.com.tr\/index.php\/urun\/kesin-temassizlik-var\/","title":{"rendered":"Kesin Temass\u0131zl\u0131k Var!"},"content":{"rendered":"<p>\u201cOnur G\u00f6k\u015fen\u2019i samimi bir yazar olarak tan\u0131yorum, belgesel niteli\u011finde, esprili ve kayg\u0131l\u0131 hik\u00e2yeleri var. Bunlar\u0131 okurken artistik \u00e7abas\u0131n\u0131 \u00e7ok g\u00fczel gizliyor, hatta bunu fark etmiyorsunuz bile. Benim kanaatim, bu en g\u00fczeli. \u2018Ne g\u00fczel anlatm\u0131\u015f, ne g\u00fczel yazm\u0131\u015f\u2019\u0131 unutturacak kadar duygusal malzemesi olmas\u0131, elbette \u015fans de\u011fil. Buna u\u011fra\u015f denir. U\u011fra\u015f\u0131yor adam. Yani u\u011fra\u015fm\u0131\u015f hep, arsada top oynarken de \u201cN\u2019oluyorlan burada?\u201d diye u\u011fra\u015fm\u0131\u015f. Ba\u015f\u0131na gelen her \u015feyde u\u011fra\u015fm\u0131\u015f, d\u00fc\u015f\u00fcnm\u00fc\u015f, biriktirmi\u015f. Bence bu birikenleri cebe at\u0131p gidece\u011fine yazarak payla\u015fmas\u0131, bu zanaata \u00e2\u015f\u0131k olu\u015fu okuyana \u2018Oh be\u2019 dedirtiyor. Kaplama nostalji ve kaba g\u00fcncel ele\u015ftiriye mesafesi, huysuz ama yine de umutlu bak\u0131\u015f\u0131, hik\u00e2yelerini sevdiriyor.\u201d Cem Y\u0131lmaz<\/p>\n","protected":false},"excerpt":{"rendered":"<p>\u201cOnur G\u00f6k\u015fen\u2019i samimi bir yazar olarak tan\u0131yorum, belgesel niteli\u011finde, esprili ve kayg\u0131l\u0131 hik\u00e2yeleri var. Bunlar\u0131 okurken artistik \u00e7abas\u0131n\u0131 \u00e7ok g\u00fczel gizliyor, hatta bunu fark etmiyorsunuz bile.<span class=\"excerpt-hellip\"> [\u2026]<\/span><\/p>\n","protected":false},"featured_media":0,"template":"","meta":{"_monsterinsights_skip_tracking":false,"_monsterinsights_sitenote_active":false,"_monsterinsights_sitenote_note":"","_monsterinsights_sitenote_category":0},"product_brand":[],"product_cat":[12291,12711],"product_tag":[],"class_list":{"0":"post-718956","1":"product","2":"type-product","3":"status-publish","5":"product_cat-edebiyat","6":"product_cat-roman-oyku","7":"pa_cilt-ciltsiz","8":"pa_tur-kitap","9":"pa_yayinevi-inkilap-kitabevi","10":"pa_yazar-onur-goksen","12":"first","13":"instock","14":"sale","15":"shipping-taxable","16":"purchasable","17":"product-type-simple"},"_links":{"self":[{"href":"https:\/\/roveyayinevi.com.tr\/index.php\/wp-json\/wp\/v2\/product\/718956","targetHints":{"allow":["GET"]}}],"collection":[{"href":"https:\/\/roveyayinevi.com.tr\/index.php\/wp-json\/wp\/v2\/product"}],"about":[{"href":"https:\/\/roveyayinevi.com.tr\/index.php\/wp-json\/wp\/v2\/types\/product"}],"wp:attachment":[{"href":"https:\/\/roveyayinevi.com.tr\/index.php\/wp-json\/wp\/v2\/media?parent=718956"}],"wp:term":[{"taxonomy":"product_brand","embeddable":true,"href":"https:\/\/roveyayinevi.com.tr\/index.php\/wp-json\/wp\/v2\/product_brand?post=718956"},{"taxonomy":"product_cat","embeddable":true,"href":"https:\/\/roveyayinevi.com.tr\/index.php\/wp-json\/wp\/v2\/product_cat?post=718956"},{"taxonomy":"product_tag","embeddable":true,"href":"https:\/\/roveyayinevi.com.tr\/index.php\/wp-json\/wp\/v2\/product_tag?post=718956"}],"curies":[{"name":"wp","href":"https:\/\/api.w.org\/{rel}","templated":true}]}}