{"id":718955,"date":"2025-08-27T18:15:50","date_gmt":"2025-08-27T15:15:50","guid":{"rendered":"https:\/\/roveyayinevi.com.tr\/index.php\/urun\/fazla-sifir-bes-ucun-var-mi\/"},"modified":"2026-04-16T02:26:53","modified_gmt":"2026-04-15T23:26:53","slug":"fazla-sifir-bes-ucun-var-mi","status":"publish","type":"product","link":"https:\/\/roveyayinevi.com.tr\/index.php\/urun\/fazla-sifir-bes-ucun-var-mi\/","title":{"rendered":"Fazla S\u0131f\u0131r Be\u015f Ucun Var m\u0131?"},"content":{"rendered":"<p>1972\u2018de \u0130stanbul\u2019da do\u011fdu. 1994\u2019te ba\u015flad\u0131\u011f\u0131 bankac\u0131l\u0131k hayat\u0131n\u0131 2018\u2019de sonland\u0131r\u0131p yazmaya daha \u00e7ok vakit ay\u0131rmaya karar verdi.   Ali Baba ve 7 C\u00fcceler filminde Cem Y\u0131lmaz\u2019a senaryo asistanl\u0131\u011f\u0131 yapan Onur G\u00f6k\u015fen 2014\u2019ten bu yana Ot Dergi\u2019de yazmakta olup iki senaryo \u00e7al\u0131\u015fmas\u0131 bulunmaktad\u0131r.   Ayr\u0131ca yine Cem Y\u0131lmaz\u2019\u0131n Ali Baba ve 7 C\u00fcceler, Arif v 216 ve Deli filmlerinde ufak rolleri bulunmaktad\u0131r.   2001 y\u0131l\u0131ndan bu yana evli olan Onur G\u00f6k\u015fen\u2019in \u0130pek ad\u0131nda 6 ya\u015f\u0131nda bir k\u0131z\u0131 vard\u0131r.   Yay\u0131mlanan kitaplar\u0131:  Bizim de Renkli Televizyonumuz Vard\u0131 (2010), Yedi Yere Sekiz (2011), Allah Belan\u0131 Versin Brokoli (2013), Muazzam Bey\u2019in De\u011fersiz Hayat\u0131 (2014), Eyvah Babam Bir Manyak (2016). <\/p>\n","protected":false},"excerpt":{"rendered":"<p>1972\u2018de \u0130stanbul\u2019da do\u011fdu. 1994\u2019te ba\u015flad\u0131\u011f\u0131 bankac\u0131l\u0131k hayat\u0131n\u0131 2018\u2019de sonland\u0131r\u0131p yazmaya daha \u00e7ok vakit ay\u0131rmaya karar verdi. Ali Baba ve 7 C\u00fcceler filminde Cem Y\u0131lmaz\u2019a senaryo asistanl\u0131\u011f\u0131<span class=\"excerpt-hellip\"> [\u2026]<\/span><\/p>\n","protected":false},"featured_media":0,"template":"","meta":{"_monsterinsights_skip_tracking":false,"_monsterinsights_sitenote_active":false,"_monsterinsights_sitenote_note":"","_monsterinsights_sitenote_category":0},"product_brand":[],"product_cat":[12291,12711],"product_tag":[],"class_list":{"0":"post-718955","1":"product","2":"type-product","3":"status-publish","5":"product_cat-edebiyat","6":"product_cat-roman-oyku","7":"pa_cilt-ciltsiz","8":"pa_tur-kitap","9":"pa_yayinevi-inkilap-kitabevi","10":"pa_yazar-onur-goksen","12":"first","13":"instock","14":"sale","15":"shipping-taxable","16":"purchasable","17":"product-type-simple"},"_links":{"self":[{"href":"https:\/\/roveyayinevi.com.tr\/index.php\/wp-json\/wp\/v2\/product\/718955","targetHints":{"allow":["GET"]}}],"collection":[{"href":"https:\/\/roveyayinevi.com.tr\/index.php\/wp-json\/wp\/v2\/product"}],"about":[{"href":"https:\/\/roveyayinevi.com.tr\/index.php\/wp-json\/wp\/v2\/types\/product"}],"wp:attachment":[{"href":"https:\/\/roveyayinevi.com.tr\/index.php\/wp-json\/wp\/v2\/media?parent=718955"}],"wp:term":[{"taxonomy":"product_brand","embeddable":true,"href":"https:\/\/roveyayinevi.com.tr\/index.php\/wp-json\/wp\/v2\/product_brand?post=718955"},{"taxonomy":"product_cat","embeddable":true,"href":"https:\/\/roveyayinevi.com.tr\/index.php\/wp-json\/wp\/v2\/product_cat?post=718955"},{"taxonomy":"product_tag","embeddable":true,"href":"https:\/\/roveyayinevi.com.tr\/index.php\/wp-json\/wp\/v2\/product_tag?post=718955"}],"curies":[{"name":"wp","href":"https:\/\/api.w.org\/{rel}","templated":true}]}}