{"id":718954,"date":"2025-08-27T18:15:49","date_gmt":"2025-08-27T15:15:49","guid":{"rendered":"https:\/\/roveyayinevi.com.tr\/index.php\/urun\/kara-bahar\/"},"modified":"2026-04-16T02:26:53","modified_gmt":"2026-04-15T23:26:53","slug":"kara-bahar","status":"publish","type":"product","link":"https:\/\/roveyayinevi.com.tr\/index.php\/urun\/kara-bahar\/","title":{"rendered":"Kara Bahar"},"content":{"rendered":"<p>\u201cHayat mutsuzluk yoksa katlan\u0131lmaz.\u201dKara Bahar, d\u00fcnyaya bilenen k\u00fc\u00e7\u00fck bir k\u0131z\u0131n b\u00fcy\u00fcme ve sonunda yere \u00e7ak\u0131lma \u00f6yk\u00fcs\u00fcd\u00fcr. Burada ibretin bula\u015f\u0131c\u0131l\u0131\u011f\u0131ndan zerre bulamayacaks\u0131n\u0131z.<\/p>\n","protected":false},"excerpt":{"rendered":"<p>\u201cHayat mutsuzluk yoksa katlan\u0131lmaz.\u201dKara Bahar, d\u00fcnyaya bilenen k\u00fc\u00e7\u00fck bir k\u0131z\u0131n b\u00fcy\u00fcme ve sonunda yere \u00e7ak\u0131lma \u00f6yk\u00fcs\u00fcd\u00fcr. Burada ibretin bula\u015f\u0131c\u0131l\u0131\u011f\u0131ndan zerre bulamayacaks\u0131n\u0131z.<\/p>\n","protected":false},"featured_media":0,"template":"","meta":{"_monsterinsights_skip_tracking":false,"_monsterinsights_sitenote_active":false,"_monsterinsights_sitenote_note":"","_monsterinsights_sitenote_category":0},"product_brand":[],"product_cat":[12291,12711],"product_tag":[],"class_list":{"0":"post-718954","1":"product","2":"type-product","3":"status-publish","5":"product_cat-edebiyat","6":"product_cat-roman-oyku","7":"pa_cilt-ciltsiz","8":"pa_tur-kitap","9":"pa_yayinevi-kirmizi-kedi-yayinevi","10":"pa_yazar-unica-zurn","12":"first","13":"instock","14":"sale","15":"shipping-taxable","16":"purchasable","17":"product-type-simple"},"_links":{"self":[{"href":"https:\/\/roveyayinevi.com.tr\/index.php\/wp-json\/wp\/v2\/product\/718954","targetHints":{"allow":["GET"]}}],"collection":[{"href":"https:\/\/roveyayinevi.com.tr\/index.php\/wp-json\/wp\/v2\/product"}],"about":[{"href":"https:\/\/roveyayinevi.com.tr\/index.php\/wp-json\/wp\/v2\/types\/product"}],"wp:attachment":[{"href":"https:\/\/roveyayinevi.com.tr\/index.php\/wp-json\/wp\/v2\/media?parent=718954"}],"wp:term":[{"taxonomy":"product_brand","embeddable":true,"href":"https:\/\/roveyayinevi.com.tr\/index.php\/wp-json\/wp\/v2\/product_brand?post=718954"},{"taxonomy":"product_cat","embeddable":true,"href":"https:\/\/roveyayinevi.com.tr\/index.php\/wp-json\/wp\/v2\/product_cat?post=718954"},{"taxonomy":"product_tag","embeddable":true,"href":"https:\/\/roveyayinevi.com.tr\/index.php\/wp-json\/wp\/v2\/product_tag?post=718954"}],"curies":[{"name":"wp","href":"https:\/\/api.w.org\/{rel}","templated":true}]}}