{"id":718953,"date":"2025-08-27T18:15:48","date_gmt":"2025-08-27T15:15:48","guid":{"rendered":"https:\/\/roveyayinevi.com.tr\/index.php\/urun\/alicein-labirentleri\/"},"modified":"2026-04-16T02:26:53","modified_gmt":"2026-04-15T23:26:53","slug":"alicein-labirentleri","status":"publish","type":"product","link":"https:\/\/roveyayinevi.com.tr\/index.php\/urun\/alicein-labirentleri\/","title":{"rendered":"Alice\u2019in Labirentleri"},"content":{"rendered":"<p>G\u00f6zlerim \u00e7ok keskindir diyenlerden misin?Zor g\u00f6revleri ba\u015farmada \u00fcst\u00fcme yoktur mu diyorsun?O zaman bu kitaba bay\u0131lacaks\u0131n!Hadi, Alice\u2019le birlikte Beyaz Tav\u015fan\u2019\u0131n deli\u011fine in! A\u015fa\u011f\u0131da seni bekleyen Harikalar Diyar\u0131 her zamankinden daha da garip! Delikten kurtulman\u0131n tek yolu var: Alice\u2019in Harikalar Diyar\u0131\u2019ndaki maceralar\u0131na kat\u0131lmak ve daha \u00f6nce hi\u00e7 kar\u015f\u0131la\u015fmad\u0131\u011f\u0131n tuhafl\u0131kta karakterle bir olup dev labirentlerin i\u00e7inde yolunu bulmak!\u00c7\u0131lg\u0131n \u015eapkac\u0131, Cheshire Kedisi, Bilge T\u0131rt\u0131l Absolem, zalim Kalpler Krali\u00e7esi ve birbirinden renkli y\u00fczlerce karakter t\u00fcm g\u00fc\u00e7lerini kullanarak akl\u0131n\u0131 kar\u0131\u015ft\u0131rmaya \u00e7al\u0131\u015facaklar. Ama sak\u0131n dikkatini da\u011f\u0131tmalar\u0131na izin verme! Hepsini ara, bul ve say, sonra da kimsenin ka\u00e7mad\u0131\u011f\u0131na emin olmak i\u00e7in kitab\u0131n arkas\u0131ndaki \u00e7\u00f6z\u00fcmler sayfas\u0131na bir g\u00f6z at!\u0130yi e\u011flenceler!<\/p>\n","protected":false},"excerpt":{"rendered":"<p>G\u00f6zlerim \u00e7ok keskindir diyenlerden misin?Zor g\u00f6revleri ba\u015farmada \u00fcst\u00fcme yoktur mu diyorsun?O zaman bu kitaba bay\u0131lacaks\u0131n!Hadi, Alice\u2019le birlikte Beyaz Tav\u015fan\u2019\u0131n deli\u011fine in! A\u015fa\u011f\u0131da seni bekleyen Harikalar Diyar\u0131<span class=\"excerpt-hellip\"> [\u2026]<\/span><\/p>\n","protected":false},"featured_media":0,"template":"","meta":{"_monsterinsights_skip_tracking":false,"_monsterinsights_sitenote_active":false,"_monsterinsights_sitenote_note":"","_monsterinsights_sitenote_category":0},"product_brand":[],"product_cat":[12274,12284],"product_tag":[],"class_list":{"0":"post-718953","1":"product","2":"type-product","3":"status-publish","5":"product_cat-cocuk-ve-genclik-kitaplari","6":"product_cat-hikayeler","7":"pa_cilt-ciltsiz","8":"pa_tur-kitap","9":"pa_yayinevi-abm-yayinevi","10":"pa_yazar-agnese-baruzzi","12":"first","13":"instock","14":"sale","15":"shipping-taxable","16":"purchasable","17":"product-type-simple"},"_links":{"self":[{"href":"https:\/\/roveyayinevi.com.tr\/index.php\/wp-json\/wp\/v2\/product\/718953","targetHints":{"allow":["GET"]}}],"collection":[{"href":"https:\/\/roveyayinevi.com.tr\/index.php\/wp-json\/wp\/v2\/product"}],"about":[{"href":"https:\/\/roveyayinevi.com.tr\/index.php\/wp-json\/wp\/v2\/types\/product"}],"wp:attachment":[{"href":"https:\/\/roveyayinevi.com.tr\/index.php\/wp-json\/wp\/v2\/media?parent=718953"}],"wp:term":[{"taxonomy":"product_brand","embeddable":true,"href":"https:\/\/roveyayinevi.com.tr\/index.php\/wp-json\/wp\/v2\/product_brand?post=718953"},{"taxonomy":"product_cat","embeddable":true,"href":"https:\/\/roveyayinevi.com.tr\/index.php\/wp-json\/wp\/v2\/product_cat?post=718953"},{"taxonomy":"product_tag","embeddable":true,"href":"https:\/\/roveyayinevi.com.tr\/index.php\/wp-json\/wp\/v2\/product_tag?post=718953"}],"curies":[{"name":"wp","href":"https:\/\/api.w.org\/{rel}","templated":true}]}}