{"id":718952,"date":"2025-08-27T18:15:47","date_gmt":"2025-08-27T15:15:47","guid":{"rendered":"https:\/\/roveyayinevi.com.tr\/index.php\/urun\/alpaka\/"},"modified":"2026-04-16T02:26:53","modified_gmt":"2026-04-15T23:26:53","slug":"alpaka","status":"publish","type":"product","link":"https:\/\/roveyayinevi.com.tr\/index.php\/urun\/alpaka\/","title":{"rendered":"Alpaka"},"content":{"rendered":"<p>\u201cLama burada m\u0131?\u201d\u201cBuraday\u0131m \u00f6\u011fretmenim.\u201d\u201cPeki ya Lama burada m\u0131?\u201d\u201cBuraday\u0131m Bayan Deve.\u201d\u201cLama?\u201d\u201cBen de buraday\u0131m.\u201d\u201cAlpaka\u2026 Alpaka burada m\u0131?\u201dK\u0131sa bir sessizlik&#8230;\u201cBuraday\u0131m \u00f6\u011fretmenim.\u201dHerkes d\u00f6n\u00fcp sesin geldi\u011fi y\u00f6ne bakt\u0131. B\u00fct\u00fcn g\u00f6zlerin kendisine d\u00f6nd\u00fc\u011f\u00fcn\u00fc fark eden Alpaka, bir anda k\u0131pk\u0131rm\u0131z\u0131 oldu. G\u00f6r\u00fcnen o ki bu sene s\u0131n\u0131ftaki tek Alpaka oydu. Ama Alpaka\u2019n\u0131n kafas\u0131n\u0131 kurcalayan as\u0131l konu ba\u015fkayd\u0131\u2026Bakal\u0131m okuldaki ilk g\u00fcn\u00fcnde Alpaka\u2019y\u0131 neler bekliyor.<\/p>\n","protected":false},"excerpt":{"rendered":"<p>\u201cLama burada m\u0131?\u201d\u201cBuraday\u0131m \u00f6\u011fretmenim.\u201d\u201cPeki ya Lama burada m\u0131?\u201d\u201cBuraday\u0131m Bayan Deve.\u201d\u201cLama?\u201d\u201cBen de buraday\u0131m.\u201d\u201cAlpaka\u2026 Alpaka burada m\u0131?\u201dK\u0131sa bir sessizlik&#8230;\u201cBuraday\u0131m \u00f6\u011fretmenim.\u201dHerkes d\u00f6n\u00fcp sesin geldi\u011fi y\u00f6ne bakt\u0131. B\u00fct\u00fcn g\u00f6zlerin kendisine<span class=\"excerpt-hellip\"> [\u2026]<\/span><\/p>\n","protected":false},"featured_media":0,"template":"","meta":{"_monsterinsights_skip_tracking":false,"_monsterinsights_sitenote_active":false,"_monsterinsights_sitenote_note":"","_monsterinsights_sitenote_category":0},"product_brand":[],"product_cat":[12274,12284],"product_tag":[],"class_list":{"0":"post-718952","1":"product","2":"type-product","3":"status-publish","5":"product_cat-cocuk-ve-genclik-kitaplari","6":"product_cat-hikayeler","7":"pa_cilt-ciltsiz","8":"pa_tur-kitap","9":"pa_yayinevi-abm-yayinevi","10":"pa_yazar-alp-gokalp","12":"first","13":"instock","14":"sale","15":"shipping-taxable","16":"purchasable","17":"product-type-simple"},"_links":{"self":[{"href":"https:\/\/roveyayinevi.com.tr\/index.php\/wp-json\/wp\/v2\/product\/718952","targetHints":{"allow":["GET"]}}],"collection":[{"href":"https:\/\/roveyayinevi.com.tr\/index.php\/wp-json\/wp\/v2\/product"}],"about":[{"href":"https:\/\/roveyayinevi.com.tr\/index.php\/wp-json\/wp\/v2\/types\/product"}],"wp:attachment":[{"href":"https:\/\/roveyayinevi.com.tr\/index.php\/wp-json\/wp\/v2\/media?parent=718952"}],"wp:term":[{"taxonomy":"product_brand","embeddable":true,"href":"https:\/\/roveyayinevi.com.tr\/index.php\/wp-json\/wp\/v2\/product_brand?post=718952"},{"taxonomy":"product_cat","embeddable":true,"href":"https:\/\/roveyayinevi.com.tr\/index.php\/wp-json\/wp\/v2\/product_cat?post=718952"},{"taxonomy":"product_tag","embeddable":true,"href":"https:\/\/roveyayinevi.com.tr\/index.php\/wp-json\/wp\/v2\/product_tag?post=718952"}],"curies":[{"name":"wp","href":"https:\/\/api.w.org\/{rel}","templated":true}]}}